{"id":4096,"date":"2020-07-12T11:01:34","date_gmt":"2020-07-12T11:01:34","guid":{"rendered":"https:\/\/zug-bilder.de\/?page_id=4096"},"modified":"2020-07-12T18:22:10","modified_gmt":"2020-07-12T18:22:10","slug":"90-81-0001-93-81-0001","status":"publish","type":"page","link":"https:\/\/zug-bilder.de\/?page_id=4096","title":{"rendered":"90 81 0001 (93 81 0001)"},"content":{"rendered":"<table style=\"width: 100%; border-collapse: collapse;\">\n<tbody>\n<tr>\n<td style=\"width: 50%; vertical-align: middle;\"><a href=\"https:\/\/zug-bilder.de\/wp-content\/uploads\/2020\/07\/1000-93-81-0001-533-9-A-\u00d6GEG_120428_T\u00f6ging_DPE20949.jpg\"><img loading=\"lazy\" decoding=\"async\" class=\"alignnone size-medium wp-image-4097\" src=\"https:\/\/zug-bilder.de\/wp-content\/uploads\/2020\/07\/1000-93-81-0001-533-9-A-\u00d6GEG_120428_T\u00f6ging_DPE20949-300x205.jpg\" alt=\"\" width=\"300\" height=\"205\" srcset=\"https:\/\/zug-bilder.de\/wp-content\/uploads\/2020\/07\/1000-93-81-0001-533-9-A-\u00d6GEG_120428_T\u00f6ging_DPE20949-300x205.jpg 300w, https:\/\/zug-bilder.de\/wp-content\/uploads\/2020\/07\/1000-93-81-0001-533-9-A-\u00d6GEG_120428_T\u00f6ging_DPE20949-768x524.jpg 768w, https:\/\/zug-bilder.de\/wp-content\/uploads\/2020\/07\/1000-93-81-0001-533-9-A-\u00d6GEG_120428_T\u00f6ging_DPE20949.jpg 1000w\" sizes=\"auto, (max-width: 300px) 100vw, 300px\" \/><\/a><\/td>\n<td style=\"width: 50%; vertical-align: middle;\"><strong>93 81 0001 533-9 A-\u00d6GEG<\/strong><br \/>\n<em>(ehem. 01 116)<\/em><br \/>\n28.04.2012<br \/>\nT\u00f6ging (Inn)<br \/>\n<em>DPE 20949<\/em><br \/>\n<em>M\u00fchldorf (Oberbay) &#8211; Wels Hbf<\/em><\/td>\n<\/tr>\n<tr>\n<td style=\"width: 50%; vertical-align: middle;\"><a href=\"https:\/\/zug-bilder.de\/wp-content\/uploads\/2020\/07\/1000-93-81-0001-533-9-A-\u00d6GEG_120429_T\u00f6ging_DLr92270.jpg\"><img loading=\"lazy\" decoding=\"async\" class=\"alignnone size-medium wp-image-4101\" src=\"https:\/\/zug-bilder.de\/wp-content\/uploads\/2020\/07\/1000-93-81-0001-533-9-A-\u00d6GEG_120429_T\u00f6ging_DLr92270-300x205.jpg\" alt=\"\" width=\"300\" height=\"205\" srcset=\"https:\/\/zug-bilder.de\/wp-content\/uploads\/2020\/07\/1000-93-81-0001-533-9-A-\u00d6GEG_120429_T\u00f6ging_DLr92270-300x205.jpg 300w, https:\/\/zug-bilder.de\/wp-content\/uploads\/2020\/07\/1000-93-81-0001-533-9-A-\u00d6GEG_120429_T\u00f6ging_DLr92270-768x524.jpg 768w, https:\/\/zug-bilder.de\/wp-content\/uploads\/2020\/07\/1000-93-81-0001-533-9-A-\u00d6GEG_120429_T\u00f6ging_DLr92270.jpg 1000w\" sizes=\"auto, (max-width: 300px) 100vw, 300px\" \/><\/a><\/td>\n<td style=\"width: 50%; vertical-align: middle;\"><strong>93 81 0001 533-9 A-\u00d6GEG<br \/>\n<\/strong><em>(ehem. 01 116)<\/em><br \/>\n29.04.2012<br \/>\nT\u00f6ging (Inn)<br \/>\n<em>DLr 92270<\/em><br \/>\n<em>M\u00fchldorf (Oberbay) &#8211; Ampflwang<\/em><strong><br \/>\n<\/strong><\/td>\n<\/tr>\n<tr>\n<td style=\"width: 50%; vertical-align: middle;\"><a href=\"https:\/\/zug-bilder.de\/wp-content\/uploads\/2020\/07\/1000-93-81-0001-533-9-A-\u00d6GEG_120429_T\u00f6ging_DLr92270_2.jpg\"><img loading=\"lazy\" decoding=\"async\" class=\"alignnone size-medium wp-image-4110\" src=\"https:\/\/zug-bilder.de\/wp-content\/uploads\/2020\/07\/1000-93-81-0001-533-9-A-\u00d6GEG_120429_T\u00f6ging_DLr92270_2-300x205.jpg\" alt=\"\" width=\"300\" height=\"205\" srcset=\"https:\/\/zug-bilder.de\/wp-content\/uploads\/2020\/07\/1000-93-81-0001-533-9-A-\u00d6GEG_120429_T\u00f6ging_DLr92270_2-300x205.jpg 300w, https:\/\/zug-bilder.de\/wp-content\/uploads\/2020\/07\/1000-93-81-0001-533-9-A-\u00d6GEG_120429_T\u00f6ging_DLr92270_2-768x524.jpg 768w, https:\/\/zug-bilder.de\/wp-content\/uploads\/2020\/07\/1000-93-81-0001-533-9-A-\u00d6GEG_120429_T\u00f6ging_DLr92270_2.jpg 1000w\" sizes=\"auto, (max-width: 300px) 100vw, 300px\" \/><\/a><\/td>\n<td style=\"width: 50%; vertical-align: middle;\"><strong>93 81 0001 533-9 A-\u00d6GEG<br \/>\n<\/strong><em>(ehem. 01 116)<\/em><br \/>\n<span style=\"display: inline !important; float: none; background-color: #ffffff; color: #333333; cursor: text; font-family: 'Noto Serif',serif; font-size: 17px; font-style: normal; font-variant: normal; font-weight: 400; letter-spacing: normal; orphans: 2; text-align: left; text-decoration: none; text-indent: 0px; text-transform: none; -webkit-text-stroke-width: 0px; white-space: normal; word-spacing: 0px;\">29.04.2012<\/span><br \/>\n<span style=\"display: inline !important; float: none; background-color: #ffffff; color: #333333; cursor: text; font-family: 'Noto Serif',serif; font-size: 17px; font-style: normal; font-variant: normal; font-weight: 400; letter-spacing: normal; orphans: 2; text-align: left; text-decoration: none; text-indent: 0px; text-transform: none; -webkit-text-stroke-width: 0px; white-space: normal; word-spacing: 0px;\">T\u00f6ging (Inn)<\/span><br \/>\n<em>DLr 92270<\/em><br \/>\n<em>M\u00fchldorf (Oberbay) &#8211; Ampflwang<\/em><\/td>\n<\/tr>\n<\/tbody>\n<\/table>\n","protected":false},"excerpt":{"rendered":"<p>93 81 0001 533-9 A-\u00d6GEG (ehem. 01 116) 28.04.2012 T\u00f6ging (Inn) DPE 20949 M\u00fchldorf (Oberbay) &#8211; Wels Hbf 93 81 0001 533-9 A-\u00d6GEG (ehem. 01 116) 29.04.2012 T\u00f6ging (Inn) DLr 92270 M\u00fchldorf (Oberbay) &#8211; Ampflwang 93 81 0001 533-9 A-\u00d6GEG (ehem. 01 116) 29.04.2012 T\u00f6ging (Inn) DLr 92270 M\u00fchldorf (Oberbay) &#8211; Ampflwang<\/p>\n","protected":false},"author":1,"featured_media":0,"parent":0,"menu_order":0,"comment_status":"closed","ping_status":"closed","template":"","meta":{"footnotes":""},"class_list":["post-4096","page","type-page","status-publish","hentry"],"_links":{"self":[{"href":"https:\/\/zug-bilder.de\/index.php?rest_route=\/wp\/v2\/pages\/4096","targetHints":{"allow":["GET"]}}],"collection":[{"href":"https:\/\/zug-bilder.de\/index.php?rest_route=\/wp\/v2\/pages"}],"about":[{"href":"https:\/\/zug-bilder.de\/index.php?rest_route=\/wp\/v2\/types\/page"}],"author":[{"embeddable":true,"href":"https:\/\/zug-bilder.de\/index.php?rest_route=\/wp\/v2\/users\/1"}],"replies":[{"embeddable":true,"href":"https:\/\/zug-bilder.de\/index.php?rest_route=%2Fwp%2Fv2%2Fcomments&post=4096"}],"version-history":[{"count":4,"href":"https:\/\/zug-bilder.de\/index.php?rest_route=\/wp\/v2\/pages\/4096\/revisions"}],"predecessor-version":[{"id":4111,"href":"https:\/\/zug-bilder.de\/index.php?rest_route=\/wp\/v2\/pages\/4096\/revisions\/4111"}],"wp:attachment":[{"href":"https:\/\/zug-bilder.de\/index.php?rest_route=%2Fwp%2Fv2%2Fmedia&parent=4096"}],"curies":[{"name":"wp","href":"https:\/\/api.w.org\/{rel}","templated":true}]}}