{"id":42,"date":"2018-05-08T18:04:31","date_gmt":"2018-05-08T18:04:31","guid":{"rendered":"http:\/\/zug-bilder.de\/?page_id=42"},"modified":"2023-12-30T14:54:30","modified_gmt":"2023-12-30T14:54:30","slug":"91-80-6103-baureihe-103","status":"publish","type":"page","link":"https:\/\/zug-bilder.de\/?page_id=42","title":{"rendered":"91 80 6103"},"content":{"rendered":"<table>\n<tbody>\n<tr>\n<td style=\"vertical-align: middle;\"><a href=\"http:\/\/zug-bilder.de\/wp-content\/uploads\/2018\/05\/1000-91-80-6103-113-7-D-DB_160716_M\u00fcnchenHbf.jpg\"><img loading=\"lazy\" decoding=\"async\" class=\"alignnone size-medium wp-image-46\" src=\"http:\/\/zug-bilder.de\/wp-content\/uploads\/2018\/05\/1000-91-80-6103-113-7-D-DB_160716_M\u00fcnchenHbf-300x205.jpg\" alt=\"\" width=\"300\" height=\"205\" srcset=\"https:\/\/zug-bilder.de\/wp-content\/uploads\/2018\/05\/1000-91-80-6103-113-7-D-DB_160716_M\u00fcnchenHbf-300x205.jpg 300w, https:\/\/zug-bilder.de\/wp-content\/uploads\/2018\/05\/1000-91-80-6103-113-7-D-DB_160716_M\u00fcnchenHbf-768x524.jpg 768w, https:\/\/zug-bilder.de\/wp-content\/uploads\/2018\/05\/1000-91-80-6103-113-7-D-DB_160716_M\u00fcnchenHbf.jpg 1000w\" sizes=\"auto, (max-width: 300px) 100vw, 300px\" \/><\/a><\/td>\n<td style=\"vertical-align: middle;\"><strong>91 80 6103 113-7 D-DB<br \/>\n<\/strong>16.07.2016<br \/>\n<span style=\"color: #333333;\"><img loading=\"lazy\" decoding=\"async\" class=\"alignnone size-full wp-image-5706\" src=\"https:\/\/zug-bilder.de\/wp-content\/uploads\/2023\/04\/Flagge_Deutschland.jpg\" alt=\"\" width=\"33\" height=\"20\" \/> <\/span>M\u00fcnchen Hbf<span style=\"color: #000000;\"><strong><br \/>\n<\/strong><\/span><\/td>\n<\/tr>\n<tr>\n<td style=\"vertical-align: middle;\"><a href=\"http:\/\/zug-bilder.de\/wp-content\/uploads\/2018\/05\/1000-91-80-6103-113-7-D-DB_160716_M\u00fcnchenHbf_2.jpg\"><img loading=\"lazy\" decoding=\"async\" class=\"alignnone size-medium wp-image-47\" src=\"http:\/\/zug-bilder.de\/wp-content\/uploads\/2018\/05\/1000-91-80-6103-113-7-D-DB_160716_M\u00fcnchenHbf_2-300x205.jpg\" alt=\"\" width=\"300\" height=\"205\" srcset=\"https:\/\/zug-bilder.de\/wp-content\/uploads\/2018\/05\/1000-91-80-6103-113-7-D-DB_160716_M\u00fcnchenHbf_2-300x205.jpg 300w, https:\/\/zug-bilder.de\/wp-content\/uploads\/2018\/05\/1000-91-80-6103-113-7-D-DB_160716_M\u00fcnchenHbf_2-768x524.jpg 768w, https:\/\/zug-bilder.de\/wp-content\/uploads\/2018\/05\/1000-91-80-6103-113-7-D-DB_160716_M\u00fcnchenHbf_2.jpg 1000w\" sizes=\"auto, (max-width: 300px) 100vw, 300px\" \/><\/a><\/td>\n<td style=\"vertical-align: middle;\"><strong><b>91 80 6103 113-7 D-DB<br \/>\n<\/b><\/strong>16.07.2016<strong><br \/>\n<\/strong><span style=\"color: #333333;\"><img loading=\"lazy\" decoding=\"async\" class=\"alignnone size-full wp-image-5706\" src=\"https:\/\/zug-bilder.de\/wp-content\/uploads\/2023\/04\/Flagge_Deutschland.jpg\" alt=\"\" width=\"33\" height=\"20\" \/> <\/span>M\u00fcnchen Hbf<span style=\"text-align: left; text-transform: none; text-indent: 0px; letter-spacing: normal; font-family: 'Libre Franklin', 'Helvetica Neue', helvetica, arial, sans-serif; font-size: 16px; font-style: normal; font-variant: normal; text-decoration: none; word-spacing: 0px; display: inline !important; white-space: normal; cursor: text; float: none; -webkit-text-stroke-width: 0px; background-color: transparent;\"><br \/>\n<\/span><\/td>\n<\/tr>\n<tr>\n<td style=\"vertical-align: middle;\"><a href=\"http:\/\/zug-bilder.de\/wp-content\/uploads\/2018\/05\/1000-91-80-6103-245-7-D-DB_171130_M\u00fcnchenHbf_IC2097.jpg\"><img loading=\"lazy\" decoding=\"async\" class=\"alignnone size-medium wp-image-48\" src=\"http:\/\/zug-bilder.de\/wp-content\/uploads\/2018\/05\/1000-91-80-6103-245-7-D-DB_171130_M\u00fcnchenHbf_IC2097-300x205.jpg\" alt=\"\" width=\"300\" height=\"205\" srcset=\"https:\/\/zug-bilder.de\/wp-content\/uploads\/2018\/05\/1000-91-80-6103-245-7-D-DB_171130_M\u00fcnchenHbf_IC2097-300x205.jpg 300w, https:\/\/zug-bilder.de\/wp-content\/uploads\/2018\/05\/1000-91-80-6103-245-7-D-DB_171130_M\u00fcnchenHbf_IC2097-768x524.jpg 768w, https:\/\/zug-bilder.de\/wp-content\/uploads\/2018\/05\/1000-91-80-6103-245-7-D-DB_171130_M\u00fcnchenHbf_IC2097.jpg 1000w\" sizes=\"auto, (max-width: 300px) 100vw, 300px\" \/><\/a><\/td>\n<td style=\"vertical-align: middle;\"><b>91 80 6103 245-7 D-DB<br \/>\n<\/b>30.11.2017<br \/>\n<span style=\"color: #333333;\"><img loading=\"lazy\" decoding=\"async\" class=\"alignnone size-full wp-image-5706\" src=\"https:\/\/zug-bilder.de\/wp-content\/uploads\/2023\/04\/Flagge_Deutschland.jpg\" alt=\"\" width=\"33\" height=\"20\" \/> <\/span>M\u00fcnchen Hbf<br \/>\n<em>IC 2097<\/em><br \/>\n<em>Ulm Hbf &#8211; M\u00fcnchen Hbf<\/em><strong><b><span style=\"display: inline !important; float: none; background-color: transparent; color: #333333; cursor: text; font-family: 'Libre Franklin','Helvetica Neue',helvetica,arial,sans-serif; font-size: 16px; font-style: normal; font-variant: normal; font-weight: 400; letter-spacing: normal; orphans: 2; text-align: left; text-decoration: none; text-indent: 0px; text-transform: none; -webkit-text-stroke-width: 0px; white-space: normal; word-spacing: 0px;\"><br \/>\n<\/span><\/b><\/strong><\/td>\n<\/tr>\n<tr>\n<td style=\"vertical-align: middle;\"><a href=\"http:\/\/zug-bilder.de\/wp-content\/uploads\/2018\/05\/1000-91-80-6103-245-7-D-DB_171130_M\u00fcnchenHbf_IC2097_2.jpg\"><img loading=\"lazy\" decoding=\"async\" class=\"alignnone size-medium wp-image-49\" src=\"http:\/\/zug-bilder.de\/wp-content\/uploads\/2018\/05\/1000-91-80-6103-245-7-D-DB_171130_M\u00fcnchenHbf_IC2097_2-300x205.jpg\" alt=\"\" width=\"300\" height=\"205\" srcset=\"https:\/\/zug-bilder.de\/wp-content\/uploads\/2018\/05\/1000-91-80-6103-245-7-D-DB_171130_M\u00fcnchenHbf_IC2097_2-300x205.jpg 300w, https:\/\/zug-bilder.de\/wp-content\/uploads\/2018\/05\/1000-91-80-6103-245-7-D-DB_171130_M\u00fcnchenHbf_IC2097_2-768x524.jpg 768w, https:\/\/zug-bilder.de\/wp-content\/uploads\/2018\/05\/1000-91-80-6103-245-7-D-DB_171130_M\u00fcnchenHbf_IC2097_2.jpg 1000w\" sizes=\"auto, (max-width: 300px) 100vw, 300px\" \/><\/a><\/td>\n<td style=\"vertical-align: middle;\"><b>91 80 6103 245-7 D-DB<br \/>\n<\/b>30.11.2017<b><br \/>\n<\/b><span style=\"color: #333333;\"><img loading=\"lazy\" decoding=\"async\" class=\"alignnone size-full wp-image-5706\" src=\"https:\/\/zug-bilder.de\/wp-content\/uploads\/2023\/04\/Flagge_Deutschland.jpg\" alt=\"\" width=\"33\" height=\"20\" \/> <\/span>M\u00fcnchen Hbf<br \/>\n<em>IC 2097<\/em><br \/>\n<em>Ulm Hbf &#8211; M\u00fcnchen Hbf<\/em><\/td>\n<\/tr>\n<\/tbody>\n<\/table>\n","protected":false},"excerpt":{"rendered":"<p>91 80 6103 113-7 D-DB 16.07.2016 M\u00fcnchen Hbf 91 80 6103 113-7 D-DB 16.07.2016 M\u00fcnchen Hbf 91 80 6103 245-7 D-DB 30.11.2017 M\u00fcnchen Hbf IC 2097 Ulm Hbf &#8211; M\u00fcnchen Hbf 91 80 6103 245-7 D-DB 30.11.2017 M\u00fcnchen Hbf IC 2097 Ulm Hbf &#8211; M\u00fcnchen Hbf<\/p>\n","protected":false},"author":1,"featured_media":0,"parent":0,"menu_order":0,"comment_status":"closed","ping_status":"closed","template":"","meta":{"footnotes":""},"class_list":["post-42","page","type-page","status-publish","hentry"],"_links":{"self":[{"href":"https:\/\/zug-bilder.de\/index.php?rest_route=\/wp\/v2\/pages\/42","targetHints":{"allow":["GET"]}}],"collection":[{"href":"https:\/\/zug-bilder.de\/index.php?rest_route=\/wp\/v2\/pages"}],"about":[{"href":"https:\/\/zug-bilder.de\/index.php?rest_route=\/wp\/v2\/types\/page"}],"author":[{"embeddable":true,"href":"https:\/\/zug-bilder.de\/index.php?rest_route=\/wp\/v2\/users\/1"}],"replies":[{"embeddable":true,"href":"https:\/\/zug-bilder.de\/index.php?rest_route=%2Fwp%2Fv2%2Fcomments&post=42"}],"version-history":[{"count":16,"href":"https:\/\/zug-bilder.de\/index.php?rest_route=\/wp\/v2\/pages\/42\/revisions"}],"predecessor-version":[{"id":5937,"href":"https:\/\/zug-bilder.de\/index.php?rest_route=\/wp\/v2\/pages\/42\/revisions\/5937"}],"wp:attachment":[{"href":"https:\/\/zug-bilder.de\/index.php?rest_route=%2Fwp%2Fv2%2Fmedia&parent=42"}],"curies":[{"name":"wp","href":"https:\/\/api.w.org\/{rel}","templated":true}]}}