{"id":4730,"date":"2021-09-18T17:57:17","date_gmt":"2021-09-18T17:57:17","guid":{"rendered":"https:\/\/zug-bilder.de\/?page_id=4730"},"modified":"2021-09-18T18:07:14","modified_gmt":"2021-09-18T18:07:14","slug":"d-dbpza-682-4","status":"publish","type":"page","link":"https:\/\/zug-bilder.de\/?page_id=4730","title":{"rendered":"D &#8211; DBpza 682.4"},"content":{"rendered":"<table style=\"border-collapse: collapse; width: 100%; height: 406px;\">\n<tbody>\n<tr style=\"height: 201px;\">\n<td style=\"width: 50%; vertical-align: middle; height: 201px;\"><a href=\"https:\/\/zug-bilder.de\/wp-content\/uploads\/2021\/09\/1000-D-DB-50-80-26-81-636-5_210818_MuenchenHbf_IC2068.jpg\"><img loading=\"lazy\" decoding=\"async\" class=\"alignnone size-medium wp-image-4734\" src=\"https:\/\/zug-bilder.de\/wp-content\/uploads\/2021\/09\/1000-D-DB-50-80-26-81-636-5_210818_MuenchenHbf_IC2068-300x205.jpg\" alt=\"\" width=\"300\" height=\"205\" srcset=\"https:\/\/zug-bilder.de\/wp-content\/uploads\/2021\/09\/1000-D-DB-50-80-26-81-636-5_210818_MuenchenHbf_IC2068-300x205.jpg 300w, https:\/\/zug-bilder.de\/wp-content\/uploads\/2021\/09\/1000-D-DB-50-80-26-81-636-5_210818_MuenchenHbf_IC2068-768x524.jpg 768w, https:\/\/zug-bilder.de\/wp-content\/uploads\/2021\/09\/1000-D-DB-50-80-26-81-636-5_210818_MuenchenHbf_IC2068.jpg 1000w\" sizes=\"auto, (max-width: 300px) 100vw, 300px\" \/><\/a><\/td>\n<td style=\"width: 50%; vertical-align: middle; height: 201px;\"><strong>D-DB 50 80 26-81 636-5<br \/>\n<\/strong>18.08.2021<br \/>\nM\u00fcnchen Hbf<br \/>\n<em>IC 2068<\/em><br \/>\n<em>M\u00fcnchen Hbf &#8211; Karlsruhe Hbf<\/em><strong><br \/>\n<\/strong><\/td>\n<\/tr>\n<tr style=\"height: 205px;\">\n<td style=\"width: 50%; vertical-align: middle; height: 205px;\"><a href=\"https:\/\/zug-bilder.de\/wp-content\/uploads\/2021\/09\/1000-D-DB-50-80-26-81-642-3_210818_MuenchenHbf_IC2068.jpg\"><img loading=\"lazy\" decoding=\"async\" class=\"alignnone size-medium wp-image-4731\" src=\"https:\/\/zug-bilder.de\/wp-content\/uploads\/2021\/09\/1000-D-DB-50-80-26-81-642-3_210818_MuenchenHbf_IC2068-300x205.jpg\" alt=\"\" width=\"300\" height=\"205\" srcset=\"https:\/\/zug-bilder.de\/wp-content\/uploads\/2021\/09\/1000-D-DB-50-80-26-81-642-3_210818_MuenchenHbf_IC2068-300x205.jpg 300w, https:\/\/zug-bilder.de\/wp-content\/uploads\/2021\/09\/1000-D-DB-50-80-26-81-642-3_210818_MuenchenHbf_IC2068-768x524.jpg 768w, https:\/\/zug-bilder.de\/wp-content\/uploads\/2021\/09\/1000-D-DB-50-80-26-81-642-3_210818_MuenchenHbf_IC2068.jpg 1000w\" sizes=\"auto, (max-width: 300px) 100vw, 300px\" \/><\/a><\/td>\n<td style=\"width: 50%; vertical-align: middle; height: 205px;\"><strong>D-DB 50 80 26-81 642-3<\/strong><br \/>\n18.08.2021<br \/>\nM\u00fcnchen Hbf<br \/>\n<em>IC 2068<\/em><br \/>\n<em>M\u00fcnchen Hbf &#8211; Karlsruhe Hbf<\/em><\/td>\n<\/tr>\n<\/tbody>\n<\/table>\n","protected":false},"excerpt":{"rendered":"<p>D-DB 50 80 26-81 636-5 18.08.2021 M\u00fcnchen Hbf IC 2068 M\u00fcnchen Hbf &#8211; Karlsruhe Hbf D-DB 50 80 26-81 642-3 18.08.2021 M\u00fcnchen Hbf IC 2068 M\u00fcnchen Hbf &#8211; Karlsruhe Hbf<\/p>\n","protected":false},"author":1,"featured_media":0,"parent":0,"menu_order":0,"comment_status":"closed","ping_status":"closed","template":"","meta":{"footnotes":""},"class_list":["post-4730","page","type-page","status-publish","hentry"],"_links":{"self":[{"href":"https:\/\/zug-bilder.de\/index.php?rest_route=\/wp\/v2\/pages\/4730","targetHints":{"allow":["GET"]}}],"collection":[{"href":"https:\/\/zug-bilder.de\/index.php?rest_route=\/wp\/v2\/pages"}],"about":[{"href":"https:\/\/zug-bilder.de\/index.php?rest_route=\/wp\/v2\/types\/page"}],"author":[{"embeddable":true,"href":"https:\/\/zug-bilder.de\/index.php?rest_route=\/wp\/v2\/users\/1"}],"replies":[{"embeddable":true,"href":"https:\/\/zug-bilder.de\/index.php?rest_route=%2Fwp%2Fv2%2Fcomments&post=4730"}],"version-history":[{"count":3,"href":"https:\/\/zug-bilder.de\/index.php?rest_route=\/wp\/v2\/pages\/4730\/revisions"}],"predecessor-version":[{"id":4736,"href":"https:\/\/zug-bilder.de\/index.php?rest_route=\/wp\/v2\/pages\/4730\/revisions\/4736"}],"wp:attachment":[{"href":"https:\/\/zug-bilder.de\/index.php?rest_route=%2Fwp%2Fv2%2Fmedia&parent=4730"}],"curies":[{"name":"wp","href":"https:\/\/api.w.org\/{rel}","templated":true}]}}