{"id":4854,"date":"2021-11-20T13:33:43","date_gmt":"2021-11-20T13:33:43","guid":{"rendered":"https:\/\/zug-bilder.de\/?page_id=4854"},"modified":"2026-04-10T12:14:59","modified_gmt":"2026-04-10T12:14:59","slug":"91-81-1293","status":"publish","type":"page","link":"https:\/\/zug-bilder.de\/?page_id=4854","title":{"rendered":"91 81 1293"},"content":{"rendered":"\n<div class=\"wp-block-columns is-layout-flex wp-container-core-columns-is-layout-9d6595d7 wp-block-columns-is-layout-flex\">\n<div class=\"wp-block-column is-layout-flow wp-block-column-is-layout-flow\">\n<figure class=\"wp-block-image size-full\"><a href=\"https:\/\/zug-bilder.de\/wp-content\/uploads\/2022\/05\/1000-91-81-1293-012-1-A-OeBB_220420_Waidbruck-Lajen.jpg\"><img loading=\"lazy\" decoding=\"async\" width=\"1000\" height=\"682\" src=\"https:\/\/zug-bilder.de\/wp-content\/uploads\/2022\/05\/1000-91-81-1293-012-1-A-OeBB_220420_Waidbruck-Lajen.jpg\" alt=\"\" class=\"wp-image-5204\" srcset=\"https:\/\/zug-bilder.de\/wp-content\/uploads\/2022\/05\/1000-91-81-1293-012-1-A-OeBB_220420_Waidbruck-Lajen.jpg 1000w, https:\/\/zug-bilder.de\/wp-content\/uploads\/2022\/05\/1000-91-81-1293-012-1-A-OeBB_220420_Waidbruck-Lajen-300x205.jpg 300w, https:\/\/zug-bilder.de\/wp-content\/uploads\/2022\/05\/1000-91-81-1293-012-1-A-OeBB_220420_Waidbruck-Lajen-768x524.jpg 768w\" sizes=\"auto, (max-width: 1000px) 100vw, 1000px\" \/><\/a><\/figure>\n<\/div>\n\n\n\n<div class=\"wp-block-column is-layout-flow wp-block-column-is-layout-flow\">\n<p class=\"has-light-gray-background-color has-background\"><strong>91 81 1293 012-1 A-\u00d6BB<br><\/strong>20.04.2022<br><img loading=\"lazy\" decoding=\"async\" width=\"30\" height=\"20\" class=\"wp-image-5709\" style=\"width: 30px;\" src=\"https:\/\/zug-bilder.de\/wp-content\/uploads\/2023\/04\/Flagge_Italien.jpg\" alt=\"\"> Waidbruck-Lajen<br>(Ponte Gardena-Laion)<\/p>\n<\/div>\n<\/div>\n\n\n\n<div class=\"wp-block-columns is-layout-flex wp-container-core-columns-is-layout-9d6595d7 wp-block-columns-is-layout-flex\">\n<div class=\"wp-block-column is-layout-flow wp-block-column-is-layout-flow\">\n<figure class=\"wp-block-image size-full\"><a href=\"https:\/\/zug-bilder.de\/wp-content\/uploads\/2025\/12\/1000-91-81-1293-023-8-A-OeBB_250612_Assling.jpg\"><img loading=\"lazy\" decoding=\"async\" width=\"1000\" height=\"667\" src=\"https:\/\/zug-bilder.de\/wp-content\/uploads\/2025\/12\/1000-91-81-1293-023-8-A-OeBB_250612_Assling.jpg\" alt=\"\" class=\"wp-image-8024\" srcset=\"https:\/\/zug-bilder.de\/wp-content\/uploads\/2025\/12\/1000-91-81-1293-023-8-A-OeBB_250612_Assling.jpg 1000w, https:\/\/zug-bilder.de\/wp-content\/uploads\/2025\/12\/1000-91-81-1293-023-8-A-OeBB_250612_Assling-300x200.jpg 300w, https:\/\/zug-bilder.de\/wp-content\/uploads\/2025\/12\/1000-91-81-1293-023-8-A-OeBB_250612_Assling-768x512.jpg 768w\" sizes=\"auto, (max-width: 1000px) 100vw, 1000px\" \/><\/a><\/figure>\n<\/div>\n\n\n\n<div class=\"wp-block-column is-layout-flow wp-block-column-is-layout-flow\">\n<p class=\"has-light-gray-background-color has-background\"><strong>91 81 1293 023-8 A-\u00d6BB<\/strong><br>12.06.2025<br><img loading=\"lazy\" decoding=\"async\" width=\"33\" height=\"20\" class=\"wp-image-5706\" style=\"width: 33px;\" src=\"https:\/\/zug-bilder.de\/wp-content\/uploads\/2023\/04\/Flagge_Deutschland.jpg\" alt=\"\"> A\u00dfling (Oberbay)<\/p>\n<\/div>\n<\/div>\n\n\n\n<div class=\"wp-block-columns is-layout-flex wp-container-core-columns-is-layout-9d6595d7 wp-block-columns-is-layout-flex\">\n<div class=\"wp-block-column is-layout-flow wp-block-column-is-layout-flow\">\n<figure class=\"wp-block-image size-full\"><a href=\"https:\/\/zug-bilder.de\/wp-content\/uploads\/2021\/11\/1000-91-81-1293-036-0-A-OeBB_210602_Assling.jpg\"><img loading=\"lazy\" decoding=\"async\" width=\"1000\" height=\"682\" src=\"https:\/\/zug-bilder.de\/wp-content\/uploads\/2021\/11\/1000-91-81-1293-036-0-A-OeBB_210602_Assling.jpg\" alt=\"\" class=\"wp-image-4855\" srcset=\"https:\/\/zug-bilder.de\/wp-content\/uploads\/2021\/11\/1000-91-81-1293-036-0-A-OeBB_210602_Assling.jpg 1000w, https:\/\/zug-bilder.de\/wp-content\/uploads\/2021\/11\/1000-91-81-1293-036-0-A-OeBB_210602_Assling-300x205.jpg 300w, https:\/\/zug-bilder.de\/wp-content\/uploads\/2021\/11\/1000-91-81-1293-036-0-A-OeBB_210602_Assling-768x524.jpg 768w\" sizes=\"auto, (max-width: 1000px) 100vw, 1000px\" \/><\/a><\/figure>\n<\/div>\n\n\n\n<div class=\"wp-block-column is-layout-flow wp-block-column-is-layout-flow\">\n<p class=\"has-light-gray-background-color has-background\"><strong>91 81 1293 036-0 A-\u00d6BB<\/strong><br>02.06.2021<br><img loading=\"lazy\" decoding=\"async\" width=\"33\" height=\"20\" class=\"wp-image-5706\" style=\"width: 33px;\" src=\"https:\/\/zug-bilder.de\/wp-content\/uploads\/2023\/04\/Flagge_Deutschland.jpg\" alt=\"\"> A\u00dfling (Oberbay)<\/p>\n<\/div>\n<\/div>\n\n\n\n<div class=\"wp-block-columns is-layout-flex wp-container-core-columns-is-layout-9d6595d7 wp-block-columns-is-layout-flex\">\n<div class=\"wp-block-column is-layout-flow wp-block-column-is-layout-flow\">\n<figure class=\"wp-block-image size-full\"><a href=\"https:\/\/zug-bilder.de\/wp-content\/uploads\/2024\/10\/1000-91-81-1293-048-5-A-OeBB_241012_MuenchenHbf_RJ1280.jpg\"><img loading=\"lazy\" decoding=\"async\" width=\"1000\" height=\"667\" src=\"https:\/\/zug-bilder.de\/wp-content\/uploads\/2024\/10\/1000-91-81-1293-048-5-A-OeBB_241012_MuenchenHbf_RJ1280.jpg\" alt=\"\" class=\"wp-image-7052\" srcset=\"https:\/\/zug-bilder.de\/wp-content\/uploads\/2024\/10\/1000-91-81-1293-048-5-A-OeBB_241012_MuenchenHbf_RJ1280.jpg 1000w, https:\/\/zug-bilder.de\/wp-content\/uploads\/2024\/10\/1000-91-81-1293-048-5-A-OeBB_241012_MuenchenHbf_RJ1280-300x200.jpg 300w, https:\/\/zug-bilder.de\/wp-content\/uploads\/2024\/10\/1000-91-81-1293-048-5-A-OeBB_241012_MuenchenHbf_RJ1280-768x512.jpg 768w\" sizes=\"auto, (max-width: 1000px) 100vw, 1000px\" \/><\/a><\/figure>\n<\/div>\n\n\n\n<div class=\"wp-block-column is-layout-flow wp-block-column-is-layout-flow\">\n<p class=\"has-light-gray-background-color has-background\"><strong>91 81 1293 048-5 A-\u00d6BB<\/strong><br>12.10.2024<br><img loading=\"lazy\" decoding=\"async\" width=\"33\" height=\"20\" class=\"wp-image-5706\" style=\"width: 33px;\" src=\"https:\/\/zug-bilder.de\/wp-content\/uploads\/2023\/04\/Flagge_Deutschland.jpg\" alt=\"\"> M\u00fcnchen Hbf<br><em>RJ 1280<br>Venezia Santa Lucia &#8211; M\u00fcnchen Hbf<\/em><\/p>\n<\/div>\n<\/div>\n\n\n\n<div class=\"wp-block-columns is-layout-flex wp-container-core-columns-is-layout-9d6595d7 wp-block-columns-is-layout-flex\">\n<div class=\"wp-block-column is-layout-flow wp-block-column-is-layout-flow\">\n<figure class=\"wp-block-image size-full\"><a href=\"https:\/\/zug-bilder.de\/wp-content\/uploads\/2025\/12\/1000-91-81-1293-048-5-A-OeBB_250806_MuenchenHeimeranplatz_RJ87.jpg\"><img loading=\"lazy\" decoding=\"async\" width=\"1000\" height=\"667\" src=\"https:\/\/zug-bilder.de\/wp-content\/uploads\/2025\/12\/1000-91-81-1293-048-5-A-OeBB_250806_MuenchenHeimeranplatz_RJ87.jpg\" alt=\"\" class=\"wp-image-7890\" srcset=\"https:\/\/zug-bilder.de\/wp-content\/uploads\/2025\/12\/1000-91-81-1293-048-5-A-OeBB_250806_MuenchenHeimeranplatz_RJ87.jpg 1000w, https:\/\/zug-bilder.de\/wp-content\/uploads\/2025\/12\/1000-91-81-1293-048-5-A-OeBB_250806_MuenchenHeimeranplatz_RJ87-300x200.jpg 300w, https:\/\/zug-bilder.de\/wp-content\/uploads\/2025\/12\/1000-91-81-1293-048-5-A-OeBB_250806_MuenchenHeimeranplatz_RJ87-768x512.jpg 768w\" sizes=\"auto, (max-width: 1000px) 100vw, 1000px\" \/><\/a><\/figure>\n<\/div>\n\n\n\n<div class=\"wp-block-column is-layout-flow wp-block-column-is-layout-flow\">\n<p class=\"has-light-gray-background-color has-background\"><strong>91 81 1293 048-5 A-\u00d6BB<\/strong><br>06.08.2025<br><img loading=\"lazy\" decoding=\"async\" width=\"33\" height=\"20\" class=\"wp-image-5706\" style=\"width: 33px;\" src=\"https:\/\/zug-bilder.de\/wp-content\/uploads\/2023\/04\/Flagge_Deutschland.jpg\" alt=\"\"> M\u00fcnchen Heimeranplatz<br>RJ 87<br>M\u00fcnchen Hbf &#8211; Bologna Centrale<\/p>\n<\/div>\n<\/div>\n\n\n\n<div class=\"wp-block-columns is-layout-flex wp-container-core-columns-is-layout-9d6595d7 wp-block-columns-is-layout-flex\">\n<div class=\"wp-block-column is-layout-flow wp-block-column-is-layout-flow\"><\/div>\n\n\n\n<div class=\"wp-block-column is-layout-flow wp-block-column-is-layout-flow\">\n<p class=\"has-text-align-center has-light-pink-background-color has-background\"><strong><a href=\"https:\/\/zug-bilder.de\/wp-content\/uploads\/2026\/01\/87_2025.jpg\">Fahrplan<\/a><\/strong><\/p>\n<\/div>\n<\/div>\n\n\n\n<div class=\"wp-block-columns is-layout-flex wp-container-core-columns-is-layout-9d6595d7 wp-block-columns-is-layout-flex\">\n<div class=\"wp-block-column is-layout-flow wp-block-column-is-layout-flow\">\n<figure class=\"wp-block-image size-full\"><a href=\"https:\/\/zug-bilder.de\/wp-content\/uploads\/2025\/12\/1000-91-81-1293-049-3-A-OeBB_250612_Assling_RJ83.jpg\"><img loading=\"lazy\" decoding=\"async\" width=\"1000\" height=\"667\" src=\"https:\/\/zug-bilder.de\/wp-content\/uploads\/2025\/12\/1000-91-81-1293-049-3-A-OeBB_250612_Assling_RJ83.jpg\" alt=\"\" class=\"wp-image-8027\" srcset=\"https:\/\/zug-bilder.de\/wp-content\/uploads\/2025\/12\/1000-91-81-1293-049-3-A-OeBB_250612_Assling_RJ83.jpg 1000w, https:\/\/zug-bilder.de\/wp-content\/uploads\/2025\/12\/1000-91-81-1293-049-3-A-OeBB_250612_Assling_RJ83-300x200.jpg 300w, https:\/\/zug-bilder.de\/wp-content\/uploads\/2025\/12\/1000-91-81-1293-049-3-A-OeBB_250612_Assling_RJ83-768x512.jpg 768w\" sizes=\"auto, (max-width: 1000px) 100vw, 1000px\" \/><\/a><\/figure>\n<\/div>\n\n\n\n<div class=\"wp-block-column is-layout-flow wp-block-column-is-layout-flow\">\n<p class=\"has-light-gray-background-color has-background\"><strong>91 81 1293 049-3 A-\u00d6BB<\/strong><br>12.06.2025<br><img loading=\"lazy\" decoding=\"async\" width=\"33\" height=\"20\" class=\"wp-image-5706\" style=\"width: 33px;\" src=\"https:\/\/zug-bilder.de\/wp-content\/uploads\/2023\/04\/Flagge_Deutschland.jpg\" alt=\"\"> A\u00dfling (Oberbay)<br><em>RJ 83<br>M\u00fcnchen Hbf &#8211; Ancona<\/em><\/p>\n<\/div>\n<\/div>\n\n\n\n<div class=\"wp-block-columns is-layout-flex wp-container-core-columns-is-layout-9d6595d7 wp-block-columns-is-layout-flex\">\n<div class=\"wp-block-column is-layout-flow wp-block-column-is-layout-flow\"><\/div>\n\n\n\n<div class=\"wp-block-column is-layout-flow wp-block-column-is-layout-flow\">\n<p class=\"has-text-align-center has-light-pink-background-color has-background\"><strong><a href=\"https:\/\/zug-bilder.de\/wp-content\/uploads\/2026\/01\/83_2025.jpg\">Fahrplan<\/a><\/strong><\/p>\n<\/div>\n<\/div>\n\n\n\n<div class=\"wp-block-columns is-layout-flex wp-container-core-columns-is-layout-9d6595d7 wp-block-columns-is-layout-flex\">\n<div class=\"wp-block-column is-layout-flow wp-block-column-is-layout-flow\">\n<figure class=\"wp-block-image size-full\"><a href=\"https:\/\/zug-bilder.de\/wp-content\/uploads\/2025\/12\/1000-91-81-1293-050-1-A-OeBB_250612_Assling_RJ87.jpg\"><img loading=\"lazy\" decoding=\"async\" width=\"1000\" height=\"667\" src=\"https:\/\/zug-bilder.de\/wp-content\/uploads\/2025\/12\/1000-91-81-1293-050-1-A-OeBB_250612_Assling_RJ87.jpg\" alt=\"\" class=\"wp-image-7983\" srcset=\"https:\/\/zug-bilder.de\/wp-content\/uploads\/2025\/12\/1000-91-81-1293-050-1-A-OeBB_250612_Assling_RJ87.jpg 1000w, https:\/\/zug-bilder.de\/wp-content\/uploads\/2025\/12\/1000-91-81-1293-050-1-A-OeBB_250612_Assling_RJ87-300x200.jpg 300w, https:\/\/zug-bilder.de\/wp-content\/uploads\/2025\/12\/1000-91-81-1293-050-1-A-OeBB_250612_Assling_RJ87-768x512.jpg 768w\" sizes=\"auto, (max-width: 1000px) 100vw, 1000px\" \/><\/a><\/figure>\n<\/div>\n\n\n\n<div class=\"wp-block-column is-layout-flow wp-block-column-is-layout-flow\">\n<p class=\"has-light-gray-background-color has-background\"><strong>91 81 1293 050-1 A-\u00d6BB<\/strong><br>12.06.2025<br><img loading=\"lazy\" decoding=\"async\" width=\"33\" height=\"20\" class=\"wp-image-5706\" style=\"width: 33px;\" src=\"https:\/\/zug-bilder.de\/wp-content\/uploads\/2023\/04\/Flagge_Deutschland.jpg\" alt=\"\"> A\u00dfling (Oberbay)<br><em>RJ 87<br>M\u00fcnchen Hbf &#8211; Bologna Centrale<\/em><\/p>\n<\/div>\n<\/div>\n\n\n\n<div class=\"wp-block-columns is-layout-flex wp-container-core-columns-is-layout-9d6595d7 wp-block-columns-is-layout-flex\">\n<div class=\"wp-block-column is-layout-flow wp-block-column-is-layout-flow\"><\/div>\n\n\n\n<div class=\"wp-block-column is-layout-flow wp-block-column-is-layout-flow\">\n<p class=\"has-text-align-center has-light-pink-background-color has-background\"><strong><a href=\"https:\/\/zug-bilder.de\/wp-content\/uploads\/2026\/01\/87_2025.jpg\">Fahrplan<\/a><\/strong><\/p>\n<\/div>\n<\/div>\n\n\n\n<div class=\"wp-block-columns is-layout-flex wp-container-core-columns-is-layout-9d6595d7 wp-block-columns-is-layout-flex\">\n<div class=\"wp-block-column is-layout-flow wp-block-column-is-layout-flow\">\n<figure class=\"wp-block-image size-full\"><a href=\"https:\/\/zug-bilder.de\/wp-content\/uploads\/2026\/04\/1000-91-81-1293-077-4-A-OeBB_260408_Assling.jpg\"><img loading=\"lazy\" decoding=\"async\" width=\"1000\" height=\"667\" src=\"https:\/\/zug-bilder.de\/wp-content\/uploads\/2026\/04\/1000-91-81-1293-077-4-A-OeBB_260408_Assling.jpg\" alt=\"\" class=\"wp-image-8243\" srcset=\"https:\/\/zug-bilder.de\/wp-content\/uploads\/2026\/04\/1000-91-81-1293-077-4-A-OeBB_260408_Assling.jpg 1000w, https:\/\/zug-bilder.de\/wp-content\/uploads\/2026\/04\/1000-91-81-1293-077-4-A-OeBB_260408_Assling-300x200.jpg 300w, https:\/\/zug-bilder.de\/wp-content\/uploads\/2026\/04\/1000-91-81-1293-077-4-A-OeBB_260408_Assling-768x512.jpg 768w\" sizes=\"auto, (max-width: 1000px) 100vw, 1000px\" \/><\/a><\/figure>\n<\/div>\n\n\n\n<div class=\"wp-block-column is-layout-flow wp-block-column-is-layout-flow\">\n<p class=\"has-light-gray-background-color has-background\"><strong>91 81 1293 077-4 A-\u00d6BB<\/strong><br>08.04.2026<br><img loading=\"lazy\" decoding=\"async\" width=\"33\" height=\"20\" class=\"wp-image-5706\" style=\"width: 33px;\" src=\"https:\/\/zug-bilder.de\/wp-content\/uploads\/2023\/04\/Flagge_Deutschland.jpg\" alt=\"\"> A\u00dfling (Oberbay)<\/p>\n<\/div>\n<\/div>\n\n\n\n<div class=\"wp-block-columns is-layout-flex wp-container-core-columns-is-layout-9d6595d7 wp-block-columns-is-layout-flex\">\n<div class=\"wp-block-column is-layout-flow wp-block-column-is-layout-flow\">\n<figure class=\"wp-block-image size-full\"><a href=\"https:\/\/zug-bilder.de\/wp-content\/uploads\/2025\/08\/1000-91-81-1293-081-6-A-OeBB_250612_Assling.jpg\"><img loading=\"lazy\" decoding=\"async\" width=\"1000\" height=\"667\" src=\"https:\/\/zug-bilder.de\/wp-content\/uploads\/2025\/08\/1000-91-81-1293-081-6-A-OeBB_250612_Assling.jpg\" alt=\"\" class=\"wp-image-7834\" srcset=\"https:\/\/zug-bilder.de\/wp-content\/uploads\/2025\/08\/1000-91-81-1293-081-6-A-OeBB_250612_Assling.jpg 1000w, https:\/\/zug-bilder.de\/wp-content\/uploads\/2025\/08\/1000-91-81-1293-081-6-A-OeBB_250612_Assling-300x200.jpg 300w, https:\/\/zug-bilder.de\/wp-content\/uploads\/2025\/08\/1000-91-81-1293-081-6-A-OeBB_250612_Assling-768x512.jpg 768w\" sizes=\"auto, (max-width: 1000px) 100vw, 1000px\" \/><\/a><\/figure>\n<\/div>\n\n\n\n<div class=\"wp-block-column is-layout-flow wp-block-column-is-layout-flow\">\n<p class=\"has-light-gray-background-color has-background\"><strong>91 81 1293 081-6 A-\u00d6BB<\/strong><br>12.06.2025<br><img loading=\"lazy\" decoding=\"async\" width=\"33\" height=\"20\" class=\"wp-image-5706\" style=\"width: 33px;\" src=\"https:\/\/zug-bilder.de\/wp-content\/uploads\/2023\/04\/Flagge_Deutschland.jpg\" alt=\"\"> A\u00dfling (Oberbay)<\/p>\n<\/div>\n<\/div>\n","protected":false},"excerpt":{"rendered":"<p>91 81 1293 012-1 A-\u00d6BB20.04.2022 Waidbruck-Lajen(Ponte Gardena-Laion) 91 81 1293 023-8 A-\u00d6BB12.06.2025 A\u00dfling (Oberbay) 91 81 1293 036-0 A-\u00d6BB02.06.2021 A\u00dfling (Oberbay) 91 81 1293 048-5 A-\u00d6BB12.10.2024 M\u00fcnchen HbfRJ 1280Venezia Santa Lucia &#8211; M\u00fcnchen Hbf 91 81 1293 048-5 A-\u00d6BB06.08.2025 M\u00fcnchen HeimeranplatzRJ 87M\u00fcnchen Hbf &#8211; Bologna Centrale Fahrplan 91 81 1293 049-3 A-\u00d6BB12.06.2025 A\u00dfling (Oberbay)RJ 83M\u00fcnchen &hellip; <a href=\"https:\/\/zug-bilder.de\/?page_id=4854\" class=\"more-link\"><span class=\"screen-reader-text\">91 81 1293<\/span> weiterlesen<\/a><\/p>\n","protected":false},"author":1,"featured_media":0,"parent":0,"menu_order":0,"comment_status":"closed","ping_status":"closed","template":"","meta":{"footnotes":""},"class_list":["post-4854","page","type-page","status-publish","hentry"],"_links":{"self":[{"href":"https:\/\/zug-bilder.de\/index.php?rest_route=\/wp\/v2\/pages\/4854","targetHints":{"allow":["GET"]}}],"collection":[{"href":"https:\/\/zug-bilder.de\/index.php?rest_route=\/wp\/v2\/pages"}],"about":[{"href":"https:\/\/zug-bilder.de\/index.php?rest_route=\/wp\/v2\/types\/page"}],"author":[{"embeddable":true,"href":"https:\/\/zug-bilder.de\/index.php?rest_route=\/wp\/v2\/users\/1"}],"replies":[{"embeddable":true,"href":"https:\/\/zug-bilder.de\/index.php?rest_route=%2Fwp%2Fv2%2Fcomments&post=4854"}],"version-history":[{"count":16,"href":"https:\/\/zug-bilder.de\/index.php?rest_route=\/wp\/v2\/pages\/4854\/revisions"}],"predecessor-version":[{"id":8245,"href":"https:\/\/zug-bilder.de\/index.php?rest_route=\/wp\/v2\/pages\/4854\/revisions\/8245"}],"wp:attachment":[{"href":"https:\/\/zug-bilder.de\/index.php?rest_route=%2Fwp%2Fv2%2Fmedia&parent=4854"}],"curies":[{"name":"wp","href":"https:\/\/api.w.org\/{rel}","templated":true}]}}