{"id":4958,"date":"2021-12-25T15:45:15","date_gmt":"2021-12-25T15:45:15","guid":{"rendered":"https:\/\/zug-bilder.de\/?page_id=4958"},"modified":"2021-12-25T16:12:03","modified_gmt":"2021-12-25T16:12:03","slug":"95-80-0622","status":"publish","type":"page","link":"https:\/\/zug-bilder.de\/?page_id=4958","title":{"rendered":"95 80 0622"},"content":{"rendered":"<table style=\"border-collapse: collapse; width: 100%;\">\n<tbody>\n<tr>\n<td style=\"width: 50%; vertical-align: middle;\"><a href=\"https:\/\/zug-bilder.de\/wp-content\/uploads\/2021\/12\/1000-95-80-0622-991-7-D-BOBY_211102_MuenchenHbf_RB86924.jpg\"><img loading=\"lazy\" decoding=\"async\" class=\"alignnone size-medium wp-image-4970\" src=\"https:\/\/zug-bilder.de\/wp-content\/uploads\/2021\/12\/1000-95-80-0622-991-7-D-BOBY_211102_MuenchenHbf_RB86924-300x205.jpg\" alt=\"\" width=\"300\" height=\"205\" srcset=\"https:\/\/zug-bilder.de\/wp-content\/uploads\/2021\/12\/1000-95-80-0622-991-7-D-BOBY_211102_MuenchenHbf_RB86924-300x205.jpg 300w, https:\/\/zug-bilder.de\/wp-content\/uploads\/2021\/12\/1000-95-80-0622-991-7-D-BOBY_211102_MuenchenHbf_RB86924-768x524.jpg 768w, https:\/\/zug-bilder.de\/wp-content\/uploads\/2021\/12\/1000-95-80-0622-991-7-D-BOBY_211102_MuenchenHbf_RB86924.jpg 1000w\" sizes=\"auto, (max-width: 300px) 100vw, 300px\" \/><\/a><\/td>\n<td style=\"width: 50%; vertical-align: middle;\">95 80 0622 491-8 D-BOBY<br \/>\n<strong>95 80 0622 991-7 D-BOBY<\/strong><br \/>\n02.11.2021<br \/>\nM\u00fcnchen Hbf<br \/>\n<em><img loading=\"lazy\" decoding=\"async\" class=\"alignnone wp-image-4966\" src=\"https:\/\/zug-bilder.de\/wp-content\/uploads\/2021\/12\/RB57.jpg\" alt=\"\" width=\"63\" height=\"20\" \/> RB 86924<\/em><br \/>\n<em>Tegernsee &#8211; M\u00fcnchen Hbf<br \/>\n<\/em><img loading=\"lazy\" decoding=\"async\" class=\"alignnone wp-image-1964\" src=\"https:\/\/zug-bilder.de\/wp-content\/uploads\/2019\/08\/Kurswagen.jpg\" alt=\"\" width=\"34\" height=\"20\" \/> <span style=\"font-size: 8pt;\">ab Schaftlach<\/span><br \/>\n<span style=\"font-size: 8pt;\"><img loading=\"lazy\" decoding=\"async\" class=\"alignnone wp-image-4965\" src=\"https:\/\/zug-bilder.de\/wp-content\/uploads\/2021\/12\/RB56.jpg\" alt=\"\" width=\"61\" height=\"21\" \/> <em>RB 86824<\/em><\/span><br \/>\n<em><span style=\"font-size: 8pt;\">Lenggries &#8211; M\u00fcnchen Hbf<\/span><\/em><br \/>\n<span style=\"font-size: 8pt;\"><img loading=\"lazy\" decoding=\"async\" class=\"alignnone wp-image-1964\" src=\"https:\/\/zug-bilder.de\/wp-content\/uploads\/2019\/08\/Kurswagen.jpg\" alt=\"\" width=\"34\" height=\"20\" \/> ab Holzkirchen<\/span><br \/>\n<span style=\"font-size: 8pt;\"><img loading=\"lazy\" decoding=\"async\" class=\"alignnone wp-image-4960\" src=\"https:\/\/zug-bilder.de\/wp-content\/uploads\/2021\/12\/RB55.jpg\" alt=\"\" width=\"62\" height=\"20\" \/> <em>RB 77324<\/em><\/span><br \/>\n<em><span style=\"font-size: 8pt;\">Schliersee &#8211; M\u00fcnchen Hbf<\/span><\/em><\/td>\n<\/tr>\n<tr>\n<td style=\"width: 50%; vertical-align: middle;\"><a href=\"https:\/\/zug-bilder.de\/wp-content\/uploads\/2021\/12\/1000-95-80-0622-495-9-D-BOBY_211102_MuenchenHbf_RB77324.jpg\"><img loading=\"lazy\" decoding=\"async\" class=\"alignnone size-medium wp-image-4959\" src=\"https:\/\/zug-bilder.de\/wp-content\/uploads\/2021\/12\/1000-95-80-0622-495-9-D-BOBY_211102_MuenchenHbf_RB77324-300x205.jpg\" alt=\"\" width=\"300\" height=\"205\" srcset=\"https:\/\/zug-bilder.de\/wp-content\/uploads\/2021\/12\/1000-95-80-0622-495-9-D-BOBY_211102_MuenchenHbf_RB77324-300x205.jpg 300w, https:\/\/zug-bilder.de\/wp-content\/uploads\/2021\/12\/1000-95-80-0622-495-9-D-BOBY_211102_MuenchenHbf_RB77324-768x524.jpg 768w, https:\/\/zug-bilder.de\/wp-content\/uploads\/2021\/12\/1000-95-80-0622-495-9-D-BOBY_211102_MuenchenHbf_RB77324.jpg 1000w\" sizes=\"auto, (max-width: 300px) 100vw, 300px\" \/><\/a><\/td>\n<td style=\"width: 50%; vertical-align: middle;\"><strong>95 80 0622 495-9 D-BOBY<br \/>\n<\/strong>95 80 0622 995-8 D-BOBY<br \/>\n02.11.2021<br \/>\nM\u00fcnchen Hbf<br \/>\n<em><img loading=\"lazy\" decoding=\"async\" class=\"alignnone wp-image-4960\" src=\"https:\/\/zug-bilder.de\/wp-content\/uploads\/2021\/12\/RB55.jpg\" alt=\"\" width=\"62\" height=\"20\" \/>\u00a0RB 77324<\/em><br \/>\n<em>Schliersee &#8211; M\u00fcnchen Hbf<br \/>\n<\/em><img loading=\"lazy\" decoding=\"async\" class=\"alignnone wp-image-1964\" src=\"https:\/\/zug-bilder.de\/wp-content\/uploads\/2019\/08\/Kurswagen.jpg\" alt=\"\" width=\"34\" height=\"20\" \/> <span style=\"font-size: 8pt;\">ab Holzkirchen<\/span><br \/>\n<span style=\"font-size: 8pt;\"><img loading=\"lazy\" decoding=\"async\" class=\"alignnone wp-image-4965\" src=\"https:\/\/zug-bilder.de\/wp-content\/uploads\/2021\/12\/RB56.jpg\" alt=\"\" width=\"61\" height=\"21\" \/> <em>RB 86824<\/em><\/span><br \/>\n<em><span style=\"font-size: 8pt;\">Lenggries &#8211; M\u00fcnchen Hbf<\/span><\/em><br \/>\n<span style=\"font-size: 8pt;\"><img loading=\"lazy\" decoding=\"async\" class=\"alignnone wp-image-1964\" src=\"https:\/\/zug-bilder.de\/wp-content\/uploads\/2019\/08\/Kurswagen.jpg\" alt=\"\" width=\"34\" height=\"20\" \/> ab Holzkirchen<\/span><br \/>\n<span style=\"font-size: 8pt;\"><img loading=\"lazy\" decoding=\"async\" class=\"alignnone wp-image-4966\" src=\"https:\/\/zug-bilder.de\/wp-content\/uploads\/2021\/12\/RB57.jpg\" alt=\"\" width=\"63\" height=\"20\" \/> <em>RB 86924<\/em><\/span><br \/>\n<em><span style=\"font-size: 8pt;\">Tegernsee &#8211; M\u00fcnchen Hbf<\/span><\/em><\/td>\n<\/tr>\n<\/tbody>\n<\/table>\n","protected":false},"excerpt":{"rendered":"<p>95 80 0622 491-8 D-BOBY 95 80 0622 991-7 D-BOBY 02.11.2021 M\u00fcnchen Hbf RB 86924 Tegernsee &#8211; M\u00fcnchen Hbf ab Schaftlach RB 86824 Lenggries &#8211; M\u00fcnchen Hbf ab Holzkirchen RB 77324 Schliersee &#8211; M\u00fcnchen Hbf 95 80 0622 495-9 D-BOBY 95 80 0622 995-8 D-BOBY 02.11.2021 M\u00fcnchen Hbf \u00a0RB 77324 Schliersee &#8211; M\u00fcnchen Hbf ab &hellip; <a href=\"https:\/\/zug-bilder.de\/?page_id=4958\" class=\"more-link\"><span class=\"screen-reader-text\">95 80 0622<\/span> weiterlesen<\/a><\/p>\n","protected":false},"author":1,"featured_media":0,"parent":0,"menu_order":0,"comment_status":"closed","ping_status":"closed","template":"","meta":{"footnotes":""},"class_list":["post-4958","page","type-page","status-publish","hentry"],"_links":{"self":[{"href":"https:\/\/zug-bilder.de\/index.php?rest_route=\/wp\/v2\/pages\/4958","targetHints":{"allow":["GET"]}}],"collection":[{"href":"https:\/\/zug-bilder.de\/index.php?rest_route=\/wp\/v2\/pages"}],"about":[{"href":"https:\/\/zug-bilder.de\/index.php?rest_route=\/wp\/v2\/types\/page"}],"author":[{"embeddable":true,"href":"https:\/\/zug-bilder.de\/index.php?rest_route=\/wp\/v2\/users\/1"}],"replies":[{"embeddable":true,"href":"https:\/\/zug-bilder.de\/index.php?rest_route=%2Fwp%2Fv2%2Fcomments&post=4958"}],"version-history":[{"count":7,"href":"https:\/\/zug-bilder.de\/index.php?rest_route=\/wp\/v2\/pages\/4958\/revisions"}],"predecessor-version":[{"id":4971,"href":"https:\/\/zug-bilder.de\/index.php?rest_route=\/wp\/v2\/pages\/4958\/revisions\/4971"}],"wp:attachment":[{"href":"https:\/\/zug-bilder.de\/index.php?rest_route=%2Fwp%2Fv2%2Fmedia&parent=4958"}],"curies":[{"name":"wp","href":"https:\/\/api.w.org\/{rel}","templated":true}]}}