{"id":5506,"date":"2022-12-28T12:57:15","date_gmt":"2022-12-28T12:57:15","guid":{"rendered":"https:\/\/zug-bilder.de\/?page_id=5506"},"modified":"2022-12-28T12:57:15","modified_gmt":"2022-12-28T12:57:15","slug":"d-bpmz-294-3","status":"publish","type":"page","link":"https:\/\/zug-bilder.de\/?page_id=5506","title":{"rendered":"D &#8211; Bpmz 294.3"},"content":{"rendered":"<table style=\"border-collapse: collapse; width: 100%;\">\n<tbody>\n<tr>\n<td style=\"width: 50%; vertical-align: middle;\"><a href=\"https:\/\/zug-bilder.de\/wp-content\/uploads\/2022\/12\/1000-D-DB-61-80-20-91-344-7_140614_Muehldorf_RB27078.jpg\"><img loading=\"lazy\" decoding=\"async\" class=\"alignnone size-medium wp-image-5507\" src=\"https:\/\/zug-bilder.de\/wp-content\/uploads\/2022\/12\/1000-D-DB-61-80-20-91-344-7_140614_Muehldorf_RB27078-300x205.jpg\" alt=\"\" width=\"300\" height=\"205\" srcset=\"https:\/\/zug-bilder.de\/wp-content\/uploads\/2022\/12\/1000-D-DB-61-80-20-91-344-7_140614_Muehldorf_RB27078-300x205.jpg 300w, https:\/\/zug-bilder.de\/wp-content\/uploads\/2022\/12\/1000-D-DB-61-80-20-91-344-7_140614_Muehldorf_RB27078-768x524.jpg 768w, https:\/\/zug-bilder.de\/wp-content\/uploads\/2022\/12\/1000-D-DB-61-80-20-91-344-7_140614_Muehldorf_RB27078.jpg 1000w\" sizes=\"auto, (max-width: 300px) 100vw, 300px\" \/><\/a><\/td>\n<td style=\"width: 50%; vertical-align: middle;\"><strong>D-DB 61 80 20-91 344-7<\/strong><br \/>\n14.06.2014<br \/>\nM\u00fchldorf (Oberbay)<br \/>\n<em>RB 27078<\/em><br \/>\n<em>M\u00fchldorf (Oberbay) &#8211;<\/em><br \/>\n<em>M\u00fcnchen Hbf<\/em><\/td>\n<\/tr>\n<\/tbody>\n<\/table>\n","protected":false},"excerpt":{"rendered":"<p>D-DB 61 80 20-91 344-7 14.06.2014 M\u00fchldorf (Oberbay) RB 27078 M\u00fchldorf (Oberbay) &#8211; M\u00fcnchen Hbf<\/p>\n","protected":false},"author":1,"featured_media":0,"parent":0,"menu_order":0,"comment_status":"closed","ping_status":"closed","template":"","meta":{"footnotes":""},"class_list":["post-5506","page","type-page","status-publish","hentry"],"_links":{"self":[{"href":"https:\/\/zug-bilder.de\/index.php?rest_route=\/wp\/v2\/pages\/5506","targetHints":{"allow":["GET"]}}],"collection":[{"href":"https:\/\/zug-bilder.de\/index.php?rest_route=\/wp\/v2\/pages"}],"about":[{"href":"https:\/\/zug-bilder.de\/index.php?rest_route=\/wp\/v2\/types\/page"}],"author":[{"embeddable":true,"href":"https:\/\/zug-bilder.de\/index.php?rest_route=\/wp\/v2\/users\/1"}],"replies":[{"embeddable":true,"href":"https:\/\/zug-bilder.de\/index.php?rest_route=%2Fwp%2Fv2%2Fcomments&post=5506"}],"version-history":[{"count":1,"href":"https:\/\/zug-bilder.de\/index.php?rest_route=\/wp\/v2\/pages\/5506\/revisions"}],"predecessor-version":[{"id":5508,"href":"https:\/\/zug-bilder.de\/index.php?rest_route=\/wp\/v2\/pages\/5506\/revisions\/5508"}],"wp:attachment":[{"href":"https:\/\/zug-bilder.de\/index.php?rest_route=%2Fwp%2Fv2%2Fmedia&parent=5506"}],"curies":[{"name":"wp","href":"https:\/\/api.w.org\/{rel}","templated":true}]}}