{"id":5581,"date":"2023-02-07T15:45:19","date_gmt":"2023-02-07T15:45:19","guid":{"rendered":"https:\/\/zug-bilder.de\/?page_id=5581"},"modified":"2023-02-07T15:45:19","modified_gmt":"2023-02-07T15:45:19","slug":"d-bimdz-268-4","status":"publish","type":"page","link":"https:\/\/zug-bilder.de\/?page_id=5581","title":{"rendered":"D &#8211; Bimdz 268.4"},"content":{"rendered":"<table style=\"border-collapse: collapse; width: 100%;\">\n<tbody>\n<tr>\n<td style=\"width: 50%; vertical-align: middle;\"><a href=\"https:\/\/zug-bilder.de\/wp-content\/uploads\/2023\/02\/1000-D-DB-51-80-84-95-057-6_140614_Muehldorf_RB27078.jpg\"><img loading=\"lazy\" decoding=\"async\" class=\"alignnone size-medium wp-image-5582\" src=\"https:\/\/zug-bilder.de\/wp-content\/uploads\/2023\/02\/1000-D-DB-51-80-84-95-057-6_140614_Muehldorf_RB27078-300x205.jpg\" alt=\"\" width=\"300\" height=\"205\" srcset=\"https:\/\/zug-bilder.de\/wp-content\/uploads\/2023\/02\/1000-D-DB-51-80-84-95-057-6_140614_Muehldorf_RB27078-300x205.jpg 300w, https:\/\/zug-bilder.de\/wp-content\/uploads\/2023\/02\/1000-D-DB-51-80-84-95-057-6_140614_Muehldorf_RB27078-768x524.jpg 768w, https:\/\/zug-bilder.de\/wp-content\/uploads\/2023\/02\/1000-D-DB-51-80-84-95-057-6_140614_Muehldorf_RB27078.jpg 1000w\" sizes=\"auto, (max-width: 300px) 100vw, 300px\" \/><\/a><\/td>\n<td style=\"width: 50%; vertical-align: middle;\"><strong>D-DB 51 80 84-95 057-6<\/strong><br \/>\n14.06.2014<br \/>\nM\u00fchldorf (Oberbay)<br \/>\n<em>RB 27078<\/em><br \/>\n<em>M\u00fchldorf ( Oberbay) &#8211;<\/em><br \/>\n<em>M\u00fcnchen Hbf<\/em><\/td>\n<\/tr>\n<\/tbody>\n<\/table>\n","protected":false},"excerpt":{"rendered":"<p>D-DB 51 80 84-95 057-6 14.06.2014 M\u00fchldorf (Oberbay) RB 27078 M\u00fchldorf ( Oberbay) &#8211; M\u00fcnchen Hbf<\/p>\n","protected":false},"author":1,"featured_media":0,"parent":0,"menu_order":0,"comment_status":"closed","ping_status":"closed","template":"","meta":{"footnotes":""},"class_list":["post-5581","page","type-page","status-publish","hentry"],"_links":{"self":[{"href":"https:\/\/zug-bilder.de\/index.php?rest_route=\/wp\/v2\/pages\/5581","targetHints":{"allow":["GET"]}}],"collection":[{"href":"https:\/\/zug-bilder.de\/index.php?rest_route=\/wp\/v2\/pages"}],"about":[{"href":"https:\/\/zug-bilder.de\/index.php?rest_route=\/wp\/v2\/types\/page"}],"author":[{"embeddable":true,"href":"https:\/\/zug-bilder.de\/index.php?rest_route=\/wp\/v2\/users\/1"}],"replies":[{"embeddable":true,"href":"https:\/\/zug-bilder.de\/index.php?rest_route=%2Fwp%2Fv2%2Fcomments&post=5581"}],"version-history":[{"count":1,"href":"https:\/\/zug-bilder.de\/index.php?rest_route=\/wp\/v2\/pages\/5581\/revisions"}],"predecessor-version":[{"id":5583,"href":"https:\/\/zug-bilder.de\/index.php?rest_route=\/wp\/v2\/pages\/5581\/revisions\/5583"}],"wp:attachment":[{"href":"https:\/\/zug-bilder.de\/index.php?rest_route=%2Fwp%2Fv2%2Fmedia&parent=5581"}],"curies":[{"name":"wp","href":"https:\/\/api.w.org\/{rel}","templated":true}]}}