{"id":5808,"date":"2023-10-28T15:55:51","date_gmt":"2023-10-28T15:55:51","guid":{"rendered":"https:\/\/zug-bilder.de\/?page_id=5808"},"modified":"2025-12-29T19:34:09","modified_gmt":"2025-12-29T19:34:09","slug":"91-54-7362","status":"publish","type":"page","link":"https:\/\/zug-bilder.de\/?page_id=5808","title":{"rendered":"91 54 7362"},"content":{"rendered":"\n<div class=\"wp-block-columns is-layout-flex wp-container-core-columns-is-layout-9d6595d7 wp-block-columns-is-layout-flex\">\n<div class=\"wp-block-column is-layout-flow wp-block-column-is-layout-flow\">\n<figure class=\"wp-block-image size-full\"><a href=\"https:\/\/zug-bilder.de\/wp-content\/uploads\/2023\/10\/1000-91-54-7362-069-7-CZ-CD_230607_Prahahlavninadrazi_Os9952.jpg\"><img loading=\"lazy\" decoding=\"async\" width=\"1000\" height=\"682\" src=\"https:\/\/zug-bilder.de\/wp-content\/uploads\/2023\/10\/1000-91-54-7362-069-7-CZ-CD_230607_Prahahlavninadrazi_Os9952.jpg\" alt=\"\" class=\"wp-image-5809\" srcset=\"https:\/\/zug-bilder.de\/wp-content\/uploads\/2023\/10\/1000-91-54-7362-069-7-CZ-CD_230607_Prahahlavninadrazi_Os9952.jpg 1000w, https:\/\/zug-bilder.de\/wp-content\/uploads\/2023\/10\/1000-91-54-7362-069-7-CZ-CD_230607_Prahahlavninadrazi_Os9952-300x205.jpg 300w, https:\/\/zug-bilder.de\/wp-content\/uploads\/2023\/10\/1000-91-54-7362-069-7-CZ-CD_230607_Prahahlavninadrazi_Os9952-768x524.jpg 768w\" sizes=\"auto, (max-width: 1000px) 100vw, 1000px\" \/><\/a><\/figure>\n<\/div>\n\n\n\n<div class=\"wp-block-column is-layout-flow wp-block-column-is-layout-flow\">\n<p class=\"has-light-gray-background-color has-background\"><strong>CZ-\u010cD 91 54 7362 069-7<\/strong><br>07.06.2023<br><img loading=\"lazy\" decoding=\"async\" width=\"30\" height=\"20\" class=\"wp-image-5730\" style=\"width: 30px;\" src=\"https:\/\/zug-bilder.de\/wp-content\/uploads\/2023\/07\/Flagge_Tschechien.jpg\" alt=\"\"> Praha hlavn\u00ed n\u00e1dra\u017e\u00ed<br><em>Os 9952 \/ <img loading=\"lazy\" decoding=\"async\" width=\"20\" height=\"20\" src=\"https:\/\/zug-bilder.de\/wp-content\/uploads\/2023\/10\/Logo_SBahnPrag.jpg\" alt=\"\"> 7<\/em><br><em>Praha hlavn\u00ed n\u00e1dra\u017e\u00ed &#8211;<\/em><br><em>Revnice<\/em><\/p>\n<\/div>\n<\/div>\n","protected":false},"excerpt":{"rendered":"<p>CZ-\u010cD 91 54 7362 069-707.06.2023 Praha hlavn\u00ed n\u00e1dra\u017e\u00edOs 9952 \/ 7Praha hlavn\u00ed n\u00e1dra\u017e\u00ed &#8211;Revnice<\/p>\n","protected":false},"author":1,"featured_media":0,"parent":0,"menu_order":0,"comment_status":"closed","ping_status":"closed","template":"","meta":{"footnotes":""},"class_list":["post-5808","page","type-page","status-publish","hentry"],"_links":{"self":[{"href":"https:\/\/zug-bilder.de\/index.php?rest_route=\/wp\/v2\/pages\/5808","targetHints":{"allow":["GET"]}}],"collection":[{"href":"https:\/\/zug-bilder.de\/index.php?rest_route=\/wp\/v2\/pages"}],"about":[{"href":"https:\/\/zug-bilder.de\/index.php?rest_route=\/wp\/v2\/types\/page"}],"author":[{"embeddable":true,"href":"https:\/\/zug-bilder.de\/index.php?rest_route=\/wp\/v2\/users\/1"}],"replies":[{"embeddable":true,"href":"https:\/\/zug-bilder.de\/index.php?rest_route=%2Fwp%2Fv2%2Fcomments&post=5808"}],"version-history":[{"count":3,"href":"https:\/\/zug-bilder.de\/index.php?rest_route=\/wp\/v2\/pages\/5808\/revisions"}],"predecessor-version":[{"id":8080,"href":"https:\/\/zug-bilder.de\/index.php?rest_route=\/wp\/v2\/pages\/5808\/revisions\/8080"}],"wp:attachment":[{"href":"https:\/\/zug-bilder.de\/index.php?rest_route=%2Fwp%2Fv2%2Fmedia&parent=5808"}],"curies":[{"name":"wp","href":"https:\/\/api.w.org\/{rel}","templated":true}]}}