{"id":6250,"date":"2024-03-22T19:34:36","date_gmt":"2024-03-22T19:34:36","guid":{"rendered":"https:\/\/zug-bilder.de\/?page_id=6250"},"modified":"2024-03-22T19:34:36","modified_gmt":"2024-03-22T19:34:36","slug":"cz-bmpz-895","status":"publish","type":"page","link":"https:\/\/zug-bilder.de\/?page_id=6250","title":{"rendered":"CZ &#8211; Bmpz 895"},"content":{"rendered":"\n<div class=\"wp-block-columns is-layout-flex wp-container-core-columns-is-layout-9d6595d7 wp-block-columns-is-layout-flex\">\n<div class=\"wp-block-column is-layout-flow wp-block-column-is-layout-flow\">\n<figure data-wp-context=\"{&quot;imageId&quot;:&quot;69e8ceee5b54e&quot;}\" data-wp-interactive=\"core\/image\" data-wp-key=\"69e8ceee5b54e\" class=\"wp-block-image size-full wp-lightbox-container\"><img loading=\"lazy\" decoding=\"async\" width=\"1000\" height=\"682\" data-wp-class--hide=\"state.isContentHidden\" data-wp-class--show=\"state.isContentVisible\" data-wp-init=\"callbacks.setButtonStyles\" data-wp-on--click=\"actions.showLightbox\" data-wp-on--load=\"callbacks.setButtonStyles\" data-wp-on-window--resize=\"callbacks.setButtonStyles\" src=\"https:\/\/zug-bilder.de\/wp-content\/uploads\/2024\/03\/1000-CZ-CD-73-54-21-91-064-8_230607_Prahahlavninadrazi_IC558.jpg\" alt=\"\" class=\"wp-image-6251\" srcset=\"https:\/\/zug-bilder.de\/wp-content\/uploads\/2024\/03\/1000-CZ-CD-73-54-21-91-064-8_230607_Prahahlavninadrazi_IC558.jpg 1000w, https:\/\/zug-bilder.de\/wp-content\/uploads\/2024\/03\/1000-CZ-CD-73-54-21-91-064-8_230607_Prahahlavninadrazi_IC558-300x205.jpg 300w, https:\/\/zug-bilder.de\/wp-content\/uploads\/2024\/03\/1000-CZ-CD-73-54-21-91-064-8_230607_Prahahlavninadrazi_IC558-768x524.jpg 768w\" sizes=\"auto, (max-width: 1000px) 100vw, 1000px\" \/><button\n\t\t\tclass=\"lightbox-trigger\"\n\t\t\ttype=\"button\"\n\t\t\taria-haspopup=\"dialog\"\n\t\t\taria-label=\"Vergr\u00f6\u00dfern\"\n\t\t\tdata-wp-init=\"callbacks.initTriggerButton\"\n\t\t\tdata-wp-on--click=\"actions.showLightbox\"\n\t\t\tdata-wp-style--right=\"state.imageButtonRight\"\n\t\t\tdata-wp-style--top=\"state.imageButtonTop\"\n\t\t>\n\t\t\t<svg xmlns=\"http:\/\/www.w3.org\/2000\/svg\" width=\"12\" height=\"12\" fill=\"none\" viewBox=\"0 0 12 12\">\n\t\t\t\t<path fill=\"#fff\" d=\"M2 0a2 2 0 0 0-2 2v2h1.5V2a.5.5 0 0 1 .5-.5h2V0H2Zm2 10.5H2a.5.5 0 0 1-.5-.5V8H0v2a2 2 0 0 0 2 2h2v-1.5ZM8 12v-1.5h2a.5.5 0 0 0 .5-.5V8H12v2a2 2 0 0 1-2 2H8Zm2-12a2 2 0 0 1 2 2v2h-1.5V2a.5.5 0 0 0-.5-.5H8V0h2Z\" \/>\n\t\t\t<\/svg>\n\t\t<\/button><\/figure>\n<\/div>\n\n\n\n<div class=\"wp-block-column is-layout-flow wp-block-column-is-layout-flow\">\n<p class=\"has-light-gray-background-color has-background\"><strong>CZ-\u010cD 73 54 21-91 064-8<\/strong><br>07.06.2023<br><img loading=\"lazy\" decoding=\"async\" width=\"30\" height=\"20\" class=\"wp-image-5730\" style=\"width: 30px;\" src=\"https:\/\/zug-bilder.de\/wp-content\/uploads\/2023\/07\/Flagge_Tschechien.jpg\" alt=\"\"> Praha hlavn\u00ed n\u00e1dra\u017e\u00ed<br><em>IC 558 \u201eZ\u00e1padn\u00ed expres\u201c<br>Praha hlavn\u00ed n\u00e1dra\u017e\u00ed \u2013 Cheb<\/em><\/p>\n<\/div>\n<\/div>\n","protected":false},"excerpt":{"rendered":"<p>CZ-\u010cD 73 54 21-91 064-807.06.2023 Praha hlavn\u00ed n\u00e1dra\u017e\u00edIC 558 \u201eZ\u00e1padn\u00ed expres\u201cPraha hlavn\u00ed n\u00e1dra\u017e\u00ed \u2013 Cheb<\/p>\n","protected":false},"author":1,"featured_media":0,"parent":0,"menu_order":0,"comment_status":"closed","ping_status":"closed","template":"","meta":{"footnotes":""},"class_list":["post-6250","page","type-page","status-publish","hentry"],"_links":{"self":[{"href":"https:\/\/zug-bilder.de\/index.php?rest_route=\/wp\/v2\/pages\/6250","targetHints":{"allow":["GET"]}}],"collection":[{"href":"https:\/\/zug-bilder.de\/index.php?rest_route=\/wp\/v2\/pages"}],"about":[{"href":"https:\/\/zug-bilder.de\/index.php?rest_route=\/wp\/v2\/types\/page"}],"author":[{"embeddable":true,"href":"https:\/\/zug-bilder.de\/index.php?rest_route=\/wp\/v2\/users\/1"}],"replies":[{"embeddable":true,"href":"https:\/\/zug-bilder.de\/index.php?rest_route=%2Fwp%2Fv2%2Fcomments&post=6250"}],"version-history":[{"count":1,"href":"https:\/\/zug-bilder.de\/index.php?rest_route=\/wp\/v2\/pages\/6250\/revisions"}],"predecessor-version":[{"id":6252,"href":"https:\/\/zug-bilder.de\/index.php?rest_route=\/wp\/v2\/pages\/6250\/revisions\/6252"}],"wp:attachment":[{"href":"https:\/\/zug-bilder.de\/index.php?rest_route=%2Fwp%2Fv2%2Fmedia&parent=6250"}],"curies":[{"name":"wp","href":"https:\/\/api.w.org\/{rel}","templated":true}]}}