{"id":649,"date":"2018-07-24T17:50:28","date_gmt":"2018-07-24T17:50:28","guid":{"rendered":"https:\/\/zug-bilder.de\/?page_id=649"},"modified":"2023-10-28T14:23:26","modified_gmt":"2023-10-28T14:23:26","slug":"d-dbpza-751-9","status":"publish","type":"page","link":"https:\/\/zug-bilder.de\/?page_id=649","title":{"rendered":"D &#8211; DBpza 751.9"},"content":{"rendered":"<table style=\"border-collapse: collapse; width: 100%;\" border=\"1\">\n<tbody>\n<tr>\n<td style=\"width: 50%; text-align: left; vertical-align: middle;\"><a href=\"https:\/\/zug-bilder.de\/wp-content\/uploads\/2018\/07\/1000-D-DB-50-80-26-35-069-6_180210_M\u00fchldorf_RB27049.jpg\"><img loading=\"lazy\" decoding=\"async\" class=\"alignnone size-medium wp-image-653\" src=\"https:\/\/zug-bilder.de\/wp-content\/uploads\/2018\/07\/1000-D-DB-50-80-26-35-069-6_180210_M\u00fchldorf_RB27049-300x205.jpg\" alt=\"\" width=\"300\" height=\"205\" srcset=\"https:\/\/zug-bilder.de\/wp-content\/uploads\/2018\/07\/1000-D-DB-50-80-26-35-069-6_180210_M\u00fchldorf_RB27049-300x205.jpg 300w, https:\/\/zug-bilder.de\/wp-content\/uploads\/2018\/07\/1000-D-DB-50-80-26-35-069-6_180210_M\u00fchldorf_RB27049-768x524.jpg 768w, https:\/\/zug-bilder.de\/wp-content\/uploads\/2018\/07\/1000-D-DB-50-80-26-35-069-6_180210_M\u00fchldorf_RB27049.jpg 1000w\" sizes=\"auto, (max-width: 300px) 100vw, 300px\" \/><\/a><\/td>\n<td style=\"width: 50%; text-align: left; vertical-align: middle;\"><strong>D-DB 50 80 26-35 069-6<br \/>\n<\/strong>10.02.2018<br \/>\nM\u00fchldorf (Oberbay)<br \/>\n<em>RB 27049<br \/>\nM\u00fcnchen Hbf &#8211;<br \/>\nM\u00fchldorf (Oberbay)<\/em><\/td>\n<\/tr>\n<tr>\n<td style=\"width: 50%; text-align: left; vertical-align: middle;\"><a href=\"https:\/\/zug-bilder.de\/wp-content\/uploads\/2019\/08\/1000-D-DB-50-80-26-35-072-0_160902_M\u00fcnchenOst_RB27057.jpg\"><img loading=\"lazy\" decoding=\"async\" class=\"alignnone size-medium wp-image-2115\" src=\"https:\/\/zug-bilder.de\/wp-content\/uploads\/2019\/08\/1000-D-DB-50-80-26-35-072-0_160902_M\u00fcnchenOst_RB27057-300x205.jpg\" alt=\"\" width=\"300\" height=\"205\" srcset=\"https:\/\/zug-bilder.de\/wp-content\/uploads\/2019\/08\/1000-D-DB-50-80-26-35-072-0_160902_M\u00fcnchenOst_RB27057-300x205.jpg 300w, https:\/\/zug-bilder.de\/wp-content\/uploads\/2019\/08\/1000-D-DB-50-80-26-35-072-0_160902_M\u00fcnchenOst_RB27057-768x524.jpg 768w, https:\/\/zug-bilder.de\/wp-content\/uploads\/2019\/08\/1000-D-DB-50-80-26-35-072-0_160902_M\u00fcnchenOst_RB27057.jpg 1000w\" sizes=\"auto, (max-width: 300px) 100vw, 300px\" \/><\/a><\/td>\n<td style=\"width: 50%; text-align: left; vertical-align: middle;\"><strong>D-DB 50 80 26-35 072-0<br \/>\n<\/strong>02.09.2016<br \/>\nM\u00fcnchen Ost<br \/>\n<em>RB 27057<\/em><br \/>\n<em>M\u00fcnchen Ost &#8211;<\/em><br \/>\n<em>M\u00fchldorf (Oberbay)<\/em><strong><br \/>\n<\/strong><\/td>\n<\/tr>\n<tr>\n<td style=\"width: 50%; text-align: left; vertical-align: middle;\"><a href=\"https:\/\/zug-bilder.de\/wp-content\/uploads\/2021\/05\/1000-D-DB-50-80-26-35-099-3_210501_Muehldorf.jpg\"><img loading=\"lazy\" decoding=\"async\" class=\"alignnone size-medium wp-image-4545\" src=\"https:\/\/zug-bilder.de\/wp-content\/uploads\/2021\/05\/1000-D-DB-50-80-26-35-099-3_210501_Muehldorf-300x205.jpg\" alt=\"\" width=\"300\" height=\"205\" srcset=\"https:\/\/zug-bilder.de\/wp-content\/uploads\/2021\/05\/1000-D-DB-50-80-26-35-099-3_210501_Muehldorf-300x205.jpg 300w, https:\/\/zug-bilder.de\/wp-content\/uploads\/2021\/05\/1000-D-DB-50-80-26-35-099-3_210501_Muehldorf-768x524.jpg 768w, https:\/\/zug-bilder.de\/wp-content\/uploads\/2021\/05\/1000-D-DB-50-80-26-35-099-3_210501_Muehldorf.jpg 1000w\" sizes=\"auto, (max-width: 300px) 100vw, 300px\" \/><\/a><\/td>\n<td style=\"width: 50%; text-align: left; vertical-align: middle;\"><strong>D-DB 50 80 26-35 099-3<br \/>\n<\/strong>01.05.2021<br \/>\nM\u00fchldorf (Oberbay)<\/td>\n<\/tr>\n<tr>\n<td style=\"width: 50%; text-align: left; vertical-align: middle;\"><a href=\"https:\/\/zug-bilder.de\/wp-content\/uploads\/2021\/05\/1000-D-DB-50-80-26-35-105-8_210501_Muehldorf.jpg\"><img loading=\"lazy\" decoding=\"async\" class=\"alignnone size-medium wp-image-4554\" src=\"https:\/\/zug-bilder.de\/wp-content\/uploads\/2021\/05\/1000-D-DB-50-80-26-35-105-8_210501_Muehldorf-300x205.jpg\" alt=\"\" width=\"300\" height=\"205\" srcset=\"https:\/\/zug-bilder.de\/wp-content\/uploads\/2021\/05\/1000-D-DB-50-80-26-35-105-8_210501_Muehldorf-300x205.jpg 300w, https:\/\/zug-bilder.de\/wp-content\/uploads\/2021\/05\/1000-D-DB-50-80-26-35-105-8_210501_Muehldorf-768x524.jpg 768w, https:\/\/zug-bilder.de\/wp-content\/uploads\/2021\/05\/1000-D-DB-50-80-26-35-105-8_210501_Muehldorf.jpg 1000w\" sizes=\"auto, (max-width: 300px) 100vw, 300px\" \/><\/a><\/td>\n<td style=\"width: 50%; text-align: left; vertical-align: middle;\"><strong>D-DB 50 80 26-35 105-8<br \/>\n<\/strong>01.05.2021<br \/>\nM\u00fchldorf (Oberbay)<\/td>\n<\/tr>\n<tr>\n<td style=\"width: 50%; text-align: left; vertical-align: middle;\"><a href=\"https:\/\/zug-bilder.de\/wp-content\/uploads\/2019\/10\/1000-D-DB-50-80-26-35-107-4_140110_M\u00fchldorf.jpg\"><img loading=\"lazy\" decoding=\"async\" class=\"alignnone size-medium wp-image-2332\" src=\"https:\/\/zug-bilder.de\/wp-content\/uploads\/2019\/10\/1000-D-DB-50-80-26-35-107-4_140110_M\u00fchldorf-300x205.jpg\" alt=\"\" width=\"300\" height=\"205\" srcset=\"https:\/\/zug-bilder.de\/wp-content\/uploads\/2019\/10\/1000-D-DB-50-80-26-35-107-4_140110_M\u00fchldorf-300x205.jpg 300w, https:\/\/zug-bilder.de\/wp-content\/uploads\/2019\/10\/1000-D-DB-50-80-26-35-107-4_140110_M\u00fchldorf-768x524.jpg 768w, https:\/\/zug-bilder.de\/wp-content\/uploads\/2019\/10\/1000-D-DB-50-80-26-35-107-4_140110_M\u00fchldorf.jpg 1000w\" sizes=\"auto, (max-width: 300px) 100vw, 300px\" \/><\/a><\/td>\n<td style=\"width: 50%; text-align: left; vertical-align: middle;\"><strong>D-DB 50 80 26-35 107-4<br \/>\n<\/strong>10.01.2014<br \/>\nM\u00fchldorf (Oberbay)<strong><br \/>\n<\/strong><\/td>\n<\/tr>\n<tr>\n<td style=\"width: 50%; text-align: left; vertical-align: middle;\"><a href=\"https:\/\/zug-bilder.de\/wp-content\/uploads\/2019\/08\/1000-D-DB-50-80-26-35-110-8_160902_M\u00fcnchenOst_RB27057.jpg\"><img loading=\"lazy\" decoding=\"async\" class=\"alignnone size-medium wp-image-2116\" src=\"https:\/\/zug-bilder.de\/wp-content\/uploads\/2019\/08\/1000-D-DB-50-80-26-35-110-8_160902_M\u00fcnchenOst_RB27057-300x205.jpg\" alt=\"\" width=\"300\" height=\"205\" srcset=\"https:\/\/zug-bilder.de\/wp-content\/uploads\/2019\/08\/1000-D-DB-50-80-26-35-110-8_160902_M\u00fcnchenOst_RB27057-300x205.jpg 300w, https:\/\/zug-bilder.de\/wp-content\/uploads\/2019\/08\/1000-D-DB-50-80-26-35-110-8_160902_M\u00fcnchenOst_RB27057-768x524.jpg 768w, https:\/\/zug-bilder.de\/wp-content\/uploads\/2019\/08\/1000-D-DB-50-80-26-35-110-8_160902_M\u00fcnchenOst_RB27057.jpg 1000w\" sizes=\"auto, (max-width: 300px) 100vw, 300px\" \/><\/a><\/td>\n<td style=\"width: 50%; text-align: left; vertical-align: middle;\"><strong>D-DB 50 80 26-35 110-8<br \/>\n<\/strong>02.09.2016<br \/>\nM\u00fcnchen Ost<br \/>\n<em>RB 27057<\/em><br \/>\n<em>M\u00fcnchen Ost &#8211;<\/em><br \/>\n<em>M\u00fchldorf (Oberbay)<\/em><\/td>\n<\/tr>\n<tr>\n<td style=\"width: 50%; text-align: left; vertical-align: middle;\"><a href=\"https:\/\/zug-bilder.de\/wp-content\/uploads\/2019\/08\/1000-D-DB-50-80-26-35-112-4_160902_M\u00fcnchenOst_RB27057.jpg\"><img loading=\"lazy\" decoding=\"async\" class=\"alignnone size-medium wp-image-2117\" src=\"https:\/\/zug-bilder.de\/wp-content\/uploads\/2019\/08\/1000-D-DB-50-80-26-35-112-4_160902_M\u00fcnchenOst_RB27057-300x205.jpg\" alt=\"\" width=\"300\" height=\"205\" srcset=\"https:\/\/zug-bilder.de\/wp-content\/uploads\/2019\/08\/1000-D-DB-50-80-26-35-112-4_160902_M\u00fcnchenOst_RB27057-300x205.jpg 300w, https:\/\/zug-bilder.de\/wp-content\/uploads\/2019\/08\/1000-D-DB-50-80-26-35-112-4_160902_M\u00fcnchenOst_RB27057-768x524.jpg 768w, https:\/\/zug-bilder.de\/wp-content\/uploads\/2019\/08\/1000-D-DB-50-80-26-35-112-4_160902_M\u00fcnchenOst_RB27057.jpg 1000w\" sizes=\"auto, (max-width: 300px) 100vw, 300px\" \/><\/a><\/td>\n<td style=\"width: 50%; text-align: left; vertical-align: middle;\"><strong>D-DB 50 80 26-35 112-4<br \/>\n<\/strong>02.09.2016<br \/>\nM\u00fcnchen Ost<br \/>\n<em>RB 27057<\/em><br \/>\n<em>M\u00fcnchen Ost &#8211;<\/em><br \/>\n<em>M\u00fchldorf (Oberbay)<\/em><\/td>\n<\/tr>\n<tr>\n<td style=\"width: 50%; text-align: left; vertical-align: middle;\"><a href=\"https:\/\/zug-bilder.de\/wp-content\/uploads\/2023\/10\/1000-D-DB-50-80-26-35-121-5_230916_Muehldorf.jpg\"><img loading=\"lazy\" decoding=\"async\" class=\"alignnone size-medium wp-image-5800\" src=\"https:\/\/zug-bilder.de\/wp-content\/uploads\/2023\/10\/1000-D-DB-50-80-26-35-121-5_230916_Muehldorf-300x205.jpg\" alt=\"\" width=\"300\" height=\"205\" srcset=\"https:\/\/zug-bilder.de\/wp-content\/uploads\/2023\/10\/1000-D-DB-50-80-26-35-121-5_230916_Muehldorf-300x205.jpg 300w, https:\/\/zug-bilder.de\/wp-content\/uploads\/2023\/10\/1000-D-DB-50-80-26-35-121-5_230916_Muehldorf-768x524.jpg 768w, https:\/\/zug-bilder.de\/wp-content\/uploads\/2023\/10\/1000-D-DB-50-80-26-35-121-5_230916_Muehldorf.jpg 1000w\" sizes=\"auto, (max-width: 300px) 100vw, 300px\" \/><\/a><\/td>\n<td style=\"width: 50%; text-align: left; vertical-align: middle;\"><strong>D-DB 50 80 26-35 121-5<br \/>\n<\/strong>16.09.2023<br \/>\nM\u00fchldorf (Oberbay)<\/td>\n<\/tr>\n<\/tbody>\n<\/table>\n","protected":false},"excerpt":{"rendered":"<p>D-DB 50 80 26-35 069-6 10.02.2018 M\u00fchldorf (Oberbay) RB 27049 M\u00fcnchen Hbf &#8211; M\u00fchldorf (Oberbay) D-DB 50 80 26-35 072-0 02.09.2016 M\u00fcnchen Ost RB 27057 M\u00fcnchen Ost &#8211; M\u00fchldorf (Oberbay) D-DB 50 80 26-35 099-3 01.05.2021 M\u00fchldorf (Oberbay) D-DB 50 80 26-35 105-8 01.05.2021 M\u00fchldorf (Oberbay) D-DB 50 80 26-35 107-4 10.01.2014 M\u00fchldorf (Oberbay) D-DB &hellip; <a href=\"https:\/\/zug-bilder.de\/?page_id=649\" class=\"more-link\"><span class=\"screen-reader-text\">D &#8211; DBpza 751.9<\/span> weiterlesen<\/a><\/p>\n","protected":false},"author":1,"featured_media":0,"parent":0,"menu_order":0,"comment_status":"closed","ping_status":"closed","template":"","meta":{"footnotes":""},"class_list":["post-649","page","type-page","status-publish","hentry"],"_links":{"self":[{"href":"https:\/\/zug-bilder.de\/index.php?rest_route=\/wp\/v2\/pages\/649","targetHints":{"allow":["GET"]}}],"collection":[{"href":"https:\/\/zug-bilder.de\/index.php?rest_route=\/wp\/v2\/pages"}],"about":[{"href":"https:\/\/zug-bilder.de\/index.php?rest_route=\/wp\/v2\/types\/page"}],"author":[{"embeddable":true,"href":"https:\/\/zug-bilder.de\/index.php?rest_route=\/wp\/v2\/users\/1"}],"replies":[{"embeddable":true,"href":"https:\/\/zug-bilder.de\/index.php?rest_route=%2Fwp%2Fv2%2Fcomments&post=649"}],"version-history":[{"count":9,"href":"https:\/\/zug-bilder.de\/index.php?rest_route=\/wp\/v2\/pages\/649\/revisions"}],"predecessor-version":[{"id":5801,"href":"https:\/\/zug-bilder.de\/index.php?rest_route=\/wp\/v2\/pages\/649\/revisions\/5801"}],"wp:attachment":[{"href":"https:\/\/zug-bilder.de\/index.php?rest_route=%2Fwp%2Fv2%2Fmedia&parent=649"}],"curies":[{"name":"wp","href":"https:\/\/api.w.org\/{rel}","templated":true}]}}