{"id":709,"date":"2018-08-31T16:58:21","date_gmt":"2018-08-31T16:58:21","guid":{"rendered":"https:\/\/zug-bilder.de\/?page_id=709"},"modified":"2025-06-11T08:16:41","modified_gmt":"2025-06-11T08:16:41","slug":"92-87-0077","status":"publish","type":"page","link":"https:\/\/zug-bilder.de\/?page_id=709","title":{"rendered":"92 87 0077"},"content":{"rendered":"\n<div class=\"wp-block-columns is-layout-flex wp-container-core-columns-is-layout-9d6595d7 wp-block-columns-is-layout-flex\">\n<div class=\"wp-block-column is-layout-flow wp-block-column-is-layout-flow\">\n<figure class=\"wp-block-image size-full\"><a href=\"https:\/\/zug-bilder.de\/wp-content\/uploads\/2018\/08\/1000-92-87-0077-001-1-F-DB_160517_T\u00fc\u00dfling.jpg\"><img loading=\"lazy\" decoding=\"async\" width=\"1000\" height=\"682\" src=\"https:\/\/zug-bilder.de\/wp-content\/uploads\/2018\/08\/1000-92-87-0077-001-1-F-DB_160517_T\u00fc\u00dfling.jpg\" alt=\"\" class=\"wp-image-710\" srcset=\"https:\/\/zug-bilder.de\/wp-content\/uploads\/2018\/08\/1000-92-87-0077-001-1-F-DB_160517_T\u00fc\u00dfling.jpg 1000w, https:\/\/zug-bilder.de\/wp-content\/uploads\/2018\/08\/1000-92-87-0077-001-1-F-DB_160517_T\u00fc\u00dfling-300x205.jpg 300w, https:\/\/zug-bilder.de\/wp-content\/uploads\/2018\/08\/1000-92-87-0077-001-1-F-DB_160517_T\u00fc\u00dfling-768x524.jpg 768w\" sizes=\"auto, (max-width: 1000px) 100vw, 1000px\" \/><\/a><\/figure>\n<\/div>\n\n\n\n<div class=\"wp-block-column is-layout-flow wp-block-column-is-layout-flow\">\n<p class=\"has-light-gray-background-color has-background\"><strong>92 87 0077 001-1 F-DB<\/strong><br>17.05.2016<br><img loading=\"lazy\" decoding=\"async\" width=\"33\" height=\"20\" class=\"wp-image-5706\" style=\"width: 33px;\" src=\"https:\/\/zug-bilder.de\/wp-content\/uploads\/2023\/04\/Flagge_Deutschland.jpg\" alt=\"\"> T\u00fc\u00dfling<\/p>\n<\/div>\n<\/div>\n\n\n\n<div class=\"wp-block-columns is-layout-flex wp-container-core-columns-is-layout-9d6595d7 wp-block-columns-is-layout-flex\">\n<div class=\"wp-block-column is-layout-flow wp-block-column-is-layout-flow\">\n<figure class=\"wp-block-image size-full\"><a href=\"https:\/\/zug-bilder.de\/wp-content\/uploads\/2018\/08\/1000-92-87-0077-014-4-F-DB_160517_T\u00fc\u00dfling.jpg\"><img loading=\"lazy\" decoding=\"async\" width=\"1000\" height=\"682\" src=\"https:\/\/zug-bilder.de\/wp-content\/uploads\/2018\/08\/1000-92-87-0077-014-4-F-DB_160517_T\u00fc\u00dfling.jpg\" alt=\"\" class=\"wp-image-711\" srcset=\"https:\/\/zug-bilder.de\/wp-content\/uploads\/2018\/08\/1000-92-87-0077-014-4-F-DB_160517_T\u00fc\u00dfling.jpg 1000w, https:\/\/zug-bilder.de\/wp-content\/uploads\/2018\/08\/1000-92-87-0077-014-4-F-DB_160517_T\u00fc\u00dfling-300x205.jpg 300w, https:\/\/zug-bilder.de\/wp-content\/uploads\/2018\/08\/1000-92-87-0077-014-4-F-DB_160517_T\u00fc\u00dfling-768x524.jpg 768w\" sizes=\"auto, (max-width: 1000px) 100vw, 1000px\" \/><\/a><\/figure>\n<\/div>\n\n\n\n<div class=\"wp-block-column is-layout-flow wp-block-column-is-layout-flow\">\n<p class=\"has-light-gray-background-color has-background\"><strong>92 87 0077 014-4 F-DB<br><\/strong>17.05.2016<br><img loading=\"lazy\" decoding=\"async\" width=\"33\" height=\"20\" class=\"wp-image-5706\" style=\"width: 33px;\" src=\"https:\/\/zug-bilder.de\/wp-content\/uploads\/2023\/04\/Flagge_Deutschland.jpg\" alt=\"\"> T\u00fc\u00dfling<\/p>\n<\/div>\n<\/div>\n\n\n\n<div class=\"wp-block-columns is-layout-flex wp-container-core-columns-is-layout-9d6595d7 wp-block-columns-is-layout-flex\">\n<div class=\"wp-block-column is-layout-flow wp-block-column-is-layout-flow\">\n<figure class=\"wp-block-image size-full\"><a href=\"https:\/\/zug-bilder.de\/wp-content\/uploads\/2019\/12\/1000-92-87-0077-014-4-F-DB_190417_M\u00fcnchenHeimeranplatz.jpg\"><img loading=\"lazy\" decoding=\"async\" width=\"1000\" height=\"682\" src=\"https:\/\/zug-bilder.de\/wp-content\/uploads\/2019\/12\/1000-92-87-0077-014-4-F-DB_190417_M\u00fcnchenHeimeranplatz.jpg\" alt=\"\" class=\"wp-image-2753\" srcset=\"https:\/\/zug-bilder.de\/wp-content\/uploads\/2019\/12\/1000-92-87-0077-014-4-F-DB_190417_M\u00fcnchenHeimeranplatz.jpg 1000w, https:\/\/zug-bilder.de\/wp-content\/uploads\/2019\/12\/1000-92-87-0077-014-4-F-DB_190417_M\u00fcnchenHeimeranplatz-300x205.jpg 300w, https:\/\/zug-bilder.de\/wp-content\/uploads\/2019\/12\/1000-92-87-0077-014-4-F-DB_190417_M\u00fcnchenHeimeranplatz-768x524.jpg 768w\" sizes=\"auto, (max-width: 1000px) 100vw, 1000px\" \/><\/a><\/figure>\n<\/div>\n\n\n\n<div class=\"wp-block-column is-layout-flow wp-block-column-is-layout-flow\">\n<p class=\"has-light-gray-background-color has-background\"><strong>92 87 0077 014-4 F-DB<br><\/strong>17.04.2019<br><img loading=\"lazy\" decoding=\"async\" width=\"33\" height=\"20\" class=\"wp-image-5706\" style=\"width: 33px;\" src=\"https:\/\/zug-bilder.de\/wp-content\/uploads\/2023\/04\/Flagge_Deutschland.jpg\" alt=\"\"> M\u00fcnchen Heimeranplatz<\/p>\n<\/div>\n<\/div>\n\n\n\n<div class=\"wp-block-columns is-layout-flex wp-container-core-columns-is-layout-9d6595d7 wp-block-columns-is-layout-flex\">\n<div class=\"wp-block-column is-layout-flow wp-block-column-is-layout-flow\">\n<figure class=\"wp-block-image size-full\"><a href=\"https:\/\/zug-bilder.de\/wp-content\/uploads\/2020\/10\/1000-92-87-0077-014-4-F-DB_201011_Kastl-1.jpg\"><img loading=\"lazy\" decoding=\"async\" width=\"1000\" height=\"682\" src=\"https:\/\/zug-bilder.de\/wp-content\/uploads\/2020\/10\/1000-92-87-0077-014-4-F-DB_201011_Kastl-1.jpg\" alt=\"\" class=\"wp-image-4305\" srcset=\"https:\/\/zug-bilder.de\/wp-content\/uploads\/2020\/10\/1000-92-87-0077-014-4-F-DB_201011_Kastl-1.jpg 1000w, https:\/\/zug-bilder.de\/wp-content\/uploads\/2020\/10\/1000-92-87-0077-014-4-F-DB_201011_Kastl-1-300x205.jpg 300w, https:\/\/zug-bilder.de\/wp-content\/uploads\/2020\/10\/1000-92-87-0077-014-4-F-DB_201011_Kastl-1-768x524.jpg 768w\" sizes=\"auto, (max-width: 1000px) 100vw, 1000px\" \/><\/a><\/figure>\n<\/div>\n\n\n\n<div class=\"wp-block-column is-layout-flow wp-block-column-is-layout-flow\">\n<p class=\"has-light-gray-background-color has-background\"><strong>92 87 0077 014-4 F-DB<br><\/strong>11.10.2020<br><img loading=\"lazy\" decoding=\"async\" width=\"33\" height=\"20\" class=\"wp-image-5706\" style=\"width: 33px;\" src=\"https:\/\/zug-bilder.de\/wp-content\/uploads\/2023\/04\/Flagge_Deutschland.jpg\" alt=\"\"> Kastl (Oberbay)<br><em>GC 60343<\/em><br><em>Kastl (Oberbay) &#8211; Heilbronn Gbf<\/em><\/p>\n<\/div>\n<\/div>\n\n\n\n<div class=\"wp-block-columns is-layout-flex wp-container-core-columns-is-layout-9d6595d7 wp-block-columns-is-layout-flex\">\n<div class=\"wp-block-column is-layout-flow wp-block-column-is-layout-flow\">\n<figure class=\"wp-block-image size-full\"><a href=\"https:\/\/zug-bilder.de\/?attachment_id=7802\"><img loading=\"lazy\" decoding=\"async\" width=\"1000\" height=\"667\" src=\"https:\/\/zug-bilder.de\/wp-content\/uploads\/2025\/06\/1000-92-87-0077-014-4-F-DB_250303_Polling.jpg\" alt=\"\" class=\"wp-image-7802\" srcset=\"https:\/\/zug-bilder.de\/wp-content\/uploads\/2025\/06\/1000-92-87-0077-014-4-F-DB_250303_Polling.jpg 1000w, https:\/\/zug-bilder.de\/wp-content\/uploads\/2025\/06\/1000-92-87-0077-014-4-F-DB_250303_Polling-300x200.jpg 300w, https:\/\/zug-bilder.de\/wp-content\/uploads\/2025\/06\/1000-92-87-0077-014-4-F-DB_250303_Polling-768x512.jpg 768w\" sizes=\"auto, (max-width: 1000px) 100vw, 1000px\" \/><\/a><\/figure>\n<\/div>\n\n\n\n<div class=\"wp-block-column is-layout-flow wp-block-column-is-layout-flow\">\n<p class=\"has-light-gray-background-color has-background\"><strong>92 87 0077 014-4 F-DB<\/strong><br>03.03.2025<br><img loading=\"lazy\" decoding=\"async\" width=\"33\" height=\"20\" class=\"wp-image-5706\" style=\"width: 33px;\" src=\"https:\/\/zug-bilder.de\/wp-content\/uploads\/2023\/04\/Flagge_Deutschland.jpg\" alt=\"\"> Polling<\/p>\n<\/div>\n<\/div>\n\n\n\n<div class=\"wp-block-columns is-layout-flex wp-container-core-columns-is-layout-9d6595d7 wp-block-columns-is-layout-flex\">\n<div class=\"wp-block-column is-layout-flow wp-block-column-is-layout-flow\">\n<figure class=\"wp-block-image size-full\"><a href=\"https:\/\/zug-bilder.de\/wp-content\/uploads\/2022\/12\/1000-92-87-0077-022-7-F-DB_220830_MuenchenHeimeranplatz.jpg\"><img loading=\"lazy\" decoding=\"async\" width=\"1000\" height=\"682\" src=\"https:\/\/zug-bilder.de\/wp-content\/uploads\/2022\/12\/1000-92-87-0077-022-7-F-DB_220830_MuenchenHeimeranplatz.jpg\" alt=\"\" class=\"wp-image-5444\" srcset=\"https:\/\/zug-bilder.de\/wp-content\/uploads\/2022\/12\/1000-92-87-0077-022-7-F-DB_220830_MuenchenHeimeranplatz.jpg 1000w, https:\/\/zug-bilder.de\/wp-content\/uploads\/2022\/12\/1000-92-87-0077-022-7-F-DB_220830_MuenchenHeimeranplatz-300x205.jpg 300w, https:\/\/zug-bilder.de\/wp-content\/uploads\/2022\/12\/1000-92-87-0077-022-7-F-DB_220830_MuenchenHeimeranplatz-768x524.jpg 768w\" sizes=\"auto, (max-width: 1000px) 100vw, 1000px\" \/><\/a><\/figure>\n<\/div>\n\n\n\n<div class=\"wp-block-column is-layout-flow wp-block-column-is-layout-flow\">\n<p class=\"has-light-gray-background-color has-background\"><strong>92 87 0077 022-7 F-DB<br><\/strong>30.08.2022<br><img loading=\"lazy\" decoding=\"async\" width=\"33\" height=\"20\" class=\"wp-image-5706\" style=\"width: 33px;\" src=\"https:\/\/zug-bilder.de\/wp-content\/uploads\/2023\/04\/Flagge_Deutschland.jpg\" alt=\"\"> M\u00fcnchen Heimeranplatz<\/p>\n<\/div>\n<\/div>\n\n\n\n<div class=\"wp-block-columns is-layout-flex wp-container-core-columns-is-layout-9d6595d7 wp-block-columns-is-layout-flex\">\n<div class=\"wp-block-column is-layout-flow wp-block-column-is-layout-flow\">\n<figure class=\"wp-block-image size-full\"><a href=\"https:\/\/zug-bilder.de\/wp-content\/uploads\/2018\/08\/1000-92-87-0077-025-0-F-DB_170306_M\u00fcnchenHeimeranplatz.jpg\"><img loading=\"lazy\" decoding=\"async\" width=\"1000\" height=\"682\" src=\"https:\/\/zug-bilder.de\/wp-content\/uploads\/2018\/08\/1000-92-87-0077-025-0-F-DB_170306_M\u00fcnchenHeimeranplatz.jpg\" alt=\"\" class=\"wp-image-712\" srcset=\"https:\/\/zug-bilder.de\/wp-content\/uploads\/2018\/08\/1000-92-87-0077-025-0-F-DB_170306_M\u00fcnchenHeimeranplatz.jpg 1000w, https:\/\/zug-bilder.de\/wp-content\/uploads\/2018\/08\/1000-92-87-0077-025-0-F-DB_170306_M\u00fcnchenHeimeranplatz-300x205.jpg 300w, https:\/\/zug-bilder.de\/wp-content\/uploads\/2018\/08\/1000-92-87-0077-025-0-F-DB_170306_M\u00fcnchenHeimeranplatz-768x524.jpg 768w\" sizes=\"auto, (max-width: 1000px) 100vw, 1000px\" \/><\/a><\/figure>\n<\/div>\n\n\n\n<div class=\"wp-block-column is-layout-flow wp-block-column-is-layout-flow\">\n<p class=\"has-light-gray-background-color has-background\"><strong>92 87 0077 025-0 F-DB<br><\/strong>06.03.2017<br><img loading=\"lazy\" decoding=\"async\" width=\"33\" height=\"20\" class=\"wp-image-5706\" style=\"width: 33px;\" src=\"https:\/\/zug-bilder.de\/wp-content\/uploads\/2023\/04\/Flagge_Deutschland.jpg\" alt=\"\"> M\u00fcnchen Heimeranplatz<\/p>\n<\/div>\n<\/div>\n\n\n\n<div class=\"wp-block-columns is-layout-flex wp-container-core-columns-is-layout-9d6595d7 wp-block-columns-is-layout-flex\">\n<div class=\"wp-block-column is-layout-flow wp-block-column-is-layout-flow\">\n<figure class=\"wp-block-image size-full\"><a href=\"https:\/\/zug-bilder.de\/wp-content\/uploads\/2018\/08\/1000-92-87-0077-027-6-F-DB_180724_Polling.jpg\"><img loading=\"lazy\" decoding=\"async\" width=\"1000\" height=\"682\" src=\"https:\/\/zug-bilder.de\/wp-content\/uploads\/2018\/08\/1000-92-87-0077-027-6-F-DB_180724_Polling.jpg\" alt=\"\" class=\"wp-image-716\" srcset=\"https:\/\/zug-bilder.de\/wp-content\/uploads\/2018\/08\/1000-92-87-0077-027-6-F-DB_180724_Polling.jpg 1000w, https:\/\/zug-bilder.de\/wp-content\/uploads\/2018\/08\/1000-92-87-0077-027-6-F-DB_180724_Polling-300x205.jpg 300w, https:\/\/zug-bilder.de\/wp-content\/uploads\/2018\/08\/1000-92-87-0077-027-6-F-DB_180724_Polling-768x524.jpg 768w\" sizes=\"auto, (max-width: 1000px) 100vw, 1000px\" \/><\/a><\/figure>\n<\/div>\n\n\n\n<div class=\"wp-block-column is-layout-flow wp-block-column-is-layout-flow\">\n<p class=\"has-light-gray-background-color has-background\"><strong>92 87 0077 027-6 F-DB<br><\/strong>24.07.2018<br><img loading=\"lazy\" decoding=\"async\" width=\"33\" height=\"20\" class=\"wp-image-5706\" style=\"width: 33px;\" src=\"https:\/\/zug-bilder.de\/wp-content\/uploads\/2023\/04\/Flagge_Deutschland.jpg\" alt=\"\"> Polling<\/p>\n<\/div>\n<\/div>\n\n\n\n<div class=\"wp-block-columns is-layout-flex wp-container-core-columns-is-layout-9d6595d7 wp-block-columns-is-layout-flex\">\n<div class=\"wp-block-column is-layout-flow wp-block-column-is-layout-flow\">\n<figure class=\"wp-block-image size-full\"><a href=\"https:\/\/zug-bilder.de\/wp-content\/uploads\/2019\/10\/1000-92-87-0077-027-6-F-DB_190502_Pirach.jpg\"><img loading=\"lazy\" decoding=\"async\" width=\"1000\" height=\"682\" src=\"https:\/\/zug-bilder.de\/wp-content\/uploads\/2019\/10\/1000-92-87-0077-027-6-F-DB_190502_Pirach.jpg\" alt=\"\" class=\"wp-image-2285\" srcset=\"https:\/\/zug-bilder.de\/wp-content\/uploads\/2019\/10\/1000-92-87-0077-027-6-F-DB_190502_Pirach.jpg 1000w, https:\/\/zug-bilder.de\/wp-content\/uploads\/2019\/10\/1000-92-87-0077-027-6-F-DB_190502_Pirach-300x205.jpg 300w, https:\/\/zug-bilder.de\/wp-content\/uploads\/2019\/10\/1000-92-87-0077-027-6-F-DB_190502_Pirach-768x524.jpg 768w\" sizes=\"auto, (max-width: 1000px) 100vw, 1000px\" \/><\/a><\/figure>\n<\/div>\n\n\n\n<div class=\"wp-block-column is-layout-flow wp-block-column-is-layout-flow\">\n<p class=\"has-light-gray-background-color has-background\"><strong>92 87 0077 027-6 F-DB<br><\/strong>02.05.2019<br><img loading=\"lazy\" decoding=\"async\" width=\"33\" height=\"20\" class=\"wp-image-5706\" style=\"width: 33px;\" src=\"https:\/\/zug-bilder.de\/wp-content\/uploads\/2023\/04\/Flagge_Deutschland.jpg\" alt=\"\"> Pirach<\/p>\n<\/div>\n<\/div>\n\n\n\n<div class=\"wp-block-columns is-layout-flex wp-container-core-columns-is-layout-9d6595d7 wp-block-columns-is-layout-flex\">\n<div class=\"wp-block-column is-layout-flow wp-block-column-is-layout-flow\">\n<figure class=\"wp-block-image size-full\"><a href=\"https:\/\/zug-bilder.de\/wp-content\/uploads\/2020\/05\/1000-92-87-0077-036-7-F-DB_200519_Weitfeld.jpg\"><img loading=\"lazy\" decoding=\"async\" width=\"1000\" height=\"682\" src=\"https:\/\/zug-bilder.de\/wp-content\/uploads\/2020\/05\/1000-92-87-0077-036-7-F-DB_200519_Weitfeld.jpg\" alt=\"\" class=\"wp-image-3917\" srcset=\"https:\/\/zug-bilder.de\/wp-content\/uploads\/2020\/05\/1000-92-87-0077-036-7-F-DB_200519_Weitfeld.jpg 1000w, https:\/\/zug-bilder.de\/wp-content\/uploads\/2020\/05\/1000-92-87-0077-036-7-F-DB_200519_Weitfeld-300x205.jpg 300w, https:\/\/zug-bilder.de\/wp-content\/uploads\/2020\/05\/1000-92-87-0077-036-7-F-DB_200519_Weitfeld-768x524.jpg 768w\" sizes=\"auto, (max-width: 1000px) 100vw, 1000px\" \/><\/a><\/figure>\n<\/div>\n\n\n\n<div class=\"wp-block-column is-layout-flow wp-block-column-is-layout-flow\">\n<p class=\"has-light-gray-background-color has-background\"><strong>92 87 0077 036-7 F-DB<br><\/strong>19.05.2020<br><img loading=\"lazy\" decoding=\"async\" width=\"33\" height=\"20\" class=\"wp-image-5706\" style=\"width: 33px;\" src=\"https:\/\/zug-bilder.de\/wp-content\/uploads\/2023\/04\/Flagge_Deutschland.jpg\" alt=\"\"> Weitfeld (T\u00fc\u00dfling)<\/p>\n<\/div>\n<\/div>\n\n\n\n<div class=\"wp-block-columns is-layout-flex wp-container-core-columns-is-layout-9d6595d7 wp-block-columns-is-layout-flex\">\n<div class=\"wp-block-column is-layout-flow wp-block-column-is-layout-flow\">\n<figure class=\"wp-block-image size-full\"><a href=\"https:\/\/zug-bilder.de\/wp-content\/uploads\/2020\/05\/1000-92-87-0077-036-7-F-DB_200519_Kastl.jpg\"><img loading=\"lazy\" decoding=\"async\" width=\"1000\" height=\"682\" src=\"https:\/\/zug-bilder.de\/wp-content\/uploads\/2020\/05\/1000-92-87-0077-036-7-F-DB_200519_Kastl.jpg\" alt=\"\" class=\"wp-image-3854\" srcset=\"https:\/\/zug-bilder.de\/wp-content\/uploads\/2020\/05\/1000-92-87-0077-036-7-F-DB_200519_Kastl.jpg 1000w, https:\/\/zug-bilder.de\/wp-content\/uploads\/2020\/05\/1000-92-87-0077-036-7-F-DB_200519_Kastl-300x205.jpg 300w, https:\/\/zug-bilder.de\/wp-content\/uploads\/2020\/05\/1000-92-87-0077-036-7-F-DB_200519_Kastl-768x524.jpg 768w\" sizes=\"auto, (max-width: 1000px) 100vw, 1000px\" \/><\/a><\/figure>\n<\/div>\n\n\n\n<div class=\"wp-block-column is-layout-flow wp-block-column-is-layout-flow\">\n<p class=\"has-light-gray-background-color has-background\"><strong>92 87 0077 036-7 F-DB<br><\/strong>19.05.2020<br><img loading=\"lazy\" decoding=\"async\" width=\"33\" height=\"20\" class=\"wp-image-5706\" style=\"width: 33px;\" src=\"https:\/\/zug-bilder.de\/wp-content\/uploads\/2023\/04\/Flagge_Deutschland.jpg\" alt=\"\"> Kastl (Oberbay)<\/p>\n<\/div>\n<\/div>\n\n\n\n<div class=\"wp-block-columns is-layout-flex wp-container-core-columns-is-layout-9d6595d7 wp-block-columns-is-layout-flex\">\n<div class=\"wp-block-column is-layout-flow wp-block-column-is-layout-flow\">\n<figure class=\"wp-block-image size-full\"><a href=\"https:\/\/zug-bilder.de\/wp-content\/uploads\/2022\/11\/1000-92-87-0077-037-5-F-DB_220830_MuenchenHeimeranplatz.jpg\"><img loading=\"lazy\" decoding=\"async\" width=\"1000\" height=\"682\" src=\"https:\/\/zug-bilder.de\/wp-content\/uploads\/2022\/11\/1000-92-87-0077-037-5-F-DB_220830_MuenchenHeimeranplatz.jpg\" alt=\"\" class=\"wp-image-5395\" srcset=\"https:\/\/zug-bilder.de\/wp-content\/uploads\/2022\/11\/1000-92-87-0077-037-5-F-DB_220830_MuenchenHeimeranplatz.jpg 1000w, https:\/\/zug-bilder.de\/wp-content\/uploads\/2022\/11\/1000-92-87-0077-037-5-F-DB_220830_MuenchenHeimeranplatz-300x205.jpg 300w, https:\/\/zug-bilder.de\/wp-content\/uploads\/2022\/11\/1000-92-87-0077-037-5-F-DB_220830_MuenchenHeimeranplatz-768x524.jpg 768w\" sizes=\"auto, (max-width: 1000px) 100vw, 1000px\" \/><\/a><\/figure>\n<\/div>\n\n\n\n<div class=\"wp-block-column is-layout-flow wp-block-column-is-layout-flow\">\n<p class=\"has-light-gray-background-color has-background\"><strong>92 87 0077 037-5 F-DB<br><\/strong>30.08.2022<br><img loading=\"lazy\" decoding=\"async\" width=\"33\" height=\"20\" class=\"wp-image-5706\" style=\"width: 33px;\" src=\"https:\/\/zug-bilder.de\/wp-content\/uploads\/2023\/04\/Flagge_Deutschland.jpg\" alt=\"\"> M\u00fcnchen Heimeranplatz<\/p>\n<\/div>\n<\/div>\n\n\n\n<div class=\"wp-block-columns is-layout-flex wp-container-core-columns-is-layout-9d6595d7 wp-block-columns-is-layout-flex\">\n<div class=\"wp-block-column is-layout-flow wp-block-column-is-layout-flow\">\n<figure class=\"wp-block-image size-full\"><a href=\"https:\/\/zug-bilder.de\/wp-content\/uploads\/2020\/05\/1000-92-87-0077-040-9-F-DB_200519_Weitfeld.jpg\"><img loading=\"lazy\" decoding=\"async\" width=\"1000\" height=\"682\" src=\"https:\/\/zug-bilder.de\/wp-content\/uploads\/2020\/05\/1000-92-87-0077-040-9-F-DB_200519_Weitfeld.jpg\" alt=\"\" class=\"wp-image-3852\" srcset=\"https:\/\/zug-bilder.de\/wp-content\/uploads\/2020\/05\/1000-92-87-0077-040-9-F-DB_200519_Weitfeld.jpg 1000w, https:\/\/zug-bilder.de\/wp-content\/uploads\/2020\/05\/1000-92-87-0077-040-9-F-DB_200519_Weitfeld-300x205.jpg 300w, https:\/\/zug-bilder.de\/wp-content\/uploads\/2020\/05\/1000-92-87-0077-040-9-F-DB_200519_Weitfeld-768x524.jpg 768w\" sizes=\"auto, (max-width: 1000px) 100vw, 1000px\" \/><\/a><\/figure>\n<\/div>\n\n\n\n<div class=\"wp-block-column is-layout-flow wp-block-column-is-layout-flow\">\n<p class=\"has-light-gray-background-color has-background\"><strong>92 87 0077 040-9 F-DB<br><\/strong>19.05.2020<br><img loading=\"lazy\" decoding=\"async\" width=\"33\" height=\"20\" class=\"wp-image-5706\" style=\"width: 33px;\" src=\"https:\/\/zug-bilder.de\/wp-content\/uploads\/2023\/04\/Flagge_Deutschland.jpg\" alt=\"\"> Weitfeld (T\u00fc\u00dfling)<\/p>\n<\/div>\n<\/div>\n","protected":false},"excerpt":{"rendered":"<p>92 87 0077 001-1 F-DB17.05.2016 T\u00fc\u00dfling 92 87 0077 014-4 F-DB17.05.2016 T\u00fc\u00dfling 92 87 0077 014-4 F-DB17.04.2019 M\u00fcnchen Heimeranplatz 92 87 0077 014-4 F-DB11.10.2020 Kastl (Oberbay)GC 60343Kastl (Oberbay) &#8211; Heilbronn Gbf 92 87 0077 014-4 F-DB03.03.2025 Polling 92 87 0077 022-7 F-DB30.08.2022 M\u00fcnchen Heimeranplatz 92 87 0077 025-0 F-DB06.03.2017 M\u00fcnchen Heimeranplatz 92 87 0077 027-6 &hellip; <a href=\"https:\/\/zug-bilder.de\/?page_id=709\" class=\"more-link\"><span class=\"screen-reader-text\">92 87 0077<\/span> weiterlesen<\/a><\/p>\n","protected":false},"author":1,"featured_media":0,"parent":0,"menu_order":0,"comment_status":"closed","ping_status":"closed","template":"","meta":{"footnotes":""},"class_list":["post-709","page","type-page","status-publish","hentry"],"_links":{"self":[{"href":"https:\/\/zug-bilder.de\/index.php?rest_route=\/wp\/v2\/pages\/709","targetHints":{"allow":["GET"]}}],"collection":[{"href":"https:\/\/zug-bilder.de\/index.php?rest_route=\/wp\/v2\/pages"}],"about":[{"href":"https:\/\/zug-bilder.de\/index.php?rest_route=\/wp\/v2\/types\/page"}],"author":[{"embeddable":true,"href":"https:\/\/zug-bilder.de\/index.php?rest_route=\/wp\/v2\/users\/1"}],"replies":[{"embeddable":true,"href":"https:\/\/zug-bilder.de\/index.php?rest_route=%2Fwp%2Fv2%2Fcomments&post=709"}],"version-history":[{"count":13,"href":"https:\/\/zug-bilder.de\/index.php?rest_route=\/wp\/v2\/pages\/709\/revisions"}],"predecessor-version":[{"id":7803,"href":"https:\/\/zug-bilder.de\/index.php?rest_route=\/wp\/v2\/pages\/709\/revisions\/7803"}],"wp:attachment":[{"href":"https:\/\/zug-bilder.de\/index.php?rest_route=%2Fwp%2Fv2%2Fmedia&parent=709"}],"curies":[{"name":"wp","href":"https:\/\/api.w.org\/{rel}","templated":true}]}}