{"id":75,"date":"2018-05-09T18:05:17","date_gmt":"2018-05-09T18:05:17","guid":{"rendered":"http:\/\/zug-bilder.de\/?page_id=75"},"modified":"2023-12-30T14:54:53","modified_gmt":"2023-12-30T14:54:53","slug":"baureihe-91-80-6115-baureihe-115","status":"publish","type":"page","link":"https:\/\/zug-bilder.de\/?page_id=75","title":{"rendered":"91 80 6110 \/ 91 80 6113 \/ 91 80 6114 \/ 91 80 6115"},"content":{"rendered":"<table>\n<tbody>\n<tr>\n<td style=\"vertical-align: middle;\"><a href=\"https:\/\/zug-bilder.de\/wp-content\/uploads\/2019\/03\/1000-91-80-6139-213-3-D-LM_190306_Vogl.jpg\"><img loading=\"lazy\" decoding=\"async\" class=\"alignnone size-medium wp-image-1397\" src=\"https:\/\/zug-bilder.de\/wp-content\/uploads\/2019\/03\/1000-91-80-6139-213-3-D-LM_190306_Vogl-300x205.jpg\" alt=\"\" width=\"300\" height=\"205\" srcset=\"https:\/\/zug-bilder.de\/wp-content\/uploads\/2019\/03\/1000-91-80-6139-213-3-D-LM_190306_Vogl-300x205.jpg 300w, https:\/\/zug-bilder.de\/wp-content\/uploads\/2019\/03\/1000-91-80-6139-213-3-D-LM_190306_Vogl-768x524.jpg 768w, https:\/\/zug-bilder.de\/wp-content\/uploads\/2019\/03\/1000-91-80-6139-213-3-D-LM_190306_Vogl.jpg 1000w\" sizes=\"auto, (max-width: 300px) 100vw, 300px\" \/><\/a><\/td>\n<td style=\"vertical-align: middle;\"><span style=\"color: #333333;\">91 80 6139 213-3 D-LM<strong><br \/>\n<em>(ehem. 110 213-6)<\/em><br \/>\n<\/strong><em>(ehem. E 10 213)<\/em><br \/>\n06.03.2019<br \/>\n<img loading=\"lazy\" decoding=\"async\" class=\"alignnone size-full wp-image-5706\" src=\"https:\/\/zug-bilder.de\/wp-content\/uploads\/2023\/04\/Flagge_Deutschland.jpg\" alt=\"\" width=\"33\" height=\"20\" \/> Vogl (Gro\u00dfkarolinenfeld)<\/span><\/td>\n<\/tr>\n<tr>\n<td style=\"vertical-align: middle;\"><a href=\"http:\/\/zug-bilder.de\/wp-content\/uploads\/2018\/05\/1000-91-80-6115-448-3-D-DB_150504_M\u00fcnchenHbf.jpg\"><img loading=\"lazy\" decoding=\"async\" class=\"alignnone size-medium wp-image-76\" src=\"http:\/\/zug-bilder.de\/wp-content\/uploads\/2018\/05\/1000-91-80-6115-448-3-D-DB_150504_M\u00fcnchenHbf-300x205.jpg\" alt=\"\" width=\"300\" height=\"205\" srcset=\"https:\/\/zug-bilder.de\/wp-content\/uploads\/2018\/05\/1000-91-80-6115-448-3-D-DB_150504_M\u00fcnchenHbf-300x205.jpg 300w, https:\/\/zug-bilder.de\/wp-content\/uploads\/2018\/05\/1000-91-80-6115-448-3-D-DB_150504_M\u00fcnchenHbf-768x524.jpg 768w, https:\/\/zug-bilder.de\/wp-content\/uploads\/2018\/05\/1000-91-80-6115-448-3-D-DB_150504_M\u00fcnchenHbf.jpg 1000w\" sizes=\"auto, (max-width: 300px) 100vw, 300px\" \/><\/a><\/td>\n<td style=\"vertical-align: middle;\"><span style=\"color: #333333;\"><strong>91 80 6115 448-3 D-DB<br \/>\n<\/strong><em>(ehem. 110 448-8)<\/em><br \/>\n<em>(ehem. E 10 448)<\/em><strong><br \/>\n<\/strong>04.05.2015<\/span><br \/>\n<span style=\"color: #333333;\"> <img loading=\"lazy\" decoding=\"async\" class=\"alignnone size-full wp-image-5706\" src=\"https:\/\/zug-bilder.de\/wp-content\/uploads\/2023\/04\/Flagge_Deutschland.jpg\" alt=\"\" width=\"33\" height=\"20\" \/> M\u00fcnchen Hbf<\/span><br \/>\n<span style=\"color: #333333;\"> <em>Abstellung von IC 2095<\/em><\/span><\/td>\n<\/tr>\n<tr>\n<td style=\"vertical-align: middle;\"><a href=\"https:\/\/zug-bilder.de\/wp-content\/uploads\/2018\/10\/1000-91-80-6115-448-3-D-DB_181029_M\u00fcnchenHeimeranplatz_PbZ2486.jpg\"><img loading=\"lazy\" decoding=\"async\" class=\"alignnone size-medium wp-image-993\" src=\"https:\/\/zug-bilder.de\/wp-content\/uploads\/2018\/10\/1000-91-80-6115-448-3-D-DB_181029_M\u00fcnchenHeimeranplatz_PbZ2486-300x205.jpg\" alt=\"\" width=\"300\" height=\"205\" srcset=\"https:\/\/zug-bilder.de\/wp-content\/uploads\/2018\/10\/1000-91-80-6115-448-3-D-DB_181029_M\u00fcnchenHeimeranplatz_PbZ2486-300x205.jpg 300w, https:\/\/zug-bilder.de\/wp-content\/uploads\/2018\/10\/1000-91-80-6115-448-3-D-DB_181029_M\u00fcnchenHeimeranplatz_PbZ2486-768x524.jpg 768w, https:\/\/zug-bilder.de\/wp-content\/uploads\/2018\/10\/1000-91-80-6115-448-3-D-DB_181029_M\u00fcnchenHeimeranplatz_PbZ2486.jpg 1000w\" sizes=\"auto, (max-width: 300px) 100vw, 300px\" \/><\/a><\/td>\n<td style=\"vertical-align: middle;\"><span style=\"color: #333333;\"><strong>91 80 6115 448-3 D-DB<br \/>\n<\/strong><em>(ehem. 110 448-8)<\/em><br \/>\n<em>(ehem. E 10 448)<\/em><br \/>\n29.10.2018<br \/>\n<img loading=\"lazy\" decoding=\"async\" class=\"alignnone size-full wp-image-5706\" src=\"https:\/\/zug-bilder.de\/wp-content\/uploads\/2023\/04\/Flagge_Deutschland.jpg\" alt=\"\" width=\"33\" height=\"20\" \/> M\u00fcnchen Heimeranplatz<br \/>\n<em>PbZ 2486<br \/>\nM\u00fcnchen Pasing Bbf &#8211;<br \/>\nLeipzig Hbf<br \/>\n<\/em><\/span><\/td>\n<\/tr>\n<tr>\n<td style=\"vertical-align: middle;\"><a href=\"https:\/\/zug-bilder.de\/wp-content\/uploads\/2018\/10\/1000-91-80-6115-459-0-D-DB_181011_M\u00fcnchenHbf_LPF78772.jpg\"><img loading=\"lazy\" decoding=\"async\" class=\"alignnone size-medium wp-image-967\" src=\"https:\/\/zug-bilder.de\/wp-content\/uploads\/2018\/10\/1000-91-80-6115-459-0-D-DB_181011_M\u00fcnchenHbf_LPF78772-300x205.jpg\" alt=\"\" width=\"300\" height=\"205\" srcset=\"https:\/\/zug-bilder.de\/wp-content\/uploads\/2018\/10\/1000-91-80-6115-459-0-D-DB_181011_M\u00fcnchenHbf_LPF78772-300x205.jpg 300w, https:\/\/zug-bilder.de\/wp-content\/uploads\/2018\/10\/1000-91-80-6115-459-0-D-DB_181011_M\u00fcnchenHbf_LPF78772-768x524.jpg 768w, https:\/\/zug-bilder.de\/wp-content\/uploads\/2018\/10\/1000-91-80-6115-459-0-D-DB_181011_M\u00fcnchenHbf_LPF78772.jpg 1000w\" sizes=\"auto, (max-width: 300px) 100vw, 300px\" \/><\/a><\/td>\n<td style=\"vertical-align: middle;\"><span style=\"color: #333333;\"><strong>91 80 6115 459-0 D-DB<br \/>\n<\/strong><em>(ehem. 110 459-5)<\/em><br \/>\n<em>(ehem. E 10 459)<\/em><strong><br \/>\n<\/strong>11.10.2018<br \/>\n<img loading=\"lazy\" decoding=\"async\" class=\"alignnone size-full wp-image-5706\" src=\"https:\/\/zug-bilder.de\/wp-content\/uploads\/2023\/04\/Flagge_Deutschland.jpg\" alt=\"\" width=\"33\" height=\"20\" \/> M\u00fcnchen Hbf<br \/>\n<em>LPF 78772<\/em><br \/>\n<em>M\u00fcnchen Pasing Bbf &#8211;<\/em><br \/>\n<em>M\u00fcnchen Hbf<\/em><strong><br \/>\n<\/strong><\/span><\/td>\n<\/tr>\n<\/tbody>\n<\/table>\n","protected":false},"excerpt":{"rendered":"<p>91 80 6139 213-3 D-LM (ehem. 110 213-6) (ehem. E 10 213) 06.03.2019 Vogl (Gro\u00dfkarolinenfeld) 91 80 6115 448-3 D-DB (ehem. 110 448-8) (ehem. E 10 448) 04.05.2015 M\u00fcnchen Hbf Abstellung von IC 2095 91 80 6115 448-3 D-DB (ehem. 110 448-8) (ehem. E 10 448) 29.10.2018 M\u00fcnchen Heimeranplatz PbZ 2486 M\u00fcnchen Pasing Bbf &#8211; &hellip; <a href=\"https:\/\/zug-bilder.de\/?page_id=75\" class=\"more-link\"><span class=\"screen-reader-text\">91 80 6110 \/ 91 80 6113 \/ 91 80 6114 \/ 91 80 6115<\/span> weiterlesen<\/a><\/p>\n","protected":false},"author":1,"featured_media":0,"parent":0,"menu_order":0,"comment_status":"closed","ping_status":"closed","template":"","meta":{"footnotes":""},"class_list":["post-75","page","type-page","status-publish","hentry"],"_links":{"self":[{"href":"https:\/\/zug-bilder.de\/index.php?rest_route=\/wp\/v2\/pages\/75","targetHints":{"allow":["GET"]}}],"collection":[{"href":"https:\/\/zug-bilder.de\/index.php?rest_route=\/wp\/v2\/pages"}],"about":[{"href":"https:\/\/zug-bilder.de\/index.php?rest_route=\/wp\/v2\/types\/page"}],"author":[{"embeddable":true,"href":"https:\/\/zug-bilder.de\/index.php?rest_route=\/wp\/v2\/users\/1"}],"replies":[{"embeddable":true,"href":"https:\/\/zug-bilder.de\/index.php?rest_route=%2Fwp%2Fv2%2Fcomments&post=75"}],"version-history":[{"count":12,"href":"https:\/\/zug-bilder.de\/index.php?rest_route=\/wp\/v2\/pages\/75\/revisions"}],"predecessor-version":[{"id":5938,"href":"https:\/\/zug-bilder.de\/index.php?rest_route=\/wp\/v2\/pages\/75\/revisions\/5938"}],"wp:attachment":[{"href":"https:\/\/zug-bilder.de\/index.php?rest_route=%2Fwp%2Fv2%2Fmedia&parent=75"}],"curies":[{"name":"wp","href":"https:\/\/api.w.org\/{rel}","templated":true}]}}