{"id":794,"date":"2018-10-02T17:20:02","date_gmt":"2018-10-02T17:20:02","guid":{"rendered":"https:\/\/zug-bilder.de\/?page_id=794"},"modified":"2025-06-07T17:06:02","modified_gmt":"2025-06-07T17:06:02","slug":"92-80-1232","status":"publish","type":"page","link":"https:\/\/zug-bilder.de\/?page_id=794","title":{"rendered":"92 80 1232 \/ 92 80 1233"},"content":{"rendered":"\n<div class=\"wp-block-columns is-layout-flex wp-container-core-columns-is-layout-9d6595d7 wp-block-columns-is-layout-flex\">\n<div class=\"wp-block-column is-layout-flow wp-block-column-is-layout-flow\">\n<figure class=\"wp-block-image size-full\"><a href=\"https:\/\/zug-bilder.de\/wp-content\/uploads\/2018\/10\/1000-92-80-1232-088-5-D-EFW_041027_T\u00f6ging.jpg\"><img loading=\"lazy\" decoding=\"async\" width=\"1000\" height=\"682\" src=\"https:\/\/zug-bilder.de\/wp-content\/uploads\/2018\/10\/1000-92-80-1232-088-5-D-EFW_041027_T\u00f6ging.jpg\" alt=\"\" class=\"wp-image-800\" srcset=\"https:\/\/zug-bilder.de\/wp-content\/uploads\/2018\/10\/1000-92-80-1232-088-5-D-EFW_041027_T\u00f6ging.jpg 1000w, https:\/\/zug-bilder.de\/wp-content\/uploads\/2018\/10\/1000-92-80-1232-088-5-D-EFW_041027_T\u00f6ging-300x205.jpg 300w, https:\/\/zug-bilder.de\/wp-content\/uploads\/2018\/10\/1000-92-80-1232-088-5-D-EFW_041027_T\u00f6ging-768x524.jpg 768w\" sizes=\"auto, (max-width: 1000px) 100vw, 1000px\" \/><\/a><\/figure>\n<\/div>\n\n\n\n<div class=\"wp-block-column is-layout-flow wp-block-column-is-layout-flow\">\n<p class=\"has-light-gray-background-color has-background\"><strong>92 80 1232 088-5 D-EFW<br><\/strong><em>(ehem. 132 088-6)<br><\/em>27.10.2004<br><img loading=\"lazy\" decoding=\"async\" width=\"33\" height=\"20\" class=\"wp-image-5706\" style=\"width: 33px;\" src=\"https:\/\/zug-bilder.de\/wp-content\/uploads\/2023\/04\/Flagge_Deutschland.jpg\" alt=\"\"> T\u00f6ging (Inn)<\/p>\n<\/div>\n<\/div>\n\n\n\n<div class=\"wp-block-columns is-layout-flex wp-container-core-columns-is-layout-9d6595d7 wp-block-columns-is-layout-flex\">\n<div class=\"wp-block-column is-layout-flow wp-block-column-is-layout-flow\">\n<figure class=\"wp-block-image size-full\"><a href=\"https:\/\/zug-bilder.de\/wp-content\/uploads\/2020\/05\/1000-92-80-1233-112-2-D-DB_200522_Weitfeld_51812.jpg\"><img loading=\"lazy\" decoding=\"async\" width=\"1000\" height=\"682\" src=\"https:\/\/zug-bilder.de\/wp-content\/uploads\/2020\/05\/1000-92-80-1233-112-2-D-DB_200522_Weitfeld_51812.jpg\" alt=\"\" class=\"wp-image-3856\" srcset=\"https:\/\/zug-bilder.de\/wp-content\/uploads\/2020\/05\/1000-92-80-1233-112-2-D-DB_200522_Weitfeld_51812.jpg 1000w, https:\/\/zug-bilder.de\/wp-content\/uploads\/2020\/05\/1000-92-80-1233-112-2-D-DB_200522_Weitfeld_51812-300x205.jpg 300w, https:\/\/zug-bilder.de\/wp-content\/uploads\/2020\/05\/1000-92-80-1233-112-2-D-DB_200522_Weitfeld_51812-768x524.jpg 768w\" sizes=\"auto, (max-width: 1000px) 100vw, 1000px\" \/><\/a><\/figure>\n<\/div>\n\n\n\n<div class=\"wp-block-column is-layout-flow wp-block-column-is-layout-flow\">\n<p class=\"has-light-gray-background-color has-background\"><strong>92 80 1233 112-2 D-DB<br><\/strong><em>(ehem. 232 112-3)<\/em><br><em>(ehem. 132 112-4)<\/em><br>22.05.2020<br><img loading=\"lazy\" decoding=\"async\" width=\"33\" height=\"20\" class=\"wp-image-5706\" style=\"width: 33px;\" src=\"https:\/\/zug-bilder.de\/wp-content\/uploads\/2023\/04\/Flagge_Deutschland.jpg\" alt=\"\"> Weitfeld (T\u00fc\u00dfling)<br><em>51812<\/em><br><em>Burghausen Wackerwerk &#8211;<\/em> <em>M\u00fcnchen Nord Rbf<\/em><\/p>\n<\/div>\n<\/div>\n\n\n\n<div class=\"wp-block-columns is-layout-flex wp-container-core-columns-is-layout-9d6595d7 wp-block-columns-is-layout-flex\">\n<div class=\"wp-block-column is-layout-flow wp-block-column-is-layout-flow\">\n<figure class=\"wp-block-image size-full\"><a href=\"https:\/\/zug-bilder.de\/wp-content\/uploads\/2023\/04\/1000-92-80-1234-242-6-D-DB_141028_MuenchenHeimeranplatz_EC114.jpg\"><img loading=\"lazy\" decoding=\"async\" width=\"1000\" height=\"682\" src=\"https:\/\/zug-bilder.de\/wp-content\/uploads\/2023\/04\/1000-92-80-1234-242-6-D-DB_141028_MuenchenHeimeranplatz_EC114.jpg\" alt=\"\" class=\"wp-image-5696\" srcset=\"https:\/\/zug-bilder.de\/wp-content\/uploads\/2023\/04\/1000-92-80-1234-242-6-D-DB_141028_MuenchenHeimeranplatz_EC114.jpg 1000w, https:\/\/zug-bilder.de\/wp-content\/uploads\/2023\/04\/1000-92-80-1234-242-6-D-DB_141028_MuenchenHeimeranplatz_EC114-300x205.jpg 300w, https:\/\/zug-bilder.de\/wp-content\/uploads\/2023\/04\/1000-92-80-1234-242-6-D-DB_141028_MuenchenHeimeranplatz_EC114-768x524.jpg 768w\" sizes=\"auto, (max-width: 1000px) 100vw, 1000px\" \/><\/a><\/figure>\n<\/div>\n\n\n\n<div class=\"wp-block-column is-layout-flow wp-block-column-is-layout-flow\">\n<p class=\"has-light-gray-background-color has-background\"><strong>92 80 1234 242-6 D-DB<br><\/strong><em>(ehem. 232 242-8)<\/em><br><em>(ehem. 132 242-9)<\/em><br>28.10.2014<br><img loading=\"lazy\" decoding=\"async\" width=\"33\" height=\"20\" class=\"wp-image-5706\" style=\"width: 33px;\" src=\"https:\/\/zug-bilder.de\/wp-content\/uploads\/2023\/04\/Flagge_Deutschland.jpg\" alt=\"\"> M\u00fcnchen Heimeranplatz<br><em>EC 114 &#8222;W\u00f6rthersee&#8220;<\/em><br><em>Klagenfurt Hbf &#8211;<\/em> <em>Dortmund Hbf<\/em><\/p>\n<\/div>\n<\/div>\n\n\n\n<div class=\"wp-block-columns is-layout-flex wp-container-core-columns-is-layout-9d6595d7 wp-block-columns-is-layout-flex\">\n<div class=\"wp-block-column is-layout-flow wp-block-column-is-layout-flow\">\n<figure class=\"wp-block-image size-full\"><a href=\"https:\/\/zug-bilder.de\/wp-content\/uploads\/2018\/10\/1000-92-80-1232-252-7-D-DB_160324_Aham_KT50327.jpg\"><img loading=\"lazy\" decoding=\"async\" width=\"1000\" height=\"682\" src=\"https:\/\/zug-bilder.de\/wp-content\/uploads\/2018\/10\/1000-92-80-1232-252-7-D-DB_160324_Aham_KT50327.jpg\" alt=\"\" class=\"wp-image-795\" srcset=\"https:\/\/zug-bilder.de\/wp-content\/uploads\/2018\/10\/1000-92-80-1232-252-7-D-DB_160324_Aham_KT50327.jpg 1000w, https:\/\/zug-bilder.de\/wp-content\/uploads\/2018\/10\/1000-92-80-1232-252-7-D-DB_160324_Aham_KT50327-300x205.jpg 300w, https:\/\/zug-bilder.de\/wp-content\/uploads\/2018\/10\/1000-92-80-1232-252-7-D-DB_160324_Aham_KT50327-768x524.jpg 768w\" sizes=\"auto, (max-width: 1000px) 100vw, 1000px\" \/><\/a><\/figure>\n<\/div>\n\n\n\n<div class=\"wp-block-column is-layout-flow wp-block-column-is-layout-flow\">\n<p class=\"has-light-gray-background-color has-background\"><strong>92 80 1232 252-7 D-DB<br><\/strong><em>(ehem. 132 252-8)<\/em><br>24.03.2016<br><img loading=\"lazy\" decoding=\"async\" width=\"33\" height=\"20\" class=\"wp-image-5706\" style=\"width: 33px;\" src=\"https:\/\/zug-bilder.de\/wp-content\/uploads\/2023\/04\/Flagge_Deutschland.jpg\" alt=\"\"> Aham (M\u00fchldorf)<br><em>KT 50327<br>Maschen Rbf &#8211; Burghausen Wackerwerk<\/em><\/p>\n<\/div>\n<\/div>\n\n\n\n<div class=\"wp-block-columns is-layout-flex wp-container-core-columns-is-layout-9d6595d7 wp-block-columns-is-layout-flex\">\n<div class=\"wp-block-column is-layout-flow wp-block-column-is-layout-flow\">\n<figure class=\"wp-block-image size-full\"><a href=\"https:\/\/zug-bilder.de\/wp-content\/uploads\/2018\/10\/1000-92-80-1232-262-6-D-DB_150820_M\u00fchldorf.jpg\"><img loading=\"lazy\" decoding=\"async\" width=\"1000\" height=\"682\" src=\"https:\/\/zug-bilder.de\/wp-content\/uploads\/2018\/10\/1000-92-80-1232-262-6-D-DB_150820_M\u00fchldorf.jpg\" alt=\"\" class=\"wp-image-798\" srcset=\"https:\/\/zug-bilder.de\/wp-content\/uploads\/2018\/10\/1000-92-80-1232-262-6-D-DB_150820_M\u00fchldorf.jpg 1000w, https:\/\/zug-bilder.de\/wp-content\/uploads\/2018\/10\/1000-92-80-1232-262-6-D-DB_150820_M\u00fchldorf-300x205.jpg 300w, https:\/\/zug-bilder.de\/wp-content\/uploads\/2018\/10\/1000-92-80-1232-262-6-D-DB_150820_M\u00fchldorf-768x524.jpg 768w\" sizes=\"auto, (max-width: 1000px) 100vw, 1000px\" \/><\/a><\/figure>\n<\/div>\n\n\n\n<div class=\"wp-block-column is-layout-flow wp-block-column-is-layout-flow\">\n<p class=\"has-light-gray-background-color has-background\"><strong>92 80 1232 262-6 D-DB<br><\/strong><em>(ehem. 132 262-7)<\/em><br>20.08.2015<br><img loading=\"lazy\" decoding=\"async\" width=\"33\" height=\"20\" class=\"wp-image-5706\" style=\"width: 33px;\" src=\"https:\/\/zug-bilder.de\/wp-content\/uploads\/2023\/04\/Flagge_Deutschland.jpg\" alt=\"\"> M\u00fchldorf (Oberbay)<\/p>\n<\/div>\n<\/div>\n\n\n\n<div class=\"wp-block-columns is-layout-flex wp-container-core-columns-is-layout-9d6595d7 wp-block-columns-is-layout-flex\">\n<div class=\"wp-block-column is-layout-flow wp-block-column-is-layout-flow\">\n<figure class=\"wp-block-image size-full\"><a href=\"https:\/\/zug-bilder.de\/wp-content\/uploads\/2019\/03\/1000-92-80-1232-330-1-D-DB_140828_Kastl.jpg\"><img loading=\"lazy\" decoding=\"async\" width=\"1000\" height=\"682\" src=\"https:\/\/zug-bilder.de\/wp-content\/uploads\/2019\/03\/1000-92-80-1232-330-1-D-DB_140828_Kastl.jpg\" alt=\"\" class=\"wp-image-1436\" srcset=\"https:\/\/zug-bilder.de\/wp-content\/uploads\/2019\/03\/1000-92-80-1232-330-1-D-DB_140828_Kastl.jpg 1000w, https:\/\/zug-bilder.de\/wp-content\/uploads\/2019\/03\/1000-92-80-1232-330-1-D-DB_140828_Kastl-300x205.jpg 300w, https:\/\/zug-bilder.de\/wp-content\/uploads\/2019\/03\/1000-92-80-1232-330-1-D-DB_140828_Kastl-768x524.jpg 768w\" sizes=\"auto, (max-width: 1000px) 100vw, 1000px\" \/><\/a><\/figure>\n<\/div>\n\n\n\n<div class=\"wp-block-column is-layout-flow wp-block-column-is-layout-flow\">\n<p class=\"has-light-gray-background-color has-background\"><strong>92 80 1232 330-1 D-DB<br><\/strong><em>(ehem. 132 330-2)<br><\/em>28.08.2014<br><img loading=\"lazy\" decoding=\"async\" width=\"33\" height=\"20\" class=\"wp-image-5706\" style=\"width: 33px;\" src=\"https:\/\/zug-bilder.de\/wp-content\/uploads\/2023\/04\/Flagge_Deutschland.jpg\" alt=\"\"> Kastl (Oberbay)<\/p>\n<\/div>\n<\/div>\n\n\n\n<div class=\"wp-block-columns is-layout-flex wp-container-core-columns-is-layout-9d6595d7 wp-block-columns-is-layout-flex\">\n<div class=\"wp-block-column is-layout-flow wp-block-column-is-layout-flow\">\n<figure class=\"wp-block-image size-full\"><a href=\"https:\/\/zug-bilder.de\/wp-content\/uploads\/2025\/06\/1000-92-80-1232-330-1-D-DB_140828_Kastl_EK56713.jpg\"><img loading=\"lazy\" decoding=\"async\" width=\"1000\" height=\"667\" src=\"https:\/\/zug-bilder.de\/wp-content\/uploads\/2025\/06\/1000-92-80-1232-330-1-D-DB_140828_Kastl_EK56713.jpg\" alt=\"\" class=\"wp-image-7697\" srcset=\"https:\/\/zug-bilder.de\/wp-content\/uploads\/2025\/06\/1000-92-80-1232-330-1-D-DB_140828_Kastl_EK56713.jpg 1000w, https:\/\/zug-bilder.de\/wp-content\/uploads\/2025\/06\/1000-92-80-1232-330-1-D-DB_140828_Kastl_EK56713-300x200.jpg 300w, https:\/\/zug-bilder.de\/wp-content\/uploads\/2025\/06\/1000-92-80-1232-330-1-D-DB_140828_Kastl_EK56713-768x512.jpg 768w\" sizes=\"auto, (max-width: 1000px) 100vw, 1000px\" \/><\/a><\/figure>\n<\/div>\n\n\n\n<div class=\"wp-block-column is-layout-flow wp-block-column-is-layout-flow\">\n<p class=\"has-light-gray-background-color has-background\"><strong>92 80 1232 330-1 D-DB<br><\/strong><em>(ehem. 132 330-2)<br><\/em>28.08.2014<br><img loading=\"lazy\" decoding=\"async\" width=\"33\" height=\"20\" class=\"wp-image-5706\" style=\"width: 33px;\" src=\"https:\/\/zug-bilder.de\/wp-content\/uploads\/2023\/04\/Flagge_Deutschland.jpg\" alt=\"\"> Kastl (Oberbay)<br><em>EK 56713<br>M\u00fchldorf (Oberbay) &#8211; Kastl (Oberbay)<\/em><\/p>\n<\/div>\n<\/div>\n\n\n\n<div class=\"wp-block-columns is-layout-flex wp-container-core-columns-is-layout-9d6595d7 wp-block-columns-is-layout-flex\">\n<div class=\"wp-block-column is-layout-flow wp-block-column-is-layout-flow\">\n<figure class=\"wp-block-image size-full\"><a href=\"https:\/\/zug-bilder.de\/wp-content\/uploads\/2022\/02\/1000-92-80-1233-373-0-D-DB_140902_Muehldorf_EK56534.jpg\"><img loading=\"lazy\" decoding=\"async\" width=\"1000\" height=\"682\" src=\"https:\/\/zug-bilder.de\/wp-content\/uploads\/2022\/02\/1000-92-80-1233-373-0-D-DB_140902_Muehldorf_EK56534.jpg\" alt=\"\" class=\"wp-image-5142\" srcset=\"https:\/\/zug-bilder.de\/wp-content\/uploads\/2022\/02\/1000-92-80-1233-373-0-D-DB_140902_Muehldorf_EK56534.jpg 1000w, https:\/\/zug-bilder.de\/wp-content\/uploads\/2022\/02\/1000-92-80-1233-373-0-D-DB_140902_Muehldorf_EK56534-300x205.jpg 300w, https:\/\/zug-bilder.de\/wp-content\/uploads\/2022\/02\/1000-92-80-1233-373-0-D-DB_140902_Muehldorf_EK56534-768x524.jpg 768w\" sizes=\"auto, (max-width: 1000px) 100vw, 1000px\" \/><\/a><\/figure>\n<\/div>\n\n\n\n<div class=\"wp-block-column is-layout-flow wp-block-column-is-layout-flow\">\n<p class=\"has-light-gray-background-color has-background\"><strong>92 80 1233 373-0 D-DB<br><\/strong><em>(ehem. 232 373-1)<\/em><br><em>(ehem. 132 373-2)<\/em><br>02.09.2014<br><img loading=\"lazy\" decoding=\"async\" width=\"33\" height=\"20\" class=\"wp-image-5706\" style=\"width: 33px;\" src=\"https:\/\/zug-bilder.de\/wp-content\/uploads\/2023\/04\/Flagge_Deutschland.jpg\" alt=\"\"> M\u00fchldorf (Oberbay)<br><em>EK 56534<\/em><br><em>Trostberg &#8211; M\u00fchldorf (Oberbay)<\/em><\/p>\n<\/div>\n<\/div>\n\n\n\n<div class=\"wp-block-columns is-layout-flex wp-container-core-columns-is-layout-9d6595d7 wp-block-columns-is-layout-flex\">\n<div class=\"wp-block-column is-layout-flow wp-block-column-is-layout-flow\">\n<figure class=\"wp-block-image size-full\"><a href=\"https:\/\/zug-bilder.de\/wp-content\/uploads\/2023\/04\/1000-92-80-1233-452-2-D-DB_141028_MuenchenHeimeranplatz_EZ52355.jpg\"><img loading=\"lazy\" decoding=\"async\" width=\"1000\" height=\"682\" src=\"https:\/\/zug-bilder.de\/wp-content\/uploads\/2023\/04\/1000-92-80-1233-452-2-D-DB_141028_MuenchenHeimeranplatz_EZ52355.jpg\" alt=\"\" class=\"wp-image-5698\" srcset=\"https:\/\/zug-bilder.de\/wp-content\/uploads\/2023\/04\/1000-92-80-1233-452-2-D-DB_141028_MuenchenHeimeranplatz_EZ52355.jpg 1000w, https:\/\/zug-bilder.de\/wp-content\/uploads\/2023\/04\/1000-92-80-1233-452-2-D-DB_141028_MuenchenHeimeranplatz_EZ52355-300x205.jpg 300w, https:\/\/zug-bilder.de\/wp-content\/uploads\/2023\/04\/1000-92-80-1233-452-2-D-DB_141028_MuenchenHeimeranplatz_EZ52355-768x524.jpg 768w\" sizes=\"auto, (max-width: 1000px) 100vw, 1000px\" \/><\/a><\/figure>\n<\/div>\n\n\n\n<div class=\"wp-block-column is-layout-flow wp-block-column-is-layout-flow\">\n<p class=\"has-light-gray-background-color has-background\"><strong>91 80 1233 452-2 D-DB<br><\/strong><em>(ehem. 232 452-3)<\/em><br><em>(ehem. 132 452-4)<\/em><br>28.10.2014<br><img loading=\"lazy\" decoding=\"async\" width=\"33\" height=\"20\" class=\"wp-image-5706\" style=\"width: 33px;\" src=\"https:\/\/zug-bilder.de\/wp-content\/uploads\/2023\/04\/Flagge_Deutschland.jpg\" alt=\"\"> M\u00fcnchen Heimeranplatz<br><em>EZ 52355<\/em><br><em>M\u00fcnchen Nord Rbf &#8211;<\/em> <em>Burghausen Wackerwerk<\/em><\/p>\n<\/div>\n<\/div>\n\n\n\n<div class=\"wp-block-columns is-layout-flex wp-container-core-columns-is-layout-9d6595d7 wp-block-columns-is-layout-flex\">\n<div class=\"wp-block-column is-layout-flow wp-block-column-is-layout-flow\">\n<figure class=\"wp-block-image size-full\"><a href=\"https:\/\/zug-bilder.de\/wp-content\/uploads\/2018\/10\/1000-92-80-1233-462-1-D-DB_070403_Hart_CS47855.jpg\"><img loading=\"lazy\" decoding=\"async\" width=\"1000\" height=\"682\" src=\"https:\/\/zug-bilder.de\/wp-content\/uploads\/2018\/10\/1000-92-80-1233-462-1-D-DB_070403_Hart_CS47855.jpg\" alt=\"\" class=\"wp-image-910\" srcset=\"https:\/\/zug-bilder.de\/wp-content\/uploads\/2018\/10\/1000-92-80-1233-462-1-D-DB_070403_Hart_CS47855.jpg 1000w, https:\/\/zug-bilder.de\/wp-content\/uploads\/2018\/10\/1000-92-80-1233-462-1-D-DB_070403_Hart_CS47855-300x205.jpg 300w, https:\/\/zug-bilder.de\/wp-content\/uploads\/2018\/10\/1000-92-80-1233-462-1-D-DB_070403_Hart_CS47855-768x524.jpg 768w\" sizes=\"auto, (max-width: 1000px) 100vw, 1000px\" \/><\/a><\/figure>\n<\/div>\n\n\n\n<div class=\"wp-block-column is-layout-flow wp-block-column-is-layout-flow\">\n<p class=\"has-light-gray-background-color has-background\"><strong>92 80 1233 462-1 D-DB<br><\/strong><em>(ehem. 232 462-2)<br>(ehem. 132 462-3)<\/em><br>03.04.2007<br><img loading=\"lazy\" decoding=\"async\" width=\"33\" height=\"20\" class=\"wp-image-5706\" style=\"width: 33px;\" src=\"https:\/\/zug-bilder.de\/wp-content\/uploads\/2023\/04\/Flagge_Deutschland.jpg\" alt=\"\"> Hart (M\u00fchldorf)<br><em>CS 47855<\/em><br><em>Burghausen Wackerwerk \u2013<\/em> <em>Wien Stadlau<\/em><\/p>\n<\/div>\n<\/div>\n\n\n\n<div class=\"wp-block-columns is-layout-flex wp-container-core-columns-is-layout-9d6595d7 wp-block-columns-is-layout-flex\">\n<div class=\"wp-block-column is-layout-flow wp-block-column-is-layout-flow\">\n<figure class=\"wp-block-image size-full\"><a href=\"https:\/\/zug-bilder.de\/wp-content\/uploads\/2021\/04\/1000-92-80-1233-572-7-D-DB_130123_Kastl_EK56579.jpg\"><img loading=\"lazy\" decoding=\"async\" width=\"1000\" height=\"682\" src=\"https:\/\/zug-bilder.de\/wp-content\/uploads\/2021\/04\/1000-92-80-1233-572-7-D-DB_130123_Kastl_EK56579.jpg\" alt=\"\" class=\"wp-image-4499\" srcset=\"https:\/\/zug-bilder.de\/wp-content\/uploads\/2021\/04\/1000-92-80-1233-572-7-D-DB_130123_Kastl_EK56579.jpg 1000w, https:\/\/zug-bilder.de\/wp-content\/uploads\/2021\/04\/1000-92-80-1233-572-7-D-DB_130123_Kastl_EK56579-300x205.jpg 300w, https:\/\/zug-bilder.de\/wp-content\/uploads\/2021\/04\/1000-92-80-1233-572-7-D-DB_130123_Kastl_EK56579-768x524.jpg 768w\" sizes=\"auto, (max-width: 1000px) 100vw, 1000px\" \/><\/a><\/figure>\n<\/div>\n\n\n\n<div class=\"wp-block-column is-layout-flow wp-block-column-is-layout-flow\">\n<p class=\"has-light-gray-background-color has-background\"><strong>92 80 1233 572-7 D-DB<br><\/strong><em>(ehem. 232 572-8)<\/em><br><em>(ehem. 132 572-9)<\/em><br>23.01.2013<br><img loading=\"lazy\" decoding=\"async\" width=\"33\" height=\"20\" class=\"wp-image-5706\" style=\"width: 33px;\" src=\"https:\/\/zug-bilder.de\/wp-content\/uploads\/2023\/04\/Flagge_Deutschland.jpg\" alt=\"\"> Kastl (Oberbay)<br><em>EK 56579<\/em><br><em>M\u00fchldorf (Oberbay) &#8211;<\/em> <em>Burghausen Wackerwerk<\/em><\/p>\n<\/div>\n<\/div>\n\n\n\n<div class=\"wp-block-columns is-layout-flex wp-container-core-columns-is-layout-9d6595d7 wp-block-columns-is-layout-flex\">\n<div class=\"wp-block-column is-layout-flow wp-block-column-is-layout-flow\">\n<figure class=\"wp-block-image size-full\"><a href=\"https:\/\/zug-bilder.de\/wp-content\/uploads\/2019\/11\/1000-92-80-1233-588-3-D-DB_080627_T\u00fc\u00dfling_Tfzf69199.jpg\"><img loading=\"lazy\" decoding=\"async\" width=\"1000\" height=\"682\" src=\"https:\/\/zug-bilder.de\/wp-content\/uploads\/2019\/11\/1000-92-80-1233-588-3-D-DB_080627_T\u00fc\u00dfling_Tfzf69199.jpg\" alt=\"\" class=\"wp-image-2683\" srcset=\"https:\/\/zug-bilder.de\/wp-content\/uploads\/2019\/11\/1000-92-80-1233-588-3-D-DB_080627_T\u00fc\u00dfling_Tfzf69199.jpg 1000w, https:\/\/zug-bilder.de\/wp-content\/uploads\/2019\/11\/1000-92-80-1233-588-3-D-DB_080627_T\u00fc\u00dfling_Tfzf69199-300x205.jpg 300w, https:\/\/zug-bilder.de\/wp-content\/uploads\/2019\/11\/1000-92-80-1233-588-3-D-DB_080627_T\u00fc\u00dfling_Tfzf69199-768x524.jpg 768w\" sizes=\"auto, (max-width: 1000px) 100vw, 1000px\" \/><\/a><\/figure>\n<\/div>\n\n\n\n<div class=\"wp-block-column is-layout-flow wp-block-column-is-layout-flow\">\n<p class=\"has-light-gray-background-color has-background\"><strong>92 80 1233 588-3 D-DB<br><\/strong><em>(ehem. 232 588-4)<br>(ehem. 132 588-5)<\/em><br>27.06.2008<br><img loading=\"lazy\" decoding=\"async\" width=\"33\" height=\"20\" class=\"wp-image-5706\" style=\"width: 33px;\" src=\"https:\/\/zug-bilder.de\/wp-content\/uploads\/2023\/04\/Flagge_Deutschland.jpg\" alt=\"\"> T\u00fc\u00dfling<br><em>Tfzf 69199<\/em><br><em>M\u00fchldorf (Oberbay) &#8211;<\/em> <em>Kastl (Oberbay)<\/em><\/p>\n<\/div>\n<\/div>\n\n\n\n<div class=\"wp-block-columns is-layout-flex wp-container-core-columns-is-layout-9d6595d7 wp-block-columns-is-layout-flex\">\n<div class=\"wp-block-column is-layout-flow wp-block-column-is-layout-flow\">\n<figure class=\"wp-block-image size-full\"><a href=\"https:\/\/zug-bilder.de\/wp-content\/uploads\/2019\/11\/1000-92-80-1233-588-3-D-DB_080627_T\u00fc\u00dfling_Tfzf69199_2.jpg\"><img loading=\"lazy\" decoding=\"async\" width=\"1000\" height=\"682\" src=\"https:\/\/zug-bilder.de\/wp-content\/uploads\/2019\/11\/1000-92-80-1233-588-3-D-DB_080627_T\u00fc\u00dfling_Tfzf69199_2.jpg\" alt=\"\" class=\"wp-image-2685\" srcset=\"https:\/\/zug-bilder.de\/wp-content\/uploads\/2019\/11\/1000-92-80-1233-588-3-D-DB_080627_T\u00fc\u00dfling_Tfzf69199_2.jpg 1000w, https:\/\/zug-bilder.de\/wp-content\/uploads\/2019\/11\/1000-92-80-1233-588-3-D-DB_080627_T\u00fc\u00dfling_Tfzf69199_2-300x205.jpg 300w, https:\/\/zug-bilder.de\/wp-content\/uploads\/2019\/11\/1000-92-80-1233-588-3-D-DB_080627_T\u00fc\u00dfling_Tfzf69199_2-768x524.jpg 768w\" sizes=\"auto, (max-width: 1000px) 100vw, 1000px\" \/><\/a><\/figure>\n<\/div>\n\n\n\n<div class=\"wp-block-column is-layout-flow wp-block-column-is-layout-flow\">\n<p class=\"has-light-gray-background-color has-background\"><strong>92 80 1233 588-3 D-DB<br><\/strong><em>(ehem. 232 588-4)<br>(ehem. 132 588-5)<\/em><br>27.06.2008<br><img loading=\"lazy\" decoding=\"async\" width=\"33\" height=\"20\" class=\"wp-image-5706\" style=\"width: 33px;\" src=\"https:\/\/zug-bilder.de\/wp-content\/uploads\/2023\/04\/Flagge_Deutschland.jpg\" alt=\"\"> T\u00fc\u00dfling<br><em>Tfzf 69199<\/em><br><em>M\u00fchldorf (Oberbay) &#8211;<\/em> <em>Kastl (Oberbay)<\/em><\/p>\n<\/div>\n<\/div>\n\n\n\n<div class=\"wp-block-columns is-layout-flex wp-container-core-columns-is-layout-9d6595d7 wp-block-columns-is-layout-flex\">\n<div class=\"wp-block-column is-layout-flow wp-block-column-is-layout-flow\">\n<figure class=\"wp-block-image size-full\"><a href=\"https:\/\/zug-bilder.de\/wp-content\/uploads\/2018\/11\/1000-92-80-1232-618-9-D-DB_180824_M\u00fchldorf.jpg\"><img loading=\"lazy\" decoding=\"async\" width=\"1000\" height=\"682\" src=\"https:\/\/zug-bilder.de\/wp-content\/uploads\/2018\/11\/1000-92-80-1232-618-9-D-DB_180824_M\u00fchldorf.jpg\" alt=\"\" class=\"wp-image-1043\" srcset=\"https:\/\/zug-bilder.de\/wp-content\/uploads\/2018\/11\/1000-92-80-1232-618-9-D-DB_180824_M\u00fchldorf.jpg 1000w, https:\/\/zug-bilder.de\/wp-content\/uploads\/2018\/11\/1000-92-80-1232-618-9-D-DB_180824_M\u00fchldorf-300x205.jpg 300w, https:\/\/zug-bilder.de\/wp-content\/uploads\/2018\/11\/1000-92-80-1232-618-9-D-DB_180824_M\u00fchldorf-768x524.jpg 768w\" sizes=\"auto, (max-width: 1000px) 100vw, 1000px\" \/><\/a><\/figure>\n<\/div>\n\n\n\n<div class=\"wp-block-column is-layout-flow wp-block-column-is-layout-flow\">\n<p class=\"has-light-gray-background-color has-background\"><strong>92 80 1232 618-9 D-DB<br><\/strong><em>(ehem. 132 618-0)<\/em><br>24.08.2018<br><img loading=\"lazy\" decoding=\"async\" width=\"33\" height=\"20\" class=\"wp-image-5706\" style=\"width: 33px;\" src=\"https:\/\/zug-bilder.de\/wp-content\/uploads\/2023\/04\/Flagge_Deutschland.jpg\" alt=\"\"> M\u00fchldorf (Oberbay)<\/p>\n<\/div>\n<\/div>\n","protected":false},"excerpt":{"rendered":"<p>92 80 1232 088-5 D-EFW(ehem. 132 088-6)27.10.2004 T\u00f6ging (Inn) 92 80 1233 112-2 D-DB(ehem. 232 112-3)(ehem. 132 112-4)22.05.2020 Weitfeld (T\u00fc\u00dfling)51812Burghausen Wackerwerk &#8211; M\u00fcnchen Nord Rbf 92 80 1234 242-6 D-DB(ehem. 232 242-8)(ehem. 132 242-9)28.10.2014 M\u00fcnchen HeimeranplatzEC 114 &#8222;W\u00f6rthersee&#8220;Klagenfurt Hbf &#8211; Dortmund Hbf 92 80 1232 252-7 D-DB(ehem. 132 252-8)24.03.2016 Aham (M\u00fchldorf)KT 50327Maschen Rbf &#8211; Burghausen &hellip; <a href=\"https:\/\/zug-bilder.de\/?page_id=794\" class=\"more-link\"><span class=\"screen-reader-text\">92 80 1232 \/ 92 80 1233<\/span> weiterlesen<\/a><\/p>\n","protected":false},"author":1,"featured_media":0,"parent":0,"menu_order":0,"comment_status":"closed","ping_status":"closed","template":"","meta":{"footnotes":""},"class_list":["post-794","page","type-page","status-publish","hentry"],"_links":{"self":[{"href":"https:\/\/zug-bilder.de\/index.php?rest_route=\/wp\/v2\/pages\/794","targetHints":{"allow":["GET"]}}],"collection":[{"href":"https:\/\/zug-bilder.de\/index.php?rest_route=\/wp\/v2\/pages"}],"about":[{"href":"https:\/\/zug-bilder.de\/index.php?rest_route=\/wp\/v2\/types\/page"}],"author":[{"embeddable":true,"href":"https:\/\/zug-bilder.de\/index.php?rest_route=\/wp\/v2\/users\/1"}],"replies":[{"embeddable":true,"href":"https:\/\/zug-bilder.de\/index.php?rest_route=%2Fwp%2Fv2%2Fcomments&post=794"}],"version-history":[{"count":22,"href":"https:\/\/zug-bilder.de\/index.php?rest_route=\/wp\/v2\/pages\/794\/revisions"}],"predecessor-version":[{"id":7698,"href":"https:\/\/zug-bilder.de\/index.php?rest_route=\/wp\/v2\/pages\/794\/revisions\/7698"}],"wp:attachment":[{"href":"https:\/\/zug-bilder.de\/index.php?rest_route=%2Fwp%2Fv2%2Fmedia&parent=794"}],"curies":[{"name":"wp","href":"https:\/\/api.w.org\/{rel}","templated":true}]}}