{"id":84,"date":"2018-05-09T18:17:21","date_gmt":"2018-05-09T18:17:21","guid":{"rendered":"http:\/\/zug-bilder.de\/?page_id=84"},"modified":"2024-07-07T17:04:12","modified_gmt":"2024-07-07T17:04:12","slug":"91-80-6146-baureihe-146","status":"publish","type":"page","link":"https:\/\/zug-bilder.de\/?page_id=84","title":{"rendered":"91 80 6146"},"content":{"rendered":"\n<div class=\"wp-block-columns is-layout-flex wp-container-core-columns-is-layout-9d6595d7 wp-block-columns-is-layout-flex\">\n<div class=\"wp-block-column is-layout-flow wp-block-column-is-layout-flow\">\n<figure class=\"wp-block-image size-full\"><a href=\"https:\/\/zug-bilder.de\/wp-content\/uploads\/2024\/04\/1000-91-80-6146-242-3-D-DB_240413_MuenchenHbf_RE4862.jpg\"><img loading=\"lazy\" decoding=\"async\" width=\"1000\" height=\"682\" src=\"https:\/\/zug-bilder.de\/wp-content\/uploads\/2024\/04\/1000-91-80-6146-242-3-D-DB_240413_MuenchenHbf_RE4862.jpg\" alt=\"\" class=\"wp-image-6378\" srcset=\"https:\/\/zug-bilder.de\/wp-content\/uploads\/2024\/04\/1000-91-80-6146-242-3-D-DB_240413_MuenchenHbf_RE4862.jpg 1000w, https:\/\/zug-bilder.de\/wp-content\/uploads\/2024\/04\/1000-91-80-6146-242-3-D-DB_240413_MuenchenHbf_RE4862-300x205.jpg 300w, https:\/\/zug-bilder.de\/wp-content\/uploads\/2024\/04\/1000-91-80-6146-242-3-D-DB_240413_MuenchenHbf_RE4862-768x524.jpg 768w\" sizes=\"auto, (max-width: 1000px) 100vw, 1000px\" \/><\/a><\/figure>\n<\/div>\n\n\n\n<div class=\"wp-block-column is-layout-flow wp-block-column-is-layout-flow\">\n<p class=\"has-light-gray-background-color has-background\"><strong>91 80 6146 242-3 D-DB<\/strong><br>13.04.2024<br><img loading=\"lazy\" decoding=\"async\" width=\"33\" height=\"20\" class=\"wp-image-5706\" style=\"width: 33px;\" src=\"https:\/\/zug-bilder.de\/wp-content\/uploads\/2023\/04\/Flagge_Deutschland.jpg\" alt=\"\"> M\u00fcnchen Hbf<br><img loading=\"lazy\" decoding=\"async\" width=\"50\" height=\"18\" class=\"wp-image-6380\" style=\"width: 50px;\" src=\"https:\/\/zug-bilder.de\/wp-content\/uploads\/2024\/04\/RE2.jpg\" alt=\"\"> RE 4862<br>M\u00fcnchen Hbf &#8211; Hof Hbf<\/p>\n<\/div>\n<\/div>\n\n\n\n<div class=\"wp-block-columns is-layout-flex wp-container-core-columns-is-layout-9d6595d7 wp-block-columns-is-layout-flex\">\n<div class=\"wp-block-column is-layout-flow wp-block-column-is-layout-flow\">\n<figure class=\"wp-block-image size-full\"><a href=\"https:\/\/zug-bilder.de\/wp-content\/uploads\/2018\/05\/1000-91-80-6146-244-9-D-DB_160902_M\u00fcnchenHirschgarten.jpg\"><img loading=\"lazy\" decoding=\"async\" width=\"1000\" height=\"682\" src=\"https:\/\/zug-bilder.de\/wp-content\/uploads\/2018\/05\/1000-91-80-6146-244-9-D-DB_160902_M\u00fcnchenHirschgarten.jpg\" alt=\"\" class=\"wp-image-85\" srcset=\"https:\/\/zug-bilder.de\/wp-content\/uploads\/2018\/05\/1000-91-80-6146-244-9-D-DB_160902_M\u00fcnchenHirschgarten.jpg 1000w, https:\/\/zug-bilder.de\/wp-content\/uploads\/2018\/05\/1000-91-80-6146-244-9-D-DB_160902_M\u00fcnchenHirschgarten-300x205.jpg 300w, https:\/\/zug-bilder.de\/wp-content\/uploads\/2018\/05\/1000-91-80-6146-244-9-D-DB_160902_M\u00fcnchenHirschgarten-768x524.jpg 768w\" sizes=\"auto, (max-width: 1000px) 100vw, 1000px\" \/><\/a><\/figure>\n<\/div>\n\n\n\n<div class=\"wp-block-column is-layout-flow wp-block-column-is-layout-flow\">\n<p class=\"has-light-gray-background-color has-background\"><strong>91 80 6146 244-9 D-DB<br><\/strong>02.09.2016<br><img loading=\"lazy\" decoding=\"async\" src=\"https:\/\/zug-bilder.de\/wp-content\/uploads\/2023\/04\/Flagge_Deutschland.jpg\" alt=\"\" width=\"33\" height=\"20\"> M\u00fcnchen Hirschgarten<\/p>\n<\/div>\n<\/div>\n\n\n\n<div class=\"wp-block-columns is-layout-flex wp-container-core-columns-is-layout-9d6595d7 wp-block-columns-is-layout-flex\">\n<div class=\"wp-block-column is-layout-flow wp-block-column-is-layout-flow\">\n<figure class=\"wp-block-image size-full\"><a href=\"https:\/\/zug-bilder.de\/wp-content\/uploads\/2024\/03\/1000-91-80-6146-245-6-D-DB_240131_MuenchenHbf.jpg\"><img loading=\"lazy\" decoding=\"async\" width=\"1000\" height=\"682\" src=\"https:\/\/zug-bilder.de\/wp-content\/uploads\/2024\/03\/1000-91-80-6146-245-6-D-DB_240131_MuenchenHbf.jpg\" alt=\"\" class=\"wp-image-6089\" srcset=\"https:\/\/zug-bilder.de\/wp-content\/uploads\/2024\/03\/1000-91-80-6146-245-6-D-DB_240131_MuenchenHbf.jpg 1000w, https:\/\/zug-bilder.de\/wp-content\/uploads\/2024\/03\/1000-91-80-6146-245-6-D-DB_240131_MuenchenHbf-300x205.jpg 300w, https:\/\/zug-bilder.de\/wp-content\/uploads\/2024\/03\/1000-91-80-6146-245-6-D-DB_240131_MuenchenHbf-768x524.jpg 768w\" sizes=\"auto, (max-width: 1000px) 100vw, 1000px\" \/><\/a><\/figure>\n<\/div>\n\n\n\n<div class=\"wp-block-column is-layout-flow wp-block-column-is-layout-flow\">\n<p class=\"has-light-gray-background-color has-background\"><strong>91 80 6146 245-6 D-DB<\/strong><br>31.01.2024<br><img loading=\"lazy\" decoding=\"async\" width=\"33\" height=\"20\" class=\"wp-image-5706\" style=\"width: 33px;\" src=\"https:\/\/zug-bilder.de\/wp-content\/uploads\/2023\/04\/Flagge_Deutschland.jpg\" alt=\"\"> M\u00fcnchen Hbf<\/p>\n<\/div>\n<\/div>\n\n\n\n<div class=\"wp-block-columns is-layout-flex wp-container-core-columns-is-layout-9d6595d7 wp-block-columns-is-layout-flex\">\n<div class=\"wp-block-column is-layout-flow wp-block-column-is-layout-flow\">\n<figure class=\"wp-block-image size-full\"><a href=\"https:\/\/zug-bilder.de\/wp-content\/uploads\/2019\/10\/1000-91-80-6146-246-4-D-DB_190617_RegensburgHbf_RE4854.jpg\"><img loading=\"lazy\" decoding=\"async\" width=\"1000\" height=\"682\" src=\"https:\/\/zug-bilder.de\/wp-content\/uploads\/2019\/10\/1000-91-80-6146-246-4-D-DB_190617_RegensburgHbf_RE4854.jpg\" alt=\"\" class=\"wp-image-2305\" srcset=\"https:\/\/zug-bilder.de\/wp-content\/uploads\/2019\/10\/1000-91-80-6146-246-4-D-DB_190617_RegensburgHbf_RE4854.jpg 1000w, https:\/\/zug-bilder.de\/wp-content\/uploads\/2019\/10\/1000-91-80-6146-246-4-D-DB_190617_RegensburgHbf_RE4854-300x205.jpg 300w, https:\/\/zug-bilder.de\/wp-content\/uploads\/2019\/10\/1000-91-80-6146-246-4-D-DB_190617_RegensburgHbf_RE4854-768x524.jpg 768w\" sizes=\"auto, (max-width: 1000px) 100vw, 1000px\" \/><\/a><\/figure>\n<\/div>\n\n\n\n<div class=\"wp-block-column is-layout-flow wp-block-column-is-layout-flow\">\n<p class=\"has-light-gray-background-color has-background\"><strong>91 80 6146 246-4 D-DB<br><\/strong>17.06.2019<br><img loading=\"lazy\" decoding=\"async\" src=\"https:\/\/zug-bilder.de\/wp-content\/uploads\/2023\/04\/Flagge_Deutschland.jpg\" alt=\"\" width=\"33\" height=\"20\"> Regensburg Hbf<br><em>RE 4854<\/em><br><em>M\u00fcnchen Hbf &#8211; Regensburg Hbf<\/em><\/p>\n<\/div>\n<\/div>\n\n\n\n<div class=\"wp-block-columns is-layout-flex wp-container-core-columns-is-layout-9d6595d7 wp-block-columns-is-layout-flex\">\n<div class=\"wp-block-column is-layout-flow wp-block-column-is-layout-flow\">\n<figure class=\"wp-block-image size-full\"><a href=\"https:\/\/zug-bilder.de\/wp-content\/uploads\/2019\/11\/1000-91-80-6146-246-4-D-DB_190812_M\u00fcnchenHbf_RE4858.jpg\"><img loading=\"lazy\" decoding=\"async\" width=\"1000\" height=\"682\" src=\"https:\/\/zug-bilder.de\/wp-content\/uploads\/2019\/11\/1000-91-80-6146-246-4-D-DB_190812_M\u00fcnchenHbf_RE4858.jpg\" alt=\"\" class=\"wp-image-2512\" srcset=\"https:\/\/zug-bilder.de\/wp-content\/uploads\/2019\/11\/1000-91-80-6146-246-4-D-DB_190812_M\u00fcnchenHbf_RE4858.jpg 1000w, https:\/\/zug-bilder.de\/wp-content\/uploads\/2019\/11\/1000-91-80-6146-246-4-D-DB_190812_M\u00fcnchenHbf_RE4858-300x205.jpg 300w, https:\/\/zug-bilder.de\/wp-content\/uploads\/2019\/11\/1000-91-80-6146-246-4-D-DB_190812_M\u00fcnchenHbf_RE4858-768x524.jpg 768w\" sizes=\"auto, (max-width: 1000px) 100vw, 1000px\" \/><\/a><\/figure>\n<\/div>\n\n\n\n<div class=\"wp-block-column is-layout-flow wp-block-column-is-layout-flow\">\n<p class=\"has-light-gray-background-color has-background\"><strong>91 80 6146 246-4 D-DB<br><\/strong>12.08.2019<br><img loading=\"lazy\" decoding=\"async\" src=\"https:\/\/zug-bilder.de\/wp-content\/uploads\/2023\/04\/Flagge_Deutschland.jpg\" alt=\"\" width=\"33\" height=\"20\"> M\u00fcnchen Hbf<br><em>RE 4858<\/em><br><em>M\u00fcnchen Hbf &#8211; Regensburg Hbf<\/em><\/p>\n<\/div>\n<\/div>\n\n\n\n<div class=\"wp-block-columns is-layout-flex wp-container-core-columns-is-layout-9d6595d7 wp-block-columns-is-layout-flex\">\n<div class=\"wp-block-column is-layout-flow wp-block-column-is-layout-flow\">\n<figure class=\"wp-block-image size-full\"><a href=\"https:\/\/zug-bilder.de\/wp-content\/uploads\/2019\/06\/1000-91-80-6146-247-2-D-DB_190617_RegensburgHbf_RE4856.jpg\"><img loading=\"lazy\" decoding=\"async\" width=\"1000\" height=\"682\" src=\"https:\/\/zug-bilder.de\/wp-content\/uploads\/2019\/06\/1000-91-80-6146-247-2-D-DB_190617_RegensburgHbf_RE4856.jpg\" alt=\"\" class=\"wp-image-1845\" srcset=\"https:\/\/zug-bilder.de\/wp-content\/uploads\/2019\/06\/1000-91-80-6146-247-2-D-DB_190617_RegensburgHbf_RE4856.jpg 1000w, https:\/\/zug-bilder.de\/wp-content\/uploads\/2019\/06\/1000-91-80-6146-247-2-D-DB_190617_RegensburgHbf_RE4856-300x205.jpg 300w, https:\/\/zug-bilder.de\/wp-content\/uploads\/2019\/06\/1000-91-80-6146-247-2-D-DB_190617_RegensburgHbf_RE4856-768x524.jpg 768w\" sizes=\"auto, (max-width: 1000px) 100vw, 1000px\" \/><\/a><\/figure>\n<\/div>\n\n\n\n<div class=\"wp-block-column is-layout-flow wp-block-column-is-layout-flow\">\n<p class=\"has-light-gray-background-color has-background\"><strong>91 80 6146 247-2 D-DB<br><\/strong>17.06.2019<br><img loading=\"lazy\" decoding=\"async\" src=\"https:\/\/zug-bilder.de\/wp-content\/uploads\/2023\/04\/Flagge_Deutschland.jpg\" alt=\"\" width=\"33\" height=\"20\"> Regensburg Hbf<br><em>RE 4856<\/em><br><em>M\u00fcnchen Hbf &#8211; N\u00fcrnberg Hbf<\/em><\/p>\n<\/div>\n<\/div>\n\n\n\n<div class=\"wp-block-columns is-layout-flex wp-container-core-columns-is-layout-9d6595d7 wp-block-columns-is-layout-flex\">\n<div class=\"wp-block-column is-layout-flow wp-block-column-is-layout-flow\">\n<figure class=\"wp-block-image size-full\"><a href=\"https:\/\/zug-bilder.de\/wp-content\/uploads\/2020\/08\/1000-91-80-6146-538-4-D-DB_200825_HamburgHbf_ME81665.jpg\"><img loading=\"lazy\" decoding=\"async\" width=\"1000\" height=\"682\" src=\"https:\/\/zug-bilder.de\/wp-content\/uploads\/2020\/08\/1000-91-80-6146-538-4-D-DB_200825_HamburgHbf_ME81665.jpg\" alt=\"\" class=\"wp-image-4195\" srcset=\"https:\/\/zug-bilder.de\/wp-content\/uploads\/2020\/08\/1000-91-80-6146-538-4-D-DB_200825_HamburgHbf_ME81665.jpg 1000w, https:\/\/zug-bilder.de\/wp-content\/uploads\/2020\/08\/1000-91-80-6146-538-4-D-DB_200825_HamburgHbf_ME81665-300x205.jpg 300w, https:\/\/zug-bilder.de\/wp-content\/uploads\/2020\/08\/1000-91-80-6146-538-4-D-DB_200825_HamburgHbf_ME81665-768x524.jpg 768w\" sizes=\"auto, (max-width: 1000px) 100vw, 1000px\" \/><\/a><\/figure>\n<\/div>\n\n\n\n<div class=\"wp-block-column is-layout-flow wp-block-column-is-layout-flow\">\n<p class=\"has-light-gray-background-color has-background\"><strong>91 80 6146 538-4 D-BTH<br><\/strong>25.08.2020<br><img loading=\"lazy\" decoding=\"async\" src=\"https:\/\/zug-bilder.de\/wp-content\/uploads\/2023\/04\/Flagge_Deutschland.jpg\" alt=\"\" width=\"33\" height=\"20\"> Hamburg Hbf<br><em>ME 81665<\/em><br><em>Hamburg Hbf &#8211; L\u00fcneburg<\/em><\/p>\n<\/div>\n<\/div>\n","protected":false},"excerpt":{"rendered":"<p>91 80 6146 242-3 D-DB13.04.2024 M\u00fcnchen Hbf RE 4862M\u00fcnchen Hbf &#8211; Hof Hbf 91 80 6146 244-9 D-DB02.09.2016 M\u00fcnchen Hirschgarten 91 80 6146 245-6 D-DB31.01.2024 M\u00fcnchen Hbf 91 80 6146 246-4 D-DB17.06.2019 Regensburg HbfRE 4854M\u00fcnchen Hbf &#8211; Regensburg Hbf 91 80 6146 246-4 D-DB12.08.2019 M\u00fcnchen HbfRE 4858M\u00fcnchen Hbf &#8211; Regensburg Hbf 91 80 6146 247-2 &hellip; <a href=\"https:\/\/zug-bilder.de\/?page_id=84\" class=\"more-link\"><span class=\"screen-reader-text\">91 80 6146<\/span> weiterlesen<\/a><\/p>\n","protected":false},"author":1,"featured_media":0,"parent":0,"menu_order":0,"comment_status":"closed","ping_status":"closed","template":"","meta":{"footnotes":""},"class_list":["post-84","page","type-page","status-publish","hentry"],"_links":{"self":[{"href":"https:\/\/zug-bilder.de\/index.php?rest_route=\/wp\/v2\/pages\/84","targetHints":{"allow":["GET"]}}],"collection":[{"href":"https:\/\/zug-bilder.de\/index.php?rest_route=\/wp\/v2\/pages"}],"about":[{"href":"https:\/\/zug-bilder.de\/index.php?rest_route=\/wp\/v2\/types\/page"}],"author":[{"embeddable":true,"href":"https:\/\/zug-bilder.de\/index.php?rest_route=\/wp\/v2\/users\/1"}],"replies":[{"embeddable":true,"href":"https:\/\/zug-bilder.de\/index.php?rest_route=%2Fwp%2Fv2%2Fcomments&post=84"}],"version-history":[{"count":16,"href":"https:\/\/zug-bilder.de\/index.php?rest_route=\/wp\/v2\/pages\/84\/revisions"}],"predecessor-version":[{"id":6700,"href":"https:\/\/zug-bilder.de\/index.php?rest_route=\/wp\/v2\/pages\/84\/revisions\/6700"}],"wp:attachment":[{"href":"https:\/\/zug-bilder.de\/index.php?rest_route=%2Fwp%2Fv2%2Fmedia&parent=84"}],"curies":[{"name":"wp","href":"https:\/\/api.w.org\/{rel}","templated":true}]}}