{"id":917,"date":"2018-10-22T17:34:00","date_gmt":"2018-10-22T17:34:00","guid":{"rendered":"https:\/\/zug-bilder.de\/?page_id=917"},"modified":"2023-12-30T14:50:55","modified_gmt":"2023-12-30T14:50:55","slug":"90-80-0070","status":"publish","type":"page","link":"https:\/\/zug-bilder.de\/?page_id=917","title":{"rendered":"90 80 0070"},"content":{"rendered":"<table style=\"border-collapse: collapse; width: 100%;\" border=\"1\">\n<tbody>\n<tr>\n<td style=\"width: 50%;\"><a href=\"https:\/\/zug-bilder.de\/wp-content\/uploads\/2018\/10\/1000-90-80-0070-083-5-D-BLV_070519_T\u00f6ging_DPE91000.jpg\"><img loading=\"lazy\" decoding=\"async\" class=\"alignnone size-medium wp-image-918\" src=\"https:\/\/zug-bilder.de\/wp-content\/uploads\/2018\/10\/1000-90-80-0070-083-5-D-BLV_070519_T\u00f6ging_DPE91000-300x205.jpg\" alt=\"\" width=\"300\" height=\"205\" srcset=\"https:\/\/zug-bilder.de\/wp-content\/uploads\/2018\/10\/1000-90-80-0070-083-5-D-BLV_070519_T\u00f6ging_DPE91000-300x205.jpg 300w, https:\/\/zug-bilder.de\/wp-content\/uploads\/2018\/10\/1000-90-80-0070-083-5-D-BLV_070519_T\u00f6ging_DPE91000-768x524.jpg 768w, https:\/\/zug-bilder.de\/wp-content\/uploads\/2018\/10\/1000-90-80-0070-083-5-D-BLV_070519_T\u00f6ging_DPE91000.jpg 1000w\" sizes=\"auto, (max-width: 300px) 100vw, 300px\" \/><\/a><\/td>\n<td style=\"width: 50%; vertical-align: middle;\"><strong>90 80 0070 083-5 D-BLV<br \/>\n<\/strong>19.05.2007<br \/>\n<span style=\"color: #333333;\"><img loading=\"lazy\" decoding=\"async\" class=\"alignnone size-full wp-image-5706\" src=\"https:\/\/zug-bilder.de\/wp-content\/uploads\/2023\/04\/Flagge_Deutschland.jpg\" alt=\"\" width=\"33\" height=\"20\" \/> <\/span>T\u00f6ging (Inn)<br \/>\n<em>DPE 91000<\/em><br \/>\n<em>M\u00fchldorf (Oberbay) &#8211; Simbach (Inn)<\/em><\/td>\n<\/tr>\n<tr>\n<td style=\"width: 50%;\"><a href=\"https:\/\/zug-bilder.de\/wp-content\/uploads\/2018\/10\/1000-90-80-0070-083-5-D-BLV_070519_T\u00f6ging_DPE91000_2.jpg\"><img loading=\"lazy\" decoding=\"async\" class=\"alignnone size-medium wp-image-921\" src=\"https:\/\/zug-bilder.de\/wp-content\/uploads\/2018\/10\/1000-90-80-0070-083-5-D-BLV_070519_T\u00f6ging_DPE91000_2-300x205.jpg\" alt=\"\" width=\"300\" height=\"205\" srcset=\"https:\/\/zug-bilder.de\/wp-content\/uploads\/2018\/10\/1000-90-80-0070-083-5-D-BLV_070519_T\u00f6ging_DPE91000_2-300x205.jpg 300w, https:\/\/zug-bilder.de\/wp-content\/uploads\/2018\/10\/1000-90-80-0070-083-5-D-BLV_070519_T\u00f6ging_DPE91000_2-768x524.jpg 768w, https:\/\/zug-bilder.de\/wp-content\/uploads\/2018\/10\/1000-90-80-0070-083-5-D-BLV_070519_T\u00f6ging_DPE91000_2.jpg 1000w\" sizes=\"auto, (max-width: 300px) 100vw, 300px\" \/><\/a><\/td>\n<td style=\"width: 50%; vertical-align: middle;\"><strong>90 80 0070 083-5 D-BLV<br \/>\n<\/strong>19.05.2007<br \/>\n<span style=\"color: #333333;\"><img loading=\"lazy\" decoding=\"async\" class=\"alignnone size-full wp-image-5706\" src=\"https:\/\/zug-bilder.de\/wp-content\/uploads\/2023\/04\/Flagge_Deutschland.jpg\" alt=\"\" width=\"33\" height=\"20\" \/> <\/span>T\u00f6ging (Inn)<br \/>\n<em>DPE 91000<\/em><br \/>\n<em>M\u00fchldorf (Oberbay) &#8211; Simbach (Inn)<\/em><strong><br \/>\n<\/strong><\/td>\n<\/tr>\n<tr>\n<td style=\"width: 50%;\"><a href=\"https:\/\/zug-bilder.de\/wp-content\/uploads\/2018\/11\/1000-90-80-0070-083-5-D-BLV_070519_Steinh\u00f6ring_DPE91001.jpg\"><img loading=\"lazy\" decoding=\"async\" class=\"alignnone size-medium wp-image-1054\" src=\"https:\/\/zug-bilder.de\/wp-content\/uploads\/2018\/11\/1000-90-80-0070-083-5-D-BLV_070519_Steinh\u00f6ring_DPE91001-300x205.jpg\" alt=\"\" width=\"300\" height=\"205\" srcset=\"https:\/\/zug-bilder.de\/wp-content\/uploads\/2018\/11\/1000-90-80-0070-083-5-D-BLV_070519_Steinh\u00f6ring_DPE91001-300x205.jpg 300w, https:\/\/zug-bilder.de\/wp-content\/uploads\/2018\/11\/1000-90-80-0070-083-5-D-BLV_070519_Steinh\u00f6ring_DPE91001-768x524.jpg 768w, https:\/\/zug-bilder.de\/wp-content\/uploads\/2018\/11\/1000-90-80-0070-083-5-D-BLV_070519_Steinh\u00f6ring_DPE91001.jpg 1000w\" sizes=\"auto, (max-width: 300px) 100vw, 300px\" \/><\/a><\/td>\n<td style=\"width: 50%; vertical-align: middle;\"><strong>90 80 0070 083-5 D-BLV<br \/>\n<\/strong>19.05.2007<br \/>\n<span style=\"color: #333333;\"><img loading=\"lazy\" decoding=\"async\" class=\"alignnone size-full wp-image-5706\" src=\"https:\/\/zug-bilder.de\/wp-content\/uploads\/2023\/04\/Flagge_Deutschland.jpg\" alt=\"\" width=\"33\" height=\"20\" \/> <\/span>Steinh\u00f6ring (Winh\u00f6ring)<br \/>\n<em>DPE 91001<\/em><br \/>\n<em>Simbach (Inn) &#8211; M\u00fcnchen Ost<\/em><strong><em><br \/>\n<\/em><\/strong><\/td>\n<\/tr>\n<tr>\n<td style=\"width: 50%;\"><a href=\"https:\/\/zug-bilder.de\/wp-content\/uploads\/2018\/11\/1000-90-80-0070-083-5-D-BLV_070519_T\u00f6ging_DPE91001.jpg\"><img loading=\"lazy\" decoding=\"async\" class=\"alignnone size-medium wp-image-1056\" src=\"https:\/\/zug-bilder.de\/wp-content\/uploads\/2018\/11\/1000-90-80-0070-083-5-D-BLV_070519_T\u00f6ging_DPE91001-300x205.jpg\" alt=\"\" width=\"300\" height=\"205\" srcset=\"https:\/\/zug-bilder.de\/wp-content\/uploads\/2018\/11\/1000-90-80-0070-083-5-D-BLV_070519_T\u00f6ging_DPE91001-300x205.jpg 300w, https:\/\/zug-bilder.de\/wp-content\/uploads\/2018\/11\/1000-90-80-0070-083-5-D-BLV_070519_T\u00f6ging_DPE91001-768x524.jpg 768w, https:\/\/zug-bilder.de\/wp-content\/uploads\/2018\/11\/1000-90-80-0070-083-5-D-BLV_070519_T\u00f6ging_DPE91001.jpg 1000w\" sizes=\"auto, (max-width: 300px) 100vw, 300px\" \/><\/a><\/td>\n<td style=\"width: 50%; vertical-align: middle;\"><strong>90 80 0070 083-5 D-BLV<br \/>\n<\/strong>19.05.2007<br \/>\n<span style=\"color: #333333;\"><img loading=\"lazy\" decoding=\"async\" class=\"alignnone size-full wp-image-5706\" src=\"https:\/\/zug-bilder.de\/wp-content\/uploads\/2023\/04\/Flagge_Deutschland.jpg\" alt=\"\" width=\"33\" height=\"20\" \/> <\/span>T\u00f6ging (Inn)<br \/>\n<em>DPE 91001<\/em><br \/>\n<em>Simbach (Inn) &#8211; M\u00fcnchen Ost<\/em><\/td>\n<\/tr>\n<tr>\n<td style=\"width: 50%;\"><a href=\"https:\/\/zug-bilder.de\/wp-content\/uploads\/2019\/05\/1000-90-80-0070-083-5-D-BLV_070912_T\u00f6ging.jpg\"><img loading=\"lazy\" decoding=\"async\" class=\"alignnone size-medium wp-image-1684\" src=\"https:\/\/zug-bilder.de\/wp-content\/uploads\/2019\/05\/1000-90-80-0070-083-5-D-BLV_070912_T\u00f6ging-300x205.jpg\" alt=\"\" width=\"300\" height=\"205\" srcset=\"https:\/\/zug-bilder.de\/wp-content\/uploads\/2019\/05\/1000-90-80-0070-083-5-D-BLV_070912_T\u00f6ging-300x205.jpg 300w, https:\/\/zug-bilder.de\/wp-content\/uploads\/2019\/05\/1000-90-80-0070-083-5-D-BLV_070912_T\u00f6ging-768x524.jpg 768w, https:\/\/zug-bilder.de\/wp-content\/uploads\/2019\/05\/1000-90-80-0070-083-5-D-BLV_070912_T\u00f6ging.jpg 1000w\" sizes=\"auto, (max-width: 300px) 100vw, 300px\" \/><\/a><\/td>\n<td style=\"width: 50%; vertical-align: middle;\"><strong>90 80 0070 083-5 D-BLV<br \/>\n<\/strong>12.09.2007<br \/>\n<span style=\"color: #333333;\"><img loading=\"lazy\" decoding=\"async\" class=\"alignnone size-full wp-image-5706\" src=\"https:\/\/zug-bilder.de\/wp-content\/uploads\/2023\/04\/Flagge_Deutschland.jpg\" alt=\"\" width=\"33\" height=\"20\" \/> <\/span>T\u00f6ging (Inn)<br \/>\n<em>Landshut (Bay) Hbf &#8211; Marktl<\/em><strong><br \/>\n<\/strong><\/td>\n<\/tr>\n<tr>\n<td style=\"width: 50%;\"><a href=\"https:\/\/zug-bilder.de\/wp-content\/uploads\/2019\/05\/1000-90-80-0070-083-5-D-BLV_070912_Schmidstock.jpg\"><img loading=\"lazy\" decoding=\"async\" class=\"alignnone size-medium wp-image-1686\" src=\"https:\/\/zug-bilder.de\/wp-content\/uploads\/2019\/05\/1000-90-80-0070-083-5-D-BLV_070912_Schmidstock-300x205.jpg\" alt=\"\" width=\"300\" height=\"205\" srcset=\"https:\/\/zug-bilder.de\/wp-content\/uploads\/2019\/05\/1000-90-80-0070-083-5-D-BLV_070912_Schmidstock-300x205.jpg 300w, https:\/\/zug-bilder.de\/wp-content\/uploads\/2019\/05\/1000-90-80-0070-083-5-D-BLV_070912_Schmidstock-768x524.jpg 768w, https:\/\/zug-bilder.de\/wp-content\/uploads\/2019\/05\/1000-90-80-0070-083-5-D-BLV_070912_Schmidstock.jpg 1000w\" sizes=\"auto, (max-width: 300px) 100vw, 300px\" \/><\/a><\/td>\n<td style=\"width: 50%; vertical-align: middle;\"><strong>90 80 0070 083-5 D-BLV<br \/>\n<\/strong>12.09.2007<br \/>\n<span style=\"color: #333333;\"><img loading=\"lazy\" decoding=\"async\" class=\"alignnone size-full wp-image-5706\" src=\"https:\/\/zug-bilder.de\/wp-content\/uploads\/2023\/04\/Flagge_Deutschland.jpg\" alt=\"\" width=\"33\" height=\"20\" \/> <\/span>Schmidstock (Winh\u00f6ring)<br \/>\n<em>Landshut (Bay) Hbf &#8211; Marktl<\/em><\/td>\n<\/tr>\n<tr>\n<td style=\"width: 50%;\"><a href=\"https:\/\/zug-bilder.de\/wp-content\/uploads\/2019\/05\/1000-90-80-0070-083-5-D-BLV_070912_T\u00f6ging_2.jpg\"><img loading=\"lazy\" decoding=\"async\" class=\"alignnone size-medium wp-image-1688\" src=\"https:\/\/zug-bilder.de\/wp-content\/uploads\/2019\/05\/1000-90-80-0070-083-5-D-BLV_070912_T\u00f6ging_2-300x205.jpg\" alt=\"\" width=\"300\" height=\"205\" srcset=\"https:\/\/zug-bilder.de\/wp-content\/uploads\/2019\/05\/1000-90-80-0070-083-5-D-BLV_070912_T\u00f6ging_2-300x205.jpg 300w, https:\/\/zug-bilder.de\/wp-content\/uploads\/2019\/05\/1000-90-80-0070-083-5-D-BLV_070912_T\u00f6ging_2-768x524.jpg 768w, https:\/\/zug-bilder.de\/wp-content\/uploads\/2019\/05\/1000-90-80-0070-083-5-D-BLV_070912_T\u00f6ging_2.jpg 1000w\" sizes=\"auto, (max-width: 300px) 100vw, 300px\" \/><\/a><\/td>\n<td style=\"width: 50%; vertical-align: middle;\"><strong>90 80 0070 083-5 D-BLV<br \/>\n<\/strong>12.09.2007<br \/>\n<span style=\"color: #333333;\"><img loading=\"lazy\" decoding=\"async\" class=\"alignnone size-full wp-image-5706\" src=\"https:\/\/zug-bilder.de\/wp-content\/uploads\/2023\/04\/Flagge_Deutschland.jpg\" alt=\"\" width=\"33\" height=\"20\" \/> <\/span>Schmidstock (Winh\u00f6ring)<br \/>\n<em>Marktl- Landshut (Bay) Hbf<\/em><strong><em><br \/>\n<\/em><\/strong><\/td>\n<\/tr>\n<tr>\n<td style=\"width: 50%;\"><a href=\"https:\/\/zug-bilder.de\/wp-content\/uploads\/2019\/05\/1000-90-80-0070-083-5-D-BLV_070912_T\u00f6ging_3.jpg\"><img loading=\"lazy\" decoding=\"async\" class=\"alignnone size-medium wp-image-1690\" src=\"https:\/\/zug-bilder.de\/wp-content\/uploads\/2019\/05\/1000-90-80-0070-083-5-D-BLV_070912_T\u00f6ging_3-300x205.jpg\" alt=\"\" width=\"300\" height=\"205\" srcset=\"https:\/\/zug-bilder.de\/wp-content\/uploads\/2019\/05\/1000-90-80-0070-083-5-D-BLV_070912_T\u00f6ging_3-300x205.jpg 300w, https:\/\/zug-bilder.de\/wp-content\/uploads\/2019\/05\/1000-90-80-0070-083-5-D-BLV_070912_T\u00f6ging_3-768x524.jpg 768w, https:\/\/zug-bilder.de\/wp-content\/uploads\/2019\/05\/1000-90-80-0070-083-5-D-BLV_070912_T\u00f6ging_3.jpg 1000w\" sizes=\"auto, (max-width: 300px) 100vw, 300px\" \/><\/a><\/td>\n<td style=\"width: 50%; vertical-align: middle;\"><strong>90 80 0070 083-5 D-BLV<br \/>\n<\/strong>12.09.2007<br \/>\n<span style=\"color: #333333;\"><img loading=\"lazy\" decoding=\"async\" class=\"alignnone size-full wp-image-5706\" src=\"https:\/\/zug-bilder.de\/wp-content\/uploads\/2023\/04\/Flagge_Deutschland.jpg\" alt=\"\" width=\"33\" height=\"20\" \/> <\/span>Schmidstock (Winh\u00f6ring)<br \/>\n<em>Marktl- Landshut (Bay) Hbf<\/em><\/td>\n<\/tr>\n<tr>\n<td style=\"width: 50%;\"><a href=\"https:\/\/zug-bilder.de\/wp-content\/uploads\/2019\/11\/1000-90-80-0070-083-5-D-BLV_080501_Aham.jpg\"><img loading=\"lazy\" decoding=\"async\" class=\"alignnone size-medium wp-image-2597\" src=\"https:\/\/zug-bilder.de\/wp-content\/uploads\/2019\/11\/1000-90-80-0070-083-5-D-BLV_080501_Aham-300x205.jpg\" alt=\"\" width=\"300\" height=\"205\" srcset=\"https:\/\/zug-bilder.de\/wp-content\/uploads\/2019\/11\/1000-90-80-0070-083-5-D-BLV_080501_Aham-300x205.jpg 300w, https:\/\/zug-bilder.de\/wp-content\/uploads\/2019\/11\/1000-90-80-0070-083-5-D-BLV_080501_Aham-768x524.jpg 768w, https:\/\/zug-bilder.de\/wp-content\/uploads\/2019\/11\/1000-90-80-0070-083-5-D-BLV_080501_Aham.jpg 1000w\" sizes=\"auto, (max-width: 300px) 100vw, 300px\" \/><\/a><\/td>\n<td style=\"width: 50%; vertical-align: middle;\"><strong>90 80 0070 083-5 D-BLV<br \/>\n<\/strong>01.05.2008<br \/>\n<span style=\"color: #333333;\"><img loading=\"lazy\" decoding=\"async\" class=\"alignnone size-full wp-image-5706\" src=\"https:\/\/zug-bilder.de\/wp-content\/uploads\/2023\/04\/Flagge_Deutschland.jpg\" alt=\"\" width=\"33\" height=\"20\" \/> <\/span>Aham (M\u00fchldorf)<strong><em><br \/>\n<\/em><\/strong><\/td>\n<\/tr>\n<tr>\n<td style=\"width: 50%;\"><a href=\"https:\/\/zug-bilder.de\/wp-content\/uploads\/2020\/05\/1000-90-80-0070-083-5-D-BLV_130713_Spiegelsberg_DLr92540.jpg\"><img loading=\"lazy\" decoding=\"async\" class=\"alignnone size-medium wp-image-3886\" src=\"https:\/\/zug-bilder.de\/wp-content\/uploads\/2020\/05\/1000-90-80-0070-083-5-D-BLV_130713_Spiegelsberg_DLr92540-300x205.jpg\" alt=\"\" width=\"300\" height=\"205\" srcset=\"https:\/\/zug-bilder.de\/wp-content\/uploads\/2020\/05\/1000-90-80-0070-083-5-D-BLV_130713_Spiegelsberg_DLr92540-300x205.jpg 300w, https:\/\/zug-bilder.de\/wp-content\/uploads\/2020\/05\/1000-90-80-0070-083-5-D-BLV_130713_Spiegelsberg_DLr92540-768x524.jpg 768w, https:\/\/zug-bilder.de\/wp-content\/uploads\/2020\/05\/1000-90-80-0070-083-5-D-BLV_130713_Spiegelsberg_DLr92540.jpg 1000w\" sizes=\"auto, (max-width: 300px) 100vw, 300px\" \/><\/a><\/td>\n<td style=\"width: 50%; vertical-align: middle;\"><strong>90 80 0070 083-5 D-BLV<br \/>\n<\/strong>13.07.2013<br \/>\n<span style=\"color: #333333;\"><img loading=\"lazy\" decoding=\"async\" class=\"alignnone size-full wp-image-5706\" src=\"https:\/\/zug-bilder.de\/wp-content\/uploads\/2023\/04\/Flagge_Deutschland.jpg\" alt=\"\" width=\"33\" height=\"20\" \/> <\/span>Spiegelsberg (Garching)<br \/>\n<em>DLr 92540<\/em><br \/>\n<em>Landshut (Bay) Hbf &#8211;<\/em><br \/>\n<em>Traunstein<\/em><\/td>\n<\/tr>\n<\/tbody>\n<\/table>\n","protected":false},"excerpt":{"rendered":"<p>90 80 0070 083-5 D-BLV 19.05.2007 T\u00f6ging (Inn) DPE 91000 M\u00fchldorf (Oberbay) &#8211; Simbach (Inn) 90 80 0070 083-5 D-BLV 19.05.2007 T\u00f6ging (Inn) DPE 91000 M\u00fchldorf (Oberbay) &#8211; Simbach (Inn) 90 80 0070 083-5 D-BLV 19.05.2007 Steinh\u00f6ring (Winh\u00f6ring) DPE 91001 Simbach (Inn) &#8211; M\u00fcnchen Ost 90 80 0070 083-5 D-BLV 19.05.2007 T\u00f6ging (Inn) DPE 91001 &hellip; <a href=\"https:\/\/zug-bilder.de\/?page_id=917\" class=\"more-link\"><span class=\"screen-reader-text\">90 80 0070<\/span> weiterlesen<\/a><\/p>\n","protected":false},"author":1,"featured_media":0,"parent":0,"menu_order":0,"comment_status":"closed","ping_status":"closed","template":"","meta":{"footnotes":""},"class_list":["post-917","page","type-page","status-publish","hentry"],"_links":{"self":[{"href":"https:\/\/zug-bilder.de\/index.php?rest_route=\/wp\/v2\/pages\/917","targetHints":{"allow":["GET"]}}],"collection":[{"href":"https:\/\/zug-bilder.de\/index.php?rest_route=\/wp\/v2\/pages"}],"about":[{"href":"https:\/\/zug-bilder.de\/index.php?rest_route=\/wp\/v2\/types\/page"}],"author":[{"embeddable":true,"href":"https:\/\/zug-bilder.de\/index.php?rest_route=\/wp\/v2\/users\/1"}],"replies":[{"embeddable":true,"href":"https:\/\/zug-bilder.de\/index.php?rest_route=%2Fwp%2Fv2%2Fcomments&post=917"}],"version-history":[{"count":12,"href":"https:\/\/zug-bilder.de\/index.php?rest_route=\/wp\/v2\/pages\/917\/revisions"}],"predecessor-version":[{"id":5931,"href":"https:\/\/zug-bilder.de\/index.php?rest_route=\/wp\/v2\/pages\/917\/revisions\/5931"}],"wp:attachment":[{"href":"https:\/\/zug-bilder.de\/index.php?rest_route=%2Fwp%2Fv2%2Fmedia&parent=917"}],"curies":[{"name":"wp","href":"https:\/\/api.w.org\/{rel}","templated":true}]}}