{"id":931,"date":"2018-10-27T14:39:21","date_gmt":"2018-10-27T14:39:21","guid":{"rendered":"https:\/\/zug-bilder.de\/?page_id=931"},"modified":"2024-10-06T11:11:13","modified_gmt":"2024-10-06T11:11:13","slug":"d-bomz","status":"publish","type":"page","link":"https:\/\/zug-bilder.de\/?page_id=931","title":{"rendered":"D &#8211; Bomz"},"content":{"rendered":"\n<div class=\"wp-block-columns is-layout-flex wp-container-core-columns-is-layout-9d6595d7 wp-block-columns-is-layout-flex\">\n<div class=\"wp-block-column is-layout-flow wp-block-column-is-layout-flow\">\n<figure class=\"wp-block-image size-full\"><a href=\"https:\/\/zug-bilder.de\/wp-content\/uploads\/2024\/10\/1000-D-DLB-56-80-20-95-514-8_230930_MuenchenHbf_RE79856.jpg\"><img loading=\"lazy\" decoding=\"async\" width=\"1000\" height=\"667\" src=\"https:\/\/zug-bilder.de\/wp-content\/uploads\/2024\/10\/1000-D-DLB-56-80-20-95-514-8_230930_MuenchenHbf_RE79856.jpg\" alt=\"\" class=\"wp-image-7014\" srcset=\"https:\/\/zug-bilder.de\/wp-content\/uploads\/2024\/10\/1000-D-DLB-56-80-20-95-514-8_230930_MuenchenHbf_RE79856.jpg 1000w, https:\/\/zug-bilder.de\/wp-content\/uploads\/2024\/10\/1000-D-DLB-56-80-20-95-514-8_230930_MuenchenHbf_RE79856-300x200.jpg 300w, https:\/\/zug-bilder.de\/wp-content\/uploads\/2024\/10\/1000-D-DLB-56-80-20-95-514-8_230930_MuenchenHbf_RE79856-768x512.jpg 768w\" sizes=\"auto, (max-width: 1000px) 100vw, 1000px\" \/><\/a><\/figure>\n<\/div>\n\n\n\n<div class=\"wp-block-column is-layout-flow wp-block-column-is-layout-flow\">\n<p class=\"has-light-gray-background-color has-background\"><strong>D-DLB 56 80 20-95 514-8<\/strong><br>30.09.2023<br><img loading=\"lazy\" decoding=\"async\" width=\"33\" height=\"20\" class=\"wp-image-5706\" style=\"width: 33px;\" src=\"https:\/\/zug-bilder.de\/wp-content\/uploads\/2023\/04\/Flagge_Deutschland.jpg\" alt=\"\"> M\u00fcnchen Hbf<br><img loading=\"lazy\" decoding=\"async\" width=\"50\" height=\"18\" class=\"wp-image-6380\" style=\"width: 50px;\" src=\"https:\/\/zug-bilder.de\/wp-content\/uploads\/2024\/04\/RE2.jpg\" alt=\"\"> <em>RE 79856<br>Hof Hbf &#8211; M\u00fcnchen Hbf<\/em><\/p>\n<\/div>\n<\/div>\n\n\n\n<div class=\"wp-block-columns is-layout-flex wp-container-core-columns-is-layout-9d6595d7 wp-block-columns-is-layout-flex\">\n<div class=\"wp-block-column is-layout-flow wp-block-column-is-layout-flow\">\n<figure class=\"wp-block-image size-full\"><a href=\"https:\/\/zug-bilder.de\/wp-content\/uploads\/2018\/10\/1000-D-DLB-56-80-21-95-239-1_170729_M\u00fcnchenHbf_ALX84143.jpg\"><img loading=\"lazy\" decoding=\"async\" width=\"1000\" height=\"682\" src=\"https:\/\/zug-bilder.de\/wp-content\/uploads\/2018\/10\/1000-D-DLB-56-80-21-95-239-1_170729_M\u00fcnchenHbf_ALX84143.jpg\" alt=\"\" class=\"wp-image-935\" srcset=\"https:\/\/zug-bilder.de\/wp-content\/uploads\/2018\/10\/1000-D-DLB-56-80-21-95-239-1_170729_M\u00fcnchenHbf_ALX84143.jpg 1000w, https:\/\/zug-bilder.de\/wp-content\/uploads\/2018\/10\/1000-D-DLB-56-80-21-95-239-1_170729_M\u00fcnchenHbf_ALX84143-300x205.jpg 300w, https:\/\/zug-bilder.de\/wp-content\/uploads\/2018\/10\/1000-D-DLB-56-80-21-95-239-1_170729_M\u00fcnchenHbf_ALX84143-768x524.jpg 768w\" sizes=\"auto, (max-width: 1000px) 100vw, 1000px\" \/><\/a><\/figure>\n<\/div>\n\n\n\n<div class=\"wp-block-column is-layout-flow wp-block-column-is-layout-flow\">\n<p class=\"has-light-gray-background-color has-background\"><strong>D-DLB 56 80 21-95 239-1<br><\/strong>29.07.2017<br><img loading=\"lazy\" decoding=\"async\" width=\"33\" height=\"20\" class=\"wp-image-5706\" style=\"width: 33px;\" src=\"https:\/\/zug-bilder.de\/wp-content\/uploads\/2023\/04\/Flagge_Deutschland.jpg\" alt=\"\"> M\u00fcnchen Hbf<br><em>ALX 84143<\/em><br><em>Oberstdorf &#8211; M\u00fcnchen Hbf<\/em><\/p>\n<\/div>\n<\/div>\n\n\n\n<div class=\"wp-block-columns is-layout-flex wp-container-core-columns-is-layout-9d6595d7 wp-block-columns-is-layout-flex\">\n<div class=\"wp-block-column is-layout-flow wp-block-column-is-layout-flow\">\n<figure class=\"wp-block-image size-full\"><a href=\"https:\/\/zug-bilder.de\/wp-content\/uploads\/2024\/10\/1000-D-DLB-56-80-21-95-241-7_230930_MuenchenHbf_ALX79856.jpg\"><img loading=\"lazy\" decoding=\"async\" width=\"1000\" height=\"667\" src=\"https:\/\/zug-bilder.de\/wp-content\/uploads\/2024\/10\/1000-D-DLB-56-80-21-95-241-7_230930_MuenchenHbf_ALX79856.jpg\" alt=\"\" class=\"wp-image-7012\" srcset=\"https:\/\/zug-bilder.de\/wp-content\/uploads\/2024\/10\/1000-D-DLB-56-80-21-95-241-7_230930_MuenchenHbf_ALX79856.jpg 1000w, https:\/\/zug-bilder.de\/wp-content\/uploads\/2024\/10\/1000-D-DLB-56-80-21-95-241-7_230930_MuenchenHbf_ALX79856-300x200.jpg 300w, https:\/\/zug-bilder.de\/wp-content\/uploads\/2024\/10\/1000-D-DLB-56-80-21-95-241-7_230930_MuenchenHbf_ALX79856-768x512.jpg 768w\" sizes=\"auto, (max-width: 1000px) 100vw, 1000px\" \/><\/a><\/figure>\n<\/div>\n\n\n\n<div class=\"wp-block-column is-layout-flow wp-block-column-is-layout-flow\">\n<p class=\"has-light-gray-background-color has-background\"><strong>D-DLB 56 80 21-95 241-7<\/strong><br>30.09.2023<br><img loading=\"lazy\" decoding=\"async\" width=\"33\" height=\"20\" class=\"wp-image-5706\" style=\"width: 33px;\" src=\"https:\/\/zug-bilder.de\/wp-content\/uploads\/2023\/04\/Flagge_Deutschland.jpg\" alt=\"\"> M\u00fcnchen Hbf<br><img loading=\"lazy\" decoding=\"async\" width=\"50\" height=\"18\" class=\"wp-image-6380\" style=\"width: 50px;\" src=\"https:\/\/zug-bilder.de\/wp-content\/uploads\/2024\/04\/RE2.jpg\" alt=\"\"> <em>RE 79856<br>Hof Hbf &#8211; M\u00fcnchen Hbf<\/em><\/p>\n<\/div>\n<\/div>\n\n\n\n<div class=\"wp-block-columns is-layout-flex wp-container-core-columns-is-layout-9d6595d7 wp-block-columns-is-layout-flex\">\n<div class=\"wp-block-column is-layout-flow wp-block-column-is-layout-flow\">\n<figure class=\"wp-block-image size-full\"><a href=\"https:\/\/zug-bilder.de\/wp-content\/uploads\/2018\/10\/1000-D-DLB-56-80-21-95-242-5_180319_M\u00fcnchenHbf_ALX84111.jpg\"><img loading=\"lazy\" decoding=\"async\" width=\"1000\" height=\"682\" src=\"https:\/\/zug-bilder.de\/wp-content\/uploads\/2018\/10\/1000-D-DLB-56-80-21-95-242-5_180319_M\u00fcnchenHbf_ALX84111.jpg\" alt=\"\" class=\"wp-image-933\" srcset=\"https:\/\/zug-bilder.de\/wp-content\/uploads\/2018\/10\/1000-D-DLB-56-80-21-95-242-5_180319_M\u00fcnchenHbf_ALX84111.jpg 1000w, https:\/\/zug-bilder.de\/wp-content\/uploads\/2018\/10\/1000-D-DLB-56-80-21-95-242-5_180319_M\u00fcnchenHbf_ALX84111-300x205.jpg 300w, https:\/\/zug-bilder.de\/wp-content\/uploads\/2018\/10\/1000-D-DLB-56-80-21-95-242-5_180319_M\u00fcnchenHbf_ALX84111-768x524.jpg 768w\" sizes=\"auto, (max-width: 1000px) 100vw, 1000px\" \/><\/a><\/figure>\n<\/div>\n\n\n\n<div class=\"wp-block-column is-layout-flow wp-block-column-is-layout-flow\">\n<p class=\"has-light-gray-background-color has-background\"><strong>D-DLB 56 80 21-95 242-5<\/strong><br>19.03.2018<br><img loading=\"lazy\" decoding=\"async\" width=\"33\" height=\"20\" class=\"wp-image-5706\" style=\"width: 33px;\" src=\"https:\/\/zug-bilder.de\/wp-content\/uploads\/2023\/04\/Flagge_Deutschland.jpg\" alt=\"\"> M\u00fcnchen Hbf<br><em>ALX 84111<\/em><br><em>M\u00fcnchen Hbf &#8211; Hof Hbf<\/em><\/p>\n<\/div>\n<\/div>\n","protected":false},"excerpt":{"rendered":"<p>D-DLB 56 80 20-95 514-830.09.2023 M\u00fcnchen Hbf RE 79856Hof Hbf &#8211; M\u00fcnchen Hbf D-DLB 56 80 21-95 239-129.07.2017 M\u00fcnchen HbfALX 84143Oberstdorf &#8211; M\u00fcnchen Hbf D-DLB 56 80 21-95 241-730.09.2023 M\u00fcnchen Hbf RE 79856Hof Hbf &#8211; M\u00fcnchen Hbf D-DLB 56 80 21-95 242-519.03.2018 M\u00fcnchen HbfALX 84111M\u00fcnchen Hbf &#8211; Hof Hbf<\/p>\n","protected":false},"author":1,"featured_media":0,"parent":0,"menu_order":0,"comment_status":"closed","ping_status":"closed","template":"","meta":{"footnotes":""},"class_list":["post-931","page","type-page","status-publish","hentry"],"_links":{"self":[{"href":"https:\/\/zug-bilder.de\/index.php?rest_route=\/wp\/v2\/pages\/931","targetHints":{"allow":["GET"]}}],"collection":[{"href":"https:\/\/zug-bilder.de\/index.php?rest_route=\/wp\/v2\/pages"}],"about":[{"href":"https:\/\/zug-bilder.de\/index.php?rest_route=\/wp\/v2\/types\/page"}],"author":[{"embeddable":true,"href":"https:\/\/zug-bilder.de\/index.php?rest_route=\/wp\/v2\/users\/1"}],"replies":[{"embeddable":true,"href":"https:\/\/zug-bilder.de\/index.php?rest_route=%2Fwp%2Fv2%2Fcomments&post=931"}],"version-history":[{"count":5,"href":"https:\/\/zug-bilder.de\/index.php?rest_route=\/wp\/v2\/pages\/931\/revisions"}],"predecessor-version":[{"id":7016,"href":"https:\/\/zug-bilder.de\/index.php?rest_route=\/wp\/v2\/pages\/931\/revisions\/7016"}],"wp:attachment":[{"href":"https:\/\/zug-bilder.de\/index.php?rest_route=%2Fwp%2Fv2%2Fmedia&parent=931"}],"curies":[{"name":"wp","href":"https:\/\/api.w.org\/{rel}","templated":true}]}}