{"id":941,"date":"2018-10-27T15:01:29","date_gmt":"2018-10-27T15:01:29","guid":{"rendered":"https:\/\/zug-bilder.de\/?page_id=941"},"modified":"2024-10-13T12:45:03","modified_gmt":"2024-10-13T12:45:03","slug":"93-80-5411","status":"publish","type":"page","link":"https:\/\/zug-bilder.de\/?page_id=941","title":{"rendered":"93 80 5411"},"content":{"rendered":"\n<div class=\"wp-block-columns is-layout-flex wp-container-core-columns-is-layout-9d6595d7 wp-block-columns-is-layout-flex\">\n<div class=\"wp-block-column is-layout-flow wp-block-column-is-layout-flow\">\n<figure class=\"wp-block-image size-full\"><a href=\"https:\/\/zug-bilder.de\/wp-content\/uploads\/2018\/10\/1000-93-80-5411-008-6-D-DB_180319_M\u00fcnchenHbf.jpg\"><img loading=\"lazy\" decoding=\"async\" width=\"1000\" height=\"682\" src=\"https:\/\/zug-bilder.de\/wp-content\/uploads\/2018\/10\/1000-93-80-5411-008-6-D-DB_180319_M\u00fcnchenHbf.jpg\" alt=\"\" class=\"wp-image-946\" srcset=\"https:\/\/zug-bilder.de\/wp-content\/uploads\/2018\/10\/1000-93-80-5411-008-6-D-DB_180319_M\u00fcnchenHbf.jpg 1000w, https:\/\/zug-bilder.de\/wp-content\/uploads\/2018\/10\/1000-93-80-5411-008-6-D-DB_180319_M\u00fcnchenHbf-300x205.jpg 300w, https:\/\/zug-bilder.de\/wp-content\/uploads\/2018\/10\/1000-93-80-5411-008-6-D-DB_180319_M\u00fcnchenHbf-768x524.jpg 768w\" sizes=\"auto, (max-width: 1000px) 100vw, 1000px\" \/><\/a><\/figure>\n<\/div>\n\n\n\n<div class=\"wp-block-column is-layout-flow wp-block-column-is-layout-flow\">\n<p><strong>93 80 5411 008-6 D-DB<br><\/strong><em>(Triebzug 1108 &#8222;Berlin&#8220; &#8211; Wagen 1)<\/em><strong><br><\/strong>19.03.2018<br><img loading=\"lazy\" decoding=\"async\" width=\"33\" height=\"20\" class=\"wp-image-5706\" style=\"width: 33px;\" src=\"https:\/\/zug-bilder.de\/wp-content\/uploads\/2023\/04\/Flagge_Deutschland.jpg\" alt=\"\"> M\u00fcnchen Hbf<\/p>\n<\/div>\n<\/div>\n\n\n\n<div class=\"wp-block-columns is-layout-flex wp-container-core-columns-is-layout-9d6595d7 wp-block-columns-is-layout-flex\">\n<div class=\"wp-block-column is-layout-flow wp-block-column-is-layout-flow\">\n<figure class=\"wp-block-image size-full\"><a href=\"https:\/\/zug-bilder.de\/wp-content\/uploads\/2018\/10\/1000-93-80-5411-508-5-D-DB_180319_M\u00fcnchenHbf.jpg\"><img loading=\"lazy\" decoding=\"async\" width=\"1000\" height=\"682\" src=\"https:\/\/zug-bilder.de\/wp-content\/uploads\/2018\/10\/1000-93-80-5411-508-5-D-DB_180319_M\u00fcnchenHbf.jpg\" alt=\"\" class=\"wp-image-942\" srcset=\"https:\/\/zug-bilder.de\/wp-content\/uploads\/2018\/10\/1000-93-80-5411-508-5-D-DB_180319_M\u00fcnchenHbf.jpg 1000w, https:\/\/zug-bilder.de\/wp-content\/uploads\/2018\/10\/1000-93-80-5411-508-5-D-DB_180319_M\u00fcnchenHbf-300x205.jpg 300w, https:\/\/zug-bilder.de\/wp-content\/uploads\/2018\/10\/1000-93-80-5411-508-5-D-DB_180319_M\u00fcnchenHbf-768x524.jpg 768w\" sizes=\"auto, (max-width: 1000px) 100vw, 1000px\" \/><\/a><\/figure>\n<\/div>\n\n\n\n<div class=\"wp-block-column is-layout-flow wp-block-column-is-layout-flow\">\n<p><strong>93 80 5411 508-5 D-DB<br><\/strong><em>(Triebzug 1108 &#8222;Berlin&#8220; &#8211; Wagen 7)<\/em><br>19.03.2018<br><img loading=\"lazy\" decoding=\"async\" width=\"33\" height=\"20\" class=\"wp-image-5706\" style=\"width: 33px;\" src=\"https:\/\/zug-bilder.de\/wp-content\/uploads\/2023\/04\/Flagge_Deutschland.jpg\" alt=\"\"> M\u00fcnchen Hbf<\/p>\n<\/div>\n<\/div>\n\n\n\n<div class=\"wp-block-columns is-layout-flex wp-container-core-columns-is-layout-9d6595d7 wp-block-columns-is-layout-flex\">\n<div class=\"wp-block-column is-layout-flow wp-block-column-is-layout-flow\">\n<figure class=\"wp-block-image size-full\"><a href=\"https:\/\/zug-bilder.de\/wp-content\/uploads\/2018\/10\/1000-93-80-5411-012-8-D-DB_181006_M\u00fcnchenHbf_ICE1502.jpg\"><img loading=\"lazy\" decoding=\"async\" width=\"1000\" height=\"682\" src=\"https:\/\/zug-bilder.de\/wp-content\/uploads\/2018\/10\/1000-93-80-5411-012-8-D-DB_181006_M\u00fcnchenHbf_ICE1502.jpg\" alt=\"\" class=\"wp-image-960\" srcset=\"https:\/\/zug-bilder.de\/wp-content\/uploads\/2018\/10\/1000-93-80-5411-012-8-D-DB_181006_M\u00fcnchenHbf_ICE1502.jpg 1000w, https:\/\/zug-bilder.de\/wp-content\/uploads\/2018\/10\/1000-93-80-5411-012-8-D-DB_181006_M\u00fcnchenHbf_ICE1502-300x205.jpg 300w, https:\/\/zug-bilder.de\/wp-content\/uploads\/2018\/10\/1000-93-80-5411-012-8-D-DB_181006_M\u00fcnchenHbf_ICE1502-768x524.jpg 768w\" sizes=\"auto, (max-width: 1000px) 100vw, 1000px\" \/><\/a><\/figure>\n<\/div>\n\n\n\n<div class=\"wp-block-column is-layout-flow wp-block-column-is-layout-flow\">\n<p><strong>93 80 5411 012-8 D-DB<br><\/strong><em>(Triebzug 1112 <em>&#8222;Freie und Hansestadt Hamburg&#8220;<\/em><\/em> <em>&#8211; Wagen 7)<\/em><strong><br><\/strong>06.10.2018<br><img loading=\"lazy\" decoding=\"async\" width=\"33\" height=\"20\" class=\"wp-image-5706\" style=\"width: 33px;\" src=\"https:\/\/zug-bilder.de\/wp-content\/uploads\/2023\/04\/Flagge_Deutschland.jpg\" alt=\"\"> M\u00fcnchen Hbf<br><em>ICE 1502<\/em><br><em>M\u00fcnchen Hbf &#8211; Berlin Hbf<\/em><\/p>\n<\/div>\n<\/div>\n\n\n\n<div class=\"wp-block-columns is-layout-flex wp-container-core-columns-is-layout-9d6595d7 wp-block-columns-is-layout-flex\">\n<div class=\"wp-block-column is-layout-flow wp-block-column-is-layout-flow\">\n<figure class=\"wp-block-image size-full\"><a href=\"https:\/\/zug-bilder.de\/wp-content\/uploads\/2019\/01\/1000-93-80-5411-559-8-D-DB_180730_M\u00fcnchenHeimeranplatz.jpg\"><img loading=\"lazy\" decoding=\"async\" width=\"1000\" height=\"682\" src=\"https:\/\/zug-bilder.de\/wp-content\/uploads\/2019\/01\/1000-93-80-5411-559-8-D-DB_180730_M\u00fcnchenHeimeranplatz.jpg\" alt=\"\" class=\"wp-image-1271\" srcset=\"https:\/\/zug-bilder.de\/wp-content\/uploads\/2019\/01\/1000-93-80-5411-559-8-D-DB_180730_M\u00fcnchenHeimeranplatz.jpg 1000w, https:\/\/zug-bilder.de\/wp-content\/uploads\/2019\/01\/1000-93-80-5411-559-8-D-DB_180730_M\u00fcnchenHeimeranplatz-300x205.jpg 300w, https:\/\/zug-bilder.de\/wp-content\/uploads\/2019\/01\/1000-93-80-5411-559-8-D-DB_180730_M\u00fcnchenHeimeranplatz-768x524.jpg 768w\" sizes=\"auto, (max-width: 1000px) 100vw, 1000px\" \/><\/a><\/figure>\n<\/div>\n\n\n\n<div class=\"wp-block-column is-layout-flow wp-block-column-is-layout-flow\">\n<p><strong>93 80 5411 559-8 D-DB<br><\/strong><em>(Triebzug 1159 &#8222;Passau&#8220; &#8211; Wagen 7)<\/em><br>30.07.2018<br><img loading=\"lazy\" decoding=\"async\" width=\"33\" height=\"20\" class=\"wp-image-5706\" style=\"width: 33px;\" src=\"https:\/\/zug-bilder.de\/wp-content\/uploads\/2023\/04\/Flagge_Deutschland.jpg\" alt=\"\"> M\u00fcnchen Heimeranplatz<\/p>\n<\/div>\n<\/div>\n\n\n\n<div class=\"wp-block-columns is-layout-flex wp-container-core-columns-is-layout-9d6595d7 wp-block-columns-is-layout-flex\">\n<div class=\"wp-block-column is-layout-flow wp-block-column-is-layout-flow\">\n<figure class=\"wp-block-image size-full\"><a href=\"https:\/\/zug-bilder.de\/wp-content\/uploads\/2021\/11\/1000-93-80-5411-565-5-D-DB_210529_WienHbf_ICE23.jpg\"><img loading=\"lazy\" decoding=\"async\" width=\"1000\" height=\"682\" src=\"https:\/\/zug-bilder.de\/wp-content\/uploads\/2021\/11\/1000-93-80-5411-565-5-D-DB_210529_WienHbf_ICE23.jpg\" alt=\"\" class=\"wp-image-4869\" srcset=\"https:\/\/zug-bilder.de\/wp-content\/uploads\/2021\/11\/1000-93-80-5411-565-5-D-DB_210529_WienHbf_ICE23.jpg 1000w, https:\/\/zug-bilder.de\/wp-content\/uploads\/2021\/11\/1000-93-80-5411-565-5-D-DB_210529_WienHbf_ICE23-300x205.jpg 300w, https:\/\/zug-bilder.de\/wp-content\/uploads\/2021\/11\/1000-93-80-5411-565-5-D-DB_210529_WienHbf_ICE23-768x524.jpg 768w\" sizes=\"auto, (max-width: 1000px) 100vw, 1000px\" \/><\/a><\/figure>\n<\/div>\n\n\n\n<div class=\"wp-block-column is-layout-flow wp-block-column-is-layout-flow\">\n<p><strong>93 80 5411 565-5 D-DB<br><\/strong><em><span><i>(Triebzug 1165 <\/i>&#8222;Bad Oeynhausen&#8220;<\/span> &#8211; Wagen 7)<\/em><br>29.05.2021<br><img loading=\"lazy\" decoding=\"async\" width=\"30\" height=\"20\" class=\"wp-image-5711\" style=\"width: 30px;\" src=\"https:\/\/zug-bilder.de\/wp-content\/uploads\/2023\/04\/Flagge_Oesterreich.jpg\" alt=\"\"> Wien Hbf<br><em>ICE 23<\/em><br><em>Dortmund Hbf &#8211; Wien Hbf<\/em><\/p>\n<\/div>\n<\/div>\n\n\n\n<div class=\"wp-block-columns is-layout-flex wp-container-core-columns-is-layout-9d6595d7 wp-block-columns-is-layout-flex\">\n<div class=\"wp-block-column is-layout-flow wp-block-column-is-layout-flow\">\n<figure class=\"wp-block-image size-full\"><a href=\"https:\/\/zug-bilder.de\/wp-content\/uploads\/2024\/03\/1000-93-80-5411-076-3-D-DB_140510_RegensburgOst_ICE21.jpg\"><img loading=\"lazy\" decoding=\"async\" width=\"1000\" height=\"682\" src=\"https:\/\/zug-bilder.de\/wp-content\/uploads\/2024\/03\/1000-93-80-5411-076-3-D-DB_140510_RegensburgOst_ICE21.jpg\" alt=\"\" class=\"wp-image-6362\" srcset=\"https:\/\/zug-bilder.de\/wp-content\/uploads\/2024\/03\/1000-93-80-5411-076-3-D-DB_140510_RegensburgOst_ICE21.jpg 1000w, https:\/\/zug-bilder.de\/wp-content\/uploads\/2024\/03\/1000-93-80-5411-076-3-D-DB_140510_RegensburgOst_ICE21-300x205.jpg 300w, https:\/\/zug-bilder.de\/wp-content\/uploads\/2024\/03\/1000-93-80-5411-076-3-D-DB_140510_RegensburgOst_ICE21-768x524.jpg 768w\" sizes=\"auto, (max-width: 1000px) 100vw, 1000px\" \/><\/a><\/figure>\n<\/div>\n\n\n\n<div class=\"wp-block-column is-layout-flow wp-block-column-is-layout-flow\">\n<p><strong>93 80 5411 076-3 D-DB<\/strong><br><em>(Triebzug 1176 &#8222;Coburg&#8220;)<\/em><br>10.05.2014<br><img loading=\"lazy\" decoding=\"async\" width=\"33\" height=\"20\" class=\"wp-image-5706\" style=\"width: 33px;\" src=\"https:\/\/zug-bilder.de\/wp-content\/uploads\/2023\/04\/Flagge_Deutschland.jpg\" alt=\"\"> Regensburg Ost<br><em>ICE 21<br>Frankfurt (Main) Hbf &#8211; Wien Westbahnhof<\/em><\/p>\n<\/div>\n<\/div>\n\n\n\n<div class=\"wp-block-columns is-layout-flex wp-container-core-columns-is-layout-9d6595d7 wp-block-columns-is-layout-flex\">\n<div class=\"wp-block-column is-layout-flow wp-block-column-is-layout-flow\">\n<figure class=\"wp-block-image size-full\"><a href=\"https:\/\/zug-bilder.de\/wp-content\/uploads\/2019\/10\/1000-93-80-5411-084-7-D-DB_190609_WienHbf_ICE27.jpg\"><img loading=\"lazy\" decoding=\"async\" width=\"1000\" height=\"682\" src=\"https:\/\/zug-bilder.de\/wp-content\/uploads\/2019\/10\/1000-93-80-5411-084-7-D-DB_190609_WienHbf_ICE27.jpg\" alt=\"\" class=\"wp-image-2494\" srcset=\"https:\/\/zug-bilder.de\/wp-content\/uploads\/2019\/10\/1000-93-80-5411-084-7-D-DB_190609_WienHbf_ICE27.jpg 1000w, https:\/\/zug-bilder.de\/wp-content\/uploads\/2019\/10\/1000-93-80-5411-084-7-D-DB_190609_WienHbf_ICE27-300x205.jpg 300w, https:\/\/zug-bilder.de\/wp-content\/uploads\/2019\/10\/1000-93-80-5411-084-7-D-DB_190609_WienHbf_ICE27-768x524.jpg 768w\" sizes=\"auto, (max-width: 1000px) 100vw, 1000px\" \/><\/a><\/figure>\n<\/div>\n\n\n\n<div class=\"wp-block-column is-layout-flow wp-block-column-is-layout-flow\">\n<p><strong>93 80 5411 084-7 D-DB<br><\/strong><em>(Triebzug 1184 <em>&#8222;Kaiserslautern&#8220;<\/em><\/em> <em>&#8211; Wagen 1)<\/em><strong><br><\/strong>09.06.2019<br><img loading=\"lazy\" decoding=\"async\" width=\"30\" height=\"20\" class=\"wp-image-5711\" style=\"width: 30px;\" src=\"https:\/\/zug-bilder.de\/wp-content\/uploads\/2023\/04\/Flagge_Oesterreich.jpg\" alt=\"\"> Wien Hbf<br><em>ICE 27<\/em><br><em>Dortmund Hbf &#8211; Wien Hbf<\/em><\/p>\n<\/div>\n<\/div>\n\n\n\n<div class=\"wp-block-columns is-layout-flex wp-container-core-columns-is-layout-9d6595d7 wp-block-columns-is-layout-flex\">\n<div class=\"wp-block-column is-layout-flow wp-block-column-is-layout-flow\">\n<figure class=\"wp-block-image size-full\"><a href=\"https:\/\/zug-bilder.de\/wp-content\/uploads\/2019\/12\/1000-93-80-5411-584-6-D-DB_190609_WienHbf_ICE27.jpg\"><img loading=\"lazy\" decoding=\"async\" width=\"1000\" height=\"682\" src=\"https:\/\/zug-bilder.de\/wp-content\/uploads\/2019\/12\/1000-93-80-5411-584-6-D-DB_190609_WienHbf_ICE27.jpg\" alt=\"\" class=\"wp-image-3081\" srcset=\"https:\/\/zug-bilder.de\/wp-content\/uploads\/2019\/12\/1000-93-80-5411-584-6-D-DB_190609_WienHbf_ICE27.jpg 1000w, https:\/\/zug-bilder.de\/wp-content\/uploads\/2019\/12\/1000-93-80-5411-584-6-D-DB_190609_WienHbf_ICE27-300x205.jpg 300w, https:\/\/zug-bilder.de\/wp-content\/uploads\/2019\/12\/1000-93-80-5411-584-6-D-DB_190609_WienHbf_ICE27-768x524.jpg 768w\" sizes=\"auto, (max-width: 1000px) 100vw, 1000px\" \/><\/a><\/figure>\n<\/div>\n\n\n\n<div class=\"wp-block-column is-layout-flow wp-block-column-is-layout-flow\">\n<p><strong>93 80 5411 584-6 D-DB<br><\/strong><em>(Triebzug 1184 &#8222;Kaiserslautern&#8220; &#8211; Wagen 7)<\/em><br>09.06.2019<br><img loading=\"lazy\" decoding=\"async\" width=\"30\" height=\"20\" class=\"wp-image-5711\" style=\"width: 30px;\" src=\"https:\/\/zug-bilder.de\/wp-content\/uploads\/2023\/04\/Flagge_Oesterreich.jpg\" alt=\"\"> Wien Hbf<br><em>ICE 27<\/em><br><em>Dortmund Hbf &#8211; Wien Hbf<\/em><\/p>\n<\/div>\n<\/div>\n\n\n\n<p>\u200b<\/p>\n","protected":false},"excerpt":{"rendered":"<p>93 80 5411 008-6 D-DB(Triebzug 1108 &#8222;Berlin&#8220; &#8211; Wagen 1)19.03.2018 M\u00fcnchen Hbf 93 80 5411 508-5 D-DB(Triebzug 1108 &#8222;Berlin&#8220; &#8211; Wagen 7)19.03.2018 M\u00fcnchen Hbf 93 80 5411 012-8 D-DB(Triebzug 1112 &#8222;Freie und Hansestadt Hamburg&#8220; &#8211; Wagen 7)06.10.2018 M\u00fcnchen HbfICE 1502M\u00fcnchen Hbf &#8211; Berlin Hbf 93 80 5411 559-8 D-DB(Triebzug 1159 &#8222;Passau&#8220; &#8211; Wagen 7)30.07.2018 M\u00fcnchen &hellip; <a href=\"https:\/\/zug-bilder.de\/?page_id=941\" class=\"more-link\"><span class=\"screen-reader-text\">93 80 5411<\/span> weiterlesen<\/a><\/p>\n","protected":false},"author":1,"featured_media":0,"parent":0,"menu_order":0,"comment_status":"closed","ping_status":"closed","template":"","meta":{"footnotes":""},"class_list":["post-941","page","type-page","status-publish","hentry"],"_links":{"self":[{"href":"https:\/\/zug-bilder.de\/index.php?rest_route=\/wp\/v2\/pages\/941","targetHints":{"allow":["GET"]}}],"collection":[{"href":"https:\/\/zug-bilder.de\/index.php?rest_route=\/wp\/v2\/pages"}],"about":[{"href":"https:\/\/zug-bilder.de\/index.php?rest_route=\/wp\/v2\/types\/page"}],"author":[{"embeddable":true,"href":"https:\/\/zug-bilder.de\/index.php?rest_route=\/wp\/v2\/users\/1"}],"replies":[{"embeddable":true,"href":"https:\/\/zug-bilder.de\/index.php?rest_route=%2Fwp%2Fv2%2Fcomments&post=941"}],"version-history":[{"count":31,"href":"https:\/\/zug-bilder.de\/index.php?rest_route=\/wp\/v2\/pages\/941\/revisions"}],"predecessor-version":[{"id":7068,"href":"https:\/\/zug-bilder.de\/index.php?rest_route=\/wp\/v2\/pages\/941\/revisions\/7068"}],"wp:attachment":[{"href":"https:\/\/zug-bilder.de\/index.php?rest_route=%2Fwp%2Fv2%2Fmedia&parent=941"}],"curies":[{"name":"wp","href":"https:\/\/api.w.org\/{rel}","templated":true}]}}