{"id":989,"date":"2018-10-30T15:15:23","date_gmt":"2018-10-30T15:15:23","guid":{"rendered":"https:\/\/zug-bilder.de\/?page_id=989"},"modified":"2018-12-27T12:08:22","modified_gmt":"2018-12-27T12:08:22","slug":"d-dbpbzfa-765-5","status":"publish","type":"page","link":"https:\/\/zug-bilder.de\/?page_id=989","title":{"rendered":"D &#8211; DBpbzfa 765.5"},"content":{"rendered":"<table style=\"border-collapse: collapse; width: 100%;\" border=\"1\">\n<tbody>\n<tr>\n<td style=\"width: 50%;\"><a href=\"https:\/\/zug-bilder.de\/wp-content\/uploads\/2018\/10\/1000-D-DB-50-80-86-75-083-5_181029_M\u00fcnchenHeimeranplatz_RB27031.jpg\"><img loading=\"lazy\" decoding=\"async\" class=\"alignnone size-medium wp-image-990\" src=\"https:\/\/zug-bilder.de\/wp-content\/uploads\/2018\/10\/1000-D-DB-50-80-86-75-083-5_181029_M\u00fcnchenHeimeranplatz_RB27031-300x205.jpg\" alt=\"\" width=\"300\" height=\"205\" srcset=\"https:\/\/zug-bilder.de\/wp-content\/uploads\/2018\/10\/1000-D-DB-50-80-86-75-083-5_181029_M\u00fcnchenHeimeranplatz_RB27031-300x205.jpg 300w, https:\/\/zug-bilder.de\/wp-content\/uploads\/2018\/10\/1000-D-DB-50-80-86-75-083-5_181029_M\u00fcnchenHeimeranplatz_RB27031-768x524.jpg 768w, https:\/\/zug-bilder.de\/wp-content\/uploads\/2018\/10\/1000-D-DB-50-80-86-75-083-5_181029_M\u00fcnchenHeimeranplatz_RB27031.jpg 1000w\" sizes=\"auto, (max-width: 300px) 100vw, 300px\" \/><\/a><\/td>\n<td style=\"width: 50%; vertical-align: middle;\"><strong>D-DB 50 80 86-75 083-5<\/strong><br \/>\n29.10.2018<br \/>\nM\u00fcnchen Heimeranplatz<br \/>\n<em>RB 27031<\/em><br \/>\n<em>M\u00fcnchen Hbf &#8211; M\u00fchldorf (Oberbay)<\/em><\/td>\n<\/tr>\n<tr>\n<td style=\"width: 50%;\"><a href=\"https:\/\/zug-bilder.de\/wp-content\/uploads\/2018\/12\/1000-D-DB-50-80-86-75-091-8_070425_M\u00fchldorf.jpg\"><img loading=\"lazy\" decoding=\"async\" class=\"alignnone size-medium wp-image-1177\" src=\"https:\/\/zug-bilder.de\/wp-content\/uploads\/2018\/12\/1000-D-DB-50-80-86-75-091-8_070425_M\u00fchldorf-300x205.jpg\" alt=\"\" width=\"300\" height=\"205\" srcset=\"https:\/\/zug-bilder.de\/wp-content\/uploads\/2018\/12\/1000-D-DB-50-80-86-75-091-8_070425_M\u00fchldorf-300x205.jpg 300w, https:\/\/zug-bilder.de\/wp-content\/uploads\/2018\/12\/1000-D-DB-50-80-86-75-091-8_070425_M\u00fchldorf-768x524.jpg 768w, https:\/\/zug-bilder.de\/wp-content\/uploads\/2018\/12\/1000-D-DB-50-80-86-75-091-8_070425_M\u00fchldorf.jpg 1000w\" sizes=\"auto, (max-width: 300px) 100vw, 300px\" \/><\/a><\/td>\n<td style=\"width: 50%; vertical-align: middle;\"><strong>D-DB 50 80 86-75 091-8<br \/>\n<\/strong>25.04.2007<br \/>\nM\u00fchldorf (Oberbay)<\/td>\n<\/tr>\n<tr>\n<td style=\"width: 50%;\"><a href=\"https:\/\/zug-bilder.de\/wp-content\/uploads\/2018\/12\/1000-D-DB-50-80-86-75-091-8_070425_M\u00fchldorf_2.jpg\"><img loading=\"lazy\" decoding=\"async\" class=\"alignnone size-medium wp-image-1180\" src=\"https:\/\/zug-bilder.de\/wp-content\/uploads\/2018\/12\/1000-D-DB-50-80-86-75-091-8_070425_M\u00fchldorf_2-300x205.jpg\" alt=\"\" width=\"300\" height=\"205\" srcset=\"https:\/\/zug-bilder.de\/wp-content\/uploads\/2018\/12\/1000-D-DB-50-80-86-75-091-8_070425_M\u00fchldorf_2-300x205.jpg 300w, https:\/\/zug-bilder.de\/wp-content\/uploads\/2018\/12\/1000-D-DB-50-80-86-75-091-8_070425_M\u00fchldorf_2-768x524.jpg 768w, https:\/\/zug-bilder.de\/wp-content\/uploads\/2018\/12\/1000-D-DB-50-80-86-75-091-8_070425_M\u00fchldorf_2.jpg 1000w\" sizes=\"auto, (max-width: 300px) 100vw, 300px\" \/><\/a><\/td>\n<td style=\"width: 50%; vertical-align: middle;\"><strong>D-DB 50 80 86-75 091-8<br \/>\n<\/strong>25.04.2007<br \/>\nM\u00fchldorf (Oberbay)<\/td>\n<\/tr>\n<tr>\n<td style=\"width: 50%;\"><a href=\"https:\/\/zug-bilder.de\/wp-content\/uploads\/2018\/12\/1000-D-DB-50-80-86-75-091-8_070425_M\u00fchldorf_3.jpg\"><img loading=\"lazy\" decoding=\"async\" class=\"alignnone size-medium wp-image-1182\" src=\"https:\/\/zug-bilder.de\/wp-content\/uploads\/2018\/12\/1000-D-DB-50-80-86-75-091-8_070425_M\u00fchldorf_3-300x205.jpg\" alt=\"\" width=\"300\" height=\"205\" srcset=\"https:\/\/zug-bilder.de\/wp-content\/uploads\/2018\/12\/1000-D-DB-50-80-86-75-091-8_070425_M\u00fchldorf_3-300x205.jpg 300w, https:\/\/zug-bilder.de\/wp-content\/uploads\/2018\/12\/1000-D-DB-50-80-86-75-091-8_070425_M\u00fchldorf_3-768x524.jpg 768w, https:\/\/zug-bilder.de\/wp-content\/uploads\/2018\/12\/1000-D-DB-50-80-86-75-091-8_070425_M\u00fchldorf_3.jpg 1000w\" sizes=\"auto, (max-width: 300px) 100vw, 300px\" \/><\/a><\/td>\n<td style=\"width: 50%; vertical-align: middle;\"><strong>D-DB 50 80 86-75 091-8<br \/>\n<\/strong>25.04.2007<br \/>\nM\u00fchldorf (Oberbay)<\/td>\n<\/tr>\n<tr>\n<td style=\"width: 50%;\"><a href=\"https:\/\/zug-bilder.de\/wp-content\/uploads\/2018\/12\/1000-D-DB-50-80-86-75-092-6_170411_M\u00fcnchenHeimeranplatz_RB27055.jpg\"><img loading=\"lazy\" decoding=\"async\" class=\"alignnone size-medium wp-image-1184\" src=\"https:\/\/zug-bilder.de\/wp-content\/uploads\/2018\/12\/1000-D-DB-50-80-86-75-092-6_170411_M\u00fcnchenHeimeranplatz_RB27055-300x205.jpg\" alt=\"\" width=\"300\" height=\"205\" srcset=\"https:\/\/zug-bilder.de\/wp-content\/uploads\/2018\/12\/1000-D-DB-50-80-86-75-092-6_170411_M\u00fcnchenHeimeranplatz_RB27055-300x205.jpg 300w, https:\/\/zug-bilder.de\/wp-content\/uploads\/2018\/12\/1000-D-DB-50-80-86-75-092-6_170411_M\u00fcnchenHeimeranplatz_RB27055-768x524.jpg 768w, https:\/\/zug-bilder.de\/wp-content\/uploads\/2018\/12\/1000-D-DB-50-80-86-75-092-6_170411_M\u00fcnchenHeimeranplatz_RB27055.jpg 1000w\" sizes=\"auto, (max-width: 300px) 100vw, 300px\" \/><\/a><\/td>\n<td style=\"width: 50%; vertical-align: middle;\"><strong>D-DB 50 80 86-75 092-6<br \/>\n<\/strong>11.04.2017<br \/>\nM\u00fcnchen Heimeranplatz<br \/>\n<em>RB 27055<\/em><br \/>\n<em>M\u00fcnchen Hbf &#8211; M\u00fchldorf (Oberbay)<\/em><\/td>\n<\/tr>\n<tr>\n<td style=\"width: 50%;\"><a href=\"https:\/\/zug-bilder.de\/wp-content\/uploads\/2018\/12\/1000-D-DB-50-80-86-75-092-6_180210_M\u00fchldorf_RB27049.jpg\"><img loading=\"lazy\" decoding=\"async\" class=\"alignnone size-medium wp-image-1185\" src=\"https:\/\/zug-bilder.de\/wp-content\/uploads\/2018\/12\/1000-D-DB-50-80-86-75-092-6_180210_M\u00fchldorf_RB27049-300x205.jpg\" alt=\"\" width=\"300\" height=\"205\" srcset=\"https:\/\/zug-bilder.de\/wp-content\/uploads\/2018\/12\/1000-D-DB-50-80-86-75-092-6_180210_M\u00fchldorf_RB27049-300x205.jpg 300w, https:\/\/zug-bilder.de\/wp-content\/uploads\/2018\/12\/1000-D-DB-50-80-86-75-092-6_180210_M\u00fchldorf_RB27049-768x524.jpg 768w, https:\/\/zug-bilder.de\/wp-content\/uploads\/2018\/12\/1000-D-DB-50-80-86-75-092-6_180210_M\u00fchldorf_RB27049.jpg 1000w\" sizes=\"auto, (max-width: 300px) 100vw, 300px\" \/><\/a><\/td>\n<td style=\"width: 50%; vertical-align: middle;\"><strong>D-DB 50 80 86-75 092-6<br \/>\n<\/strong>10.02.2018<br \/>\nM\u00fchldorf (Oberbay)<br \/>\n<em>RB 27049<\/em><br \/>\n<em>M\u00fcnchen Hbf &#8211; M\u00fchldorf (Oberbay)<\/em><\/td>\n<\/tr>\n<\/tbody>\n<\/table>\n","protected":false},"excerpt":{"rendered":"<p>D-DB 50 80 86-75 083-5 29.10.2018 M\u00fcnchen Heimeranplatz RB 27031 M\u00fcnchen Hbf &#8211; M\u00fchldorf (Oberbay) D-DB 50 80 86-75 091-8 25.04.2007 M\u00fchldorf (Oberbay) D-DB 50 80 86-75 091-8 25.04.2007 M\u00fchldorf (Oberbay) D-DB 50 80 86-75 091-8 25.04.2007 M\u00fchldorf (Oberbay) D-DB 50 80 86-75 092-6 11.04.2017 M\u00fcnchen Heimeranplatz RB 27055 M\u00fcnchen Hbf &#8211; M\u00fchldorf (Oberbay) D-DB &hellip; <a href=\"https:\/\/zug-bilder.de\/?page_id=989\" class=\"more-link\"><span class=\"screen-reader-text\">D &#8211; DBpbzfa 765.5<\/span> weiterlesen<\/a><\/p>\n","protected":false},"author":1,"featured_media":0,"parent":0,"menu_order":0,"comment_status":"closed","ping_status":"closed","template":"","meta":{"footnotes":""},"class_list":["post-989","page","type-page","status-publish","hentry"],"_links":{"self":[{"href":"https:\/\/zug-bilder.de\/index.php?rest_route=\/wp\/v2\/pages\/989","targetHints":{"allow":["GET"]}}],"collection":[{"href":"https:\/\/zug-bilder.de\/index.php?rest_route=\/wp\/v2\/pages"}],"about":[{"href":"https:\/\/zug-bilder.de\/index.php?rest_route=\/wp\/v2\/types\/page"}],"author":[{"embeddable":true,"href":"https:\/\/zug-bilder.de\/index.php?rest_route=\/wp\/v2\/users\/1"}],"replies":[{"embeddable":true,"href":"https:\/\/zug-bilder.de\/index.php?rest_route=%2Fwp%2Fv2%2Fcomments&post=989"}],"version-history":[{"count":7,"href":"https:\/\/zug-bilder.de\/index.php?rest_route=\/wp\/v2\/pages\/989\/revisions"}],"predecessor-version":[{"id":1186,"href":"https:\/\/zug-bilder.de\/index.php?rest_route=\/wp\/v2\/pages\/989\/revisions\/1186"}],"wp:attachment":[{"href":"https:\/\/zug-bilder.de\/index.php?rest_route=%2Fwp%2Fv2%2Fmedia&parent=989"}],"curies":[{"name":"wp","href":"https:\/\/api.w.org\/{rel}","templated":true}]}}